{"id":854,"date":"2017-04-21T10:52:11","date_gmt":"2017-04-21T09:52:11","guid":{"rendered":"https:\/\/www.chaletaltitude1600.com\/about\/"},"modified":"2017-12-20T15:08:17","modified_gmt":"2017-12-20T15:08:17","slug":"a-propos","status":"publish","type":"page","link":"https:\/\/www.chaletaltitude1600.com\/fr\/a-propos\/","title":{"rendered":"\u00c1 propos"},"content":{"rendered":"<p>Notre famille a visit\u00e9 Haute-Nendaz depuis plus de 30 ans. Je suis tomb\u00e9 amoureux du village et des conditions de ski quand j&rsquo;\u00e9tais jeune, \u00e0 tel point que, en 2005, ma femme, Jo\u00eblle et moi, en avons fait notre chez nous.<\/p>\n<p>Nos quatre enfants ont tous grandis maintenant et vivent des vies internationales, mais c&rsquo;est l&rsquo;endroit o\u00f9 nous nous r\u00e9unissons tous et on SKI, SKI, SKI ! Nous sommes une famille de skieurs avides ! En fait, nous aimons tous les sports de montagne, et Nendaz est l&rsquo;endroit id\u00e9al pour toutes les activit\u00e9s o\u00f9 la neige est impliqu\u00e9e.<\/p>\n<p>Nous aimons aussi nous unir \u00e0 Nendaz pour les r\u00e9unions de famille d&rsquo;\u00e9t\u00e9. Lorsque les temp\u00e9ratures confortables de la montagne permettent une randonn\u00e9e parfaite et un sport d&rsquo;aventure, et les manteaux de neige, se transforment en manteaux de fleurs alpines et de p\u00e2turages couleur \u00e9meraude.<\/p>\n<p>Nous ne pouvons pas penser \u00e0 une destination plus parfaite disponible toute l&rsquo;ann\u00e9e pour les amateurs alpins.<\/p>\n<p>Nous aimons l&rsquo;air frais et la multitude d&rsquo;activit\u00e9s ici \u00e0 Nendaz, mais nous aimons aussi nous d\u00e9tendre apr\u00e8s une journ\u00e9e compl\u00e8te sur la piste. S&rsquo;asseoir en famille avec un d\u00e9licieux repas et ouvrir un vin valaisan de notre cave \u00e0 vin. Un vin produit localement qui a une excellente r\u00e9putation aupr\u00e8s des connaisseurs de vins du monde, et pourtant relativement inconnu, comme la plupart des vins suisses, en raison de sa petite production. Nous sommes heureux de le garder ainsi ! Petit et exclusif, tout comme Haute-Nendaz !<\/p>\n<p>Nous esp\u00e9rons vous accueillir dans notre luxueux Chalet Altitude 1600 bient\u00f4t !<\/p>\n<p><strong>Philippe, Jo\u00eblle, Julien, J\u00e9r\u00e9mie, Damien<\/strong><strong>, \u00c9milie<\/strong><\/p>\n","protected":false},"excerpt":{"rendered":"<p>Notre famille a visit\u00e9 Haute-Nendaz depuis plus de 30 ans. Je suis tomb\u00e9 amoureux du village et des conditions de ski quand j&rsquo;\u00e9tais jeune, \u00e0 tel point que, en 2005, ma femme, Jo\u00eblle et moi, en avons fait notre chez nous. Nos quatre enfants ont tous grandis maintenant et vivent des vies internationales, mais c&rsquo;est [&hellip;]<\/p>\n","protected":false},"author":1,"featured_media":0,"parent":0,"menu_order":0,"comment_status":"closed","ping_status":"closed","template":"page-parent.php","meta":{"_acf_changed":false,"footnotes":""},"class_list":["post-854","page","type-page","status-publish","hentry"],"acf":[],"yoast_head":"<!-- This site is optimized with the Yoast SEO plugin v24.1 - https:\/\/yoast.com\/wordpress\/plugins\/seo\/ -->\n<title>Chalet Altitude 1600 | \u00c0 propos de nous | Famille Collot<\/title>\n<meta name=\"description\" content=\"Un petit r\u00e9sum\u00e9 de qui est notre famille, skieurs avide de Nendaz - 4 Vall\u00e9es depuis plus de 30ans.\" \/>\n<meta name=\"robots\" content=\"index, follow, max-snippet:-1, max-image-preview:large, max-video-preview:-1\" \/>\n<link rel=\"canonical\" href=\"https:\/\/www.chaletaltitude1600.com\/fr\/a-propos\/\" \/>\n<meta property=\"og:locale\" content=\"fr_FR\" \/>\n<meta property=\"og:type\" content=\"article\" \/>\n<meta property=\"og:title\" content=\"Chalet Altitude 1600 | \u00c0 propos de nous | Famille Collot\" \/>\n<meta property=\"og:description\" content=\"Un petit r\u00e9sum\u00e9 de qui est notre famille, skieurs avide de Nendaz - 4 Vall\u00e9es depuis plus de 30ans.\" \/>\n<meta property=\"og:url\" content=\"https:\/\/www.chaletaltitude1600.com\/fr\/a-propos\/\" \/>\n<meta property=\"og:site_name\" content=\"Chalet Altitude 1600\" \/>\n<meta property=\"article:publisher\" content=\"https:\/\/www.facebook.com\/chaletaltitude1600\" \/>\n<meta property=\"article:modified_time\" content=\"2017-12-20T15:08:17+00:00\" \/>\n<meta property=\"og:image\" content=\"https:\/\/www.chaletaltitude1600.com\/wp-content\/uploads\/2017\/07\/10941145_795580000490011_4055922966584981273_n.png\" \/>\n\t<meta property=\"og:image:width\" content=\"200\" \/>\n\t<meta property=\"og:image:height\" content=\"200\" \/>\n\t<meta property=\"og:image:type\" content=\"image\/png\" \/>\n<meta name=\"twitter:card\" content=\"summary_large_image\" \/>\n<meta name=\"twitter:site\" content=\"@altitude1600\" \/>\n<meta name=\"twitter:label1\" content=\"Dur\u00e9e de lecture estim\u00e9e\" \/>\n\t<meta name=\"twitter:data1\" content=\"1 minute\" \/>\n<script type=\"application\/ld+json\" class=\"yoast-schema-graph\">{\"@context\":\"https:\/\/schema.org\",\"@graph\":[{\"@type\":\"WebPage\",\"@id\":\"https:\/\/www.chaletaltitude1600.com\/fr\/a-propos\/\",\"url\":\"https:\/\/www.chaletaltitude1600.com\/fr\/a-propos\/\",\"name\":\"Chalet Altitude 1600 | \u00c0 propos de nous | Famille Collot\",\"isPartOf\":{\"@id\":\"https:\/\/www.chaletaltitude1600.com\/fr\/#website\"},\"datePublished\":\"2017-04-21T09:52:11+00:00\",\"dateModified\":\"2017-12-20T15:08:17+00:00\",\"description\":\"Un petit r\u00e9sum\u00e9 de qui est notre famille, skieurs avide de Nendaz - 4 Vall\u00e9es depuis plus de 30ans.\",\"breadcrumb\":{\"@id\":\"https:\/\/www.chaletaltitude1600.com\/fr\/a-propos\/#breadcrumb\"},\"inLanguage\":\"fr-FR\",\"potentialAction\":[{\"@type\":\"ReadAction\",\"target\":[\"https:\/\/www.chaletaltitude1600.com\/fr\/a-propos\/\"]}]},{\"@type\":\"BreadcrumbList\",\"@id\":\"https:\/\/www.chaletaltitude1600.com\/fr\/a-propos\/#breadcrumb\",\"itemListElement\":[{\"@type\":\"ListItem\",\"position\":1,\"name\":\"Home\",\"item\":\"https:\/\/www.chaletaltitude1600.com\/fr\/\"},{\"@type\":\"ListItem\",\"position\":2,\"name\":\"\u00c1 propos\"}]},{\"@type\":\"WebSite\",\"@id\":\"https:\/\/www.chaletaltitude1600.com\/fr\/#website\",\"url\":\"https:\/\/www.chaletaltitude1600.com\/fr\/\",\"name\":\"Chalet Altitude 1600\",\"description\":\"Luxury Ski Chalet\",\"publisher\":{\"@id\":\"https:\/\/www.chaletaltitude1600.com\/fr\/#organization\"},\"potentialAction\":[{\"@type\":\"SearchAction\",\"target\":{\"@type\":\"EntryPoint\",\"urlTemplate\":\"https:\/\/www.chaletaltitude1600.com\/fr\/?s={search_term_string}\"},\"query-input\":{\"@type\":\"PropertyValueSpecification\",\"valueRequired\":true,\"valueName\":\"search_term_string\"}}],\"inLanguage\":\"fr-FR\"},{\"@type\":\"Organization\",\"@id\":\"https:\/\/www.chaletaltitude1600.com\/fr\/#organization\",\"name\":\"Chalet Altitude 1600\",\"url\":\"https:\/\/www.chaletaltitude1600.com\/fr\/\",\"logo\":{\"@type\":\"ImageObject\",\"inLanguage\":\"fr-FR\",\"@id\":\"https:\/\/www.chaletaltitude1600.com\/fr\/#\/schema\/logo\/image\/\",\"url\":\"https:\/\/www.chaletaltitude1600.com\/wp-content\/uploads\/2017\/07\/chalet-logo.png\",\"contentUrl\":\"https:\/\/www.chaletaltitude1600.com\/wp-content\/uploads\/2017\/07\/chalet-logo.png\",\"width\":70,\"height\":78,\"caption\":\"Chalet Altitude 1600\"},\"image\":{\"@id\":\"https:\/\/www.chaletaltitude1600.com\/fr\/#\/schema\/logo\/image\/\"},\"sameAs\":[\"https:\/\/www.facebook.com\/chaletaltitude1600\",\"https:\/\/x.com\/altitude1600\",\"http:\/\/altitude1600\",\"https:\/\/www.linkedin.com\/company-beta\/504047\",\"https:\/\/www.pinterest.co.uk\/altitude1600\/\",\"http:\/\/youtube.com\/c\/ChaletAltitude1600insiderguide\"]}]}<\/script>\n<!-- \/ Yoast SEO plugin. -->","yoast_head_json":{"title":"Chalet Altitude 1600 | \u00c0 propos de nous | Famille Collot","description":"Un petit r\u00e9sum\u00e9 de qui est notre famille, skieurs avide de Nendaz - 4 Vall\u00e9es depuis plus de 30ans.","robots":{"index":"index","follow":"follow","max-snippet":"max-snippet:-1","max-image-preview":"max-image-preview:large","max-video-preview":"max-video-preview:-1"},"canonical":"https:\/\/www.chaletaltitude1600.com\/fr\/a-propos\/","og_locale":"fr_FR","og_type":"article","og_title":"Chalet Altitude 1600 | \u00c0 propos de nous | Famille Collot","og_description":"Un petit r\u00e9sum\u00e9 de qui est notre famille, skieurs avide de Nendaz - 4 Vall\u00e9es depuis plus de 30ans.","og_url":"https:\/\/www.chaletaltitude1600.com\/fr\/a-propos\/","og_site_name":"Chalet Altitude 1600","article_publisher":"https:\/\/www.facebook.com\/chaletaltitude1600","article_modified_time":"2017-12-20T15:08:17+00:00","og_image":[{"width":200,"height":200,"url":"https:\/\/www.chaletaltitude1600.com\/wp-content\/uploads\/2017\/07\/10941145_795580000490011_4055922966584981273_n.png","type":"image\/png"}],"twitter_card":"summary_large_image","twitter_site":"@altitude1600","twitter_misc":{"Dur\u00e9e de lecture estim\u00e9e":"1 minute"},"schema":{"@context":"https:\/\/schema.org","@graph":[{"@type":"WebPage","@id":"https:\/\/www.chaletaltitude1600.com\/fr\/a-propos\/","url":"https:\/\/www.chaletaltitude1600.com\/fr\/a-propos\/","name":"Chalet Altitude 1600 | \u00c0 propos de nous | Famille Collot","isPartOf":{"@id":"https:\/\/www.chaletaltitude1600.com\/fr\/#website"},"datePublished":"2017-04-21T09:52:11+00:00","dateModified":"2017-12-20T15:08:17+00:00","description":"Un petit r\u00e9sum\u00e9 de qui est notre famille, skieurs avide de Nendaz - 4 Vall\u00e9es depuis plus de 30ans.","breadcrumb":{"@id":"https:\/\/www.chaletaltitude1600.com\/fr\/a-propos\/#breadcrumb"},"inLanguage":"fr-FR","potentialAction":[{"@type":"ReadAction","target":["https:\/\/www.chaletaltitude1600.com\/fr\/a-propos\/"]}]},{"@type":"BreadcrumbList","@id":"https:\/\/www.chaletaltitude1600.com\/fr\/a-propos\/#breadcrumb","itemListElement":[{"@type":"ListItem","position":1,"name":"Home","item":"https:\/\/www.chaletaltitude1600.com\/fr\/"},{"@type":"ListItem","position":2,"name":"\u00c1 propos"}]},{"@type":"WebSite","@id":"https:\/\/www.chaletaltitude1600.com\/fr\/#website","url":"https:\/\/www.chaletaltitude1600.com\/fr\/","name":"Chalet Altitude 1600","description":"Luxury Ski Chalet","publisher":{"@id":"https:\/\/www.chaletaltitude1600.com\/fr\/#organization"},"potentialAction":[{"@type":"SearchAction","target":{"@type":"EntryPoint","urlTemplate":"https:\/\/www.chaletaltitude1600.com\/fr\/?s={search_term_string}"},"query-input":{"@type":"PropertyValueSpecification","valueRequired":true,"valueName":"search_term_string"}}],"inLanguage":"fr-FR"},{"@type":"Organization","@id":"https:\/\/www.chaletaltitude1600.com\/fr\/#organization","name":"Chalet Altitude 1600","url":"https:\/\/www.chaletaltitude1600.com\/fr\/","logo":{"@type":"ImageObject","inLanguage":"fr-FR","@id":"https:\/\/www.chaletaltitude1600.com\/fr\/#\/schema\/logo\/image\/","url":"https:\/\/www.chaletaltitude1600.com\/wp-content\/uploads\/2017\/07\/chalet-logo.png","contentUrl":"https:\/\/www.chaletaltitude1600.com\/wp-content\/uploads\/2017\/07\/chalet-logo.png","width":70,"height":78,"caption":"Chalet Altitude 1600"},"image":{"@id":"https:\/\/www.chaletaltitude1600.com\/fr\/#\/schema\/logo\/image\/"},"sameAs":["https:\/\/www.facebook.com\/chaletaltitude1600","https:\/\/x.com\/altitude1600","http:\/\/altitude1600","https:\/\/www.linkedin.com\/company-beta\/504047","https:\/\/www.pinterest.co.uk\/altitude1600\/","http:\/\/youtube.com\/c\/ChaletAltitude1600insiderguide"]}]}},"_links":{"self":[{"href":"https:\/\/www.chaletaltitude1600.com\/fr\/wp-json\/wp\/v2\/pages\/854","targetHints":{"allow":["GET"]}}],"collection":[{"href":"https:\/\/www.chaletaltitude1600.com\/fr\/wp-json\/wp\/v2\/pages"}],"about":[{"href":"https:\/\/www.chaletaltitude1600.com\/fr\/wp-json\/wp\/v2\/types\/page"}],"author":[{"embeddable":true,"href":"https:\/\/www.chaletaltitude1600.com\/fr\/wp-json\/wp\/v2\/users\/1"}],"replies":[{"embeddable":true,"href":"https:\/\/www.chaletaltitude1600.com\/fr\/wp-json\/wp\/v2\/comments?post=854"}],"version-history":[{"count":0,"href":"https:\/\/www.chaletaltitude1600.com\/fr\/wp-json\/wp\/v2\/pages\/854\/revisions"}],"wp:attachment":[{"href":"https:\/\/www.chaletaltitude1600.com\/fr\/wp-json\/wp\/v2\/media?parent=854"}],"curies":[{"name":"wp","href":"https:\/\/api.w.org\/{rel}","templated":true}]}}