{"id":853,"date":"2017-04-21T10:34:22","date_gmt":"2017-04-21T09:34:22","guid":{"rendered":"https:\/\/www.chaletaltitude1600.com\/the-chalet\/services\/"},"modified":"2018-03-09T10:28:06","modified_gmt":"2018-03-09T10:28:06","slug":"services","status":"publish","type":"page","link":"https:\/\/www.chaletaltitude1600.com\/fr\/le-chalet\/services\/","title":{"rendered":"Services"},"content":{"rendered":"<p><span style=\"font-weight: 400;\">Notre chalet meubl\u00e9 est impeccablement con\u00e7u et est plein de petites touches ajout\u00e9es, de caract\u00e9ristiques de luxe et nous pouvons \u00eatre \u00e0 vos c\u00f4t\u00e9s ou non comme vous avez besoin.<\/span><\/p>\n","protected":false},"excerpt":{"rendered":"<p>Notre chalet meubl\u00e9 est impeccablement con\u00e7u et est plein de petites touches ajout\u00e9es, de caract\u00e9ristiques de luxe et nous pouvons \u00eatre \u00e0 vos c\u00f4t\u00e9s ou non comme vous avez besoin.<\/p>\n","protected":false},"author":1,"featured_media":199,"parent":852,"menu_order":0,"comment_status":"closed","ping_status":"closed","template":"page-chalet.php","meta":{"_acf_changed":false,"footnotes":""},"class_list":["post-853","page","type-page","status-publish","has-post-thumbnail","hentry"],"acf":[],"yoast_head":"<!-- This site is optimized with the Yoast SEO plugin v24.1 - https:\/\/yoast.com\/wordpress\/plugins\/seo\/ -->\n<title>Services | Meilleurs Chalets Suisse de Ski | Hammam | Jacuzzi | Piano<\/title>\n<meta name=\"description\" content=\"Trouvez ici les principaux services et commodit\u00e9s du chalet Altitude1600: Jacuzzi, hammam, BBQ, piano, divertissement m\u00e9dia et beaucoup plus.\" \/>\n<meta name=\"robots\" content=\"index, follow, max-snippet:-1, max-image-preview:large, max-video-preview:-1\" \/>\n<link rel=\"canonical\" href=\"https:\/\/www.chaletaltitude1600.com\/fr\/le-chalet\/services\/\" \/>\n<meta property=\"og:locale\" content=\"fr_FR\" \/>\n<meta property=\"og:type\" content=\"article\" \/>\n<meta property=\"og:title\" content=\"Services | Meilleurs Chalets Suisse de Ski | Hammam | Jacuzzi | Piano\" \/>\n<meta property=\"og:description\" content=\"Trouvez ici les principaux services et commodit\u00e9s du chalet Altitude1600: Jacuzzi, hammam, BBQ, piano, divertissement m\u00e9dia et beaucoup plus.\" \/>\n<meta property=\"og:url\" content=\"https:\/\/www.chaletaltitude1600.com\/fr\/le-chalet\/services\/\" \/>\n<meta property=\"og:site_name\" content=\"Chalet Altitude 1600\" \/>\n<meta property=\"article:publisher\" content=\"https:\/\/www.facebook.com\/chaletaltitude1600\" \/>\n<meta property=\"article:modified_time\" content=\"2018-03-09T10:28:06+00:00\" \/>\n<meta property=\"og:image\" content=\"https:\/\/www.chaletaltitude1600.com\/wp-content\/uploads\/2017\/04\/jacuzzi.jpg\" \/>\n\t<meta property=\"og:image:width\" content=\"1578\" \/>\n\t<meta property=\"og:image:height\" content=\"1015\" \/>\n\t<meta property=\"og:image:type\" content=\"image\/jpeg\" \/>\n<meta name=\"twitter:card\" content=\"summary_large_image\" \/>\n<meta name=\"twitter:site\" content=\"@altitude1600\" \/>\n<script type=\"application\/ld+json\" class=\"yoast-schema-graph\">{\"@context\":\"https:\/\/schema.org\",\"@graph\":[{\"@type\":\"WebPage\",\"@id\":\"https:\/\/www.chaletaltitude1600.com\/fr\/le-chalet\/services\/\",\"url\":\"https:\/\/www.chaletaltitude1600.com\/fr\/le-chalet\/services\/\",\"name\":\"Services | Meilleurs Chalets Suisse de Ski | Hammam | Jacuzzi | Piano\",\"isPartOf\":{\"@id\":\"https:\/\/www.chaletaltitude1600.com\/fr\/#website\"},\"primaryImageOfPage\":{\"@id\":\"https:\/\/www.chaletaltitude1600.com\/fr\/le-chalet\/services\/#primaryimage\"},\"image\":{\"@id\":\"https:\/\/www.chaletaltitude1600.com\/fr\/le-chalet\/services\/#primaryimage\"},\"thumbnailUrl\":\"https:\/\/www.chaletaltitude1600.com\/wp-content\/uploads\/2017\/04\/jacuzzi.jpg\",\"datePublished\":\"2017-04-21T09:34:22+00:00\",\"dateModified\":\"2018-03-09T10:28:06+00:00\",\"description\":\"Trouvez ici les principaux services et commodit\u00e9s du chalet Altitude1600: Jacuzzi, hammam, BBQ, piano, divertissement m\u00e9dia et beaucoup plus.\",\"breadcrumb\":{\"@id\":\"https:\/\/www.chaletaltitude1600.com\/fr\/le-chalet\/services\/#breadcrumb\"},\"inLanguage\":\"fr-FR\",\"potentialAction\":[{\"@type\":\"ReadAction\",\"target\":[\"https:\/\/www.chaletaltitude1600.com\/fr\/le-chalet\/services\/\"]}]},{\"@type\":\"ImageObject\",\"inLanguage\":\"fr-FR\",\"@id\":\"https:\/\/www.chaletaltitude1600.com\/fr\/le-chalet\/services\/#primaryimage\",\"url\":\"https:\/\/www.chaletaltitude1600.com\/wp-content\/uploads\/2017\/04\/jacuzzi.jpg\",\"contentUrl\":\"https:\/\/www.chaletaltitude1600.com\/wp-content\/uploads\/2017\/04\/jacuzzi.jpg\",\"width\":1578,\"height\":1015},{\"@type\":\"BreadcrumbList\",\"@id\":\"https:\/\/www.chaletaltitude1600.com\/fr\/le-chalet\/services\/#breadcrumb\",\"itemListElement\":[{\"@type\":\"ListItem\",\"position\":1,\"name\":\"Home\",\"item\":\"https:\/\/www.chaletaltitude1600.com\/fr\/\"},{\"@type\":\"ListItem\",\"position\":2,\"name\":\"Le Chalet\",\"item\":\"https:\/\/www.chaletaltitude1600.com\/fr\/le-chalet\/\"},{\"@type\":\"ListItem\",\"position\":3,\"name\":\"Services\"}]},{\"@type\":\"WebSite\",\"@id\":\"https:\/\/www.chaletaltitude1600.com\/fr\/#website\",\"url\":\"https:\/\/www.chaletaltitude1600.com\/fr\/\",\"name\":\"Chalet Altitude 1600\",\"description\":\"Luxury Ski Chalet\",\"publisher\":{\"@id\":\"https:\/\/www.chaletaltitude1600.com\/fr\/#organization\"},\"potentialAction\":[{\"@type\":\"SearchAction\",\"target\":{\"@type\":\"EntryPoint\",\"urlTemplate\":\"https:\/\/www.chaletaltitude1600.com\/fr\/?s={search_term_string}\"},\"query-input\":{\"@type\":\"PropertyValueSpecification\",\"valueRequired\":true,\"valueName\":\"search_term_string\"}}],\"inLanguage\":\"fr-FR\"},{\"@type\":\"Organization\",\"@id\":\"https:\/\/www.chaletaltitude1600.com\/fr\/#organization\",\"name\":\"Chalet Altitude 1600\",\"url\":\"https:\/\/www.chaletaltitude1600.com\/fr\/\",\"logo\":{\"@type\":\"ImageObject\",\"inLanguage\":\"fr-FR\",\"@id\":\"https:\/\/www.chaletaltitude1600.com\/fr\/#\/schema\/logo\/image\/\",\"url\":\"https:\/\/www.chaletaltitude1600.com\/wp-content\/uploads\/2017\/07\/chalet-logo.png\",\"contentUrl\":\"https:\/\/www.chaletaltitude1600.com\/wp-content\/uploads\/2017\/07\/chalet-logo.png\",\"width\":70,\"height\":78,\"caption\":\"Chalet Altitude 1600\"},\"image\":{\"@id\":\"https:\/\/www.chaletaltitude1600.com\/fr\/#\/schema\/logo\/image\/\"},\"sameAs\":[\"https:\/\/www.facebook.com\/chaletaltitude1600\",\"https:\/\/x.com\/altitude1600\",\"http:\/\/altitude1600\",\"https:\/\/www.linkedin.com\/company-beta\/504047\",\"https:\/\/www.pinterest.co.uk\/altitude1600\/\",\"http:\/\/youtube.com\/c\/ChaletAltitude1600insiderguide\"]}]}<\/script>\n<!-- \/ Yoast SEO plugin. -->","yoast_head_json":{"title":"Services | Meilleurs Chalets Suisse de Ski | Hammam | Jacuzzi | Piano","description":"Trouvez ici les principaux services et commodit\u00e9s du chalet Altitude1600: Jacuzzi, hammam, BBQ, piano, divertissement m\u00e9dia et beaucoup plus.","robots":{"index":"index","follow":"follow","max-snippet":"max-snippet:-1","max-image-preview":"max-image-preview:large","max-video-preview":"max-video-preview:-1"},"canonical":"https:\/\/www.chaletaltitude1600.com\/fr\/le-chalet\/services\/","og_locale":"fr_FR","og_type":"article","og_title":"Services | Meilleurs Chalets Suisse de Ski | Hammam | Jacuzzi | Piano","og_description":"Trouvez ici les principaux services et commodit\u00e9s du chalet Altitude1600: Jacuzzi, hammam, BBQ, piano, divertissement m\u00e9dia et beaucoup plus.","og_url":"https:\/\/www.chaletaltitude1600.com\/fr\/le-chalet\/services\/","og_site_name":"Chalet Altitude 1600","article_publisher":"https:\/\/www.facebook.com\/chaletaltitude1600","article_modified_time":"2018-03-09T10:28:06+00:00","og_image":[{"width":1578,"height":1015,"url":"https:\/\/www.chaletaltitude1600.com\/wp-content\/uploads\/2017\/04\/jacuzzi.jpg","type":"image\/jpeg"}],"twitter_card":"summary_large_image","twitter_site":"@altitude1600","schema":{"@context":"https:\/\/schema.org","@graph":[{"@type":"WebPage","@id":"https:\/\/www.chaletaltitude1600.com\/fr\/le-chalet\/services\/","url":"https:\/\/www.chaletaltitude1600.com\/fr\/le-chalet\/services\/","name":"Services | Meilleurs Chalets Suisse de Ski | Hammam | Jacuzzi | Piano","isPartOf":{"@id":"https:\/\/www.chaletaltitude1600.com\/fr\/#website"},"primaryImageOfPage":{"@id":"https:\/\/www.chaletaltitude1600.com\/fr\/le-chalet\/services\/#primaryimage"},"image":{"@id":"https:\/\/www.chaletaltitude1600.com\/fr\/le-chalet\/services\/#primaryimage"},"thumbnailUrl":"https:\/\/www.chaletaltitude1600.com\/wp-content\/uploads\/2017\/04\/jacuzzi.jpg","datePublished":"2017-04-21T09:34:22+00:00","dateModified":"2018-03-09T10:28:06+00:00","description":"Trouvez ici les principaux services et commodit\u00e9s du chalet Altitude1600: Jacuzzi, hammam, BBQ, piano, divertissement m\u00e9dia et beaucoup plus.","breadcrumb":{"@id":"https:\/\/www.chaletaltitude1600.com\/fr\/le-chalet\/services\/#breadcrumb"},"inLanguage":"fr-FR","potentialAction":[{"@type":"ReadAction","target":["https:\/\/www.chaletaltitude1600.com\/fr\/le-chalet\/services\/"]}]},{"@type":"ImageObject","inLanguage":"fr-FR","@id":"https:\/\/www.chaletaltitude1600.com\/fr\/le-chalet\/services\/#primaryimage","url":"https:\/\/www.chaletaltitude1600.com\/wp-content\/uploads\/2017\/04\/jacuzzi.jpg","contentUrl":"https:\/\/www.chaletaltitude1600.com\/wp-content\/uploads\/2017\/04\/jacuzzi.jpg","width":1578,"height":1015},{"@type":"BreadcrumbList","@id":"https:\/\/www.chaletaltitude1600.com\/fr\/le-chalet\/services\/#breadcrumb","itemListElement":[{"@type":"ListItem","position":1,"name":"Home","item":"https:\/\/www.chaletaltitude1600.com\/fr\/"},{"@type":"ListItem","position":2,"name":"Le Chalet","item":"https:\/\/www.chaletaltitude1600.com\/fr\/le-chalet\/"},{"@type":"ListItem","position":3,"name":"Services"}]},{"@type":"WebSite","@id":"https:\/\/www.chaletaltitude1600.com\/fr\/#website","url":"https:\/\/www.chaletaltitude1600.com\/fr\/","name":"Chalet Altitude 1600","description":"Luxury Ski Chalet","publisher":{"@id":"https:\/\/www.chaletaltitude1600.com\/fr\/#organization"},"potentialAction":[{"@type":"SearchAction","target":{"@type":"EntryPoint","urlTemplate":"https:\/\/www.chaletaltitude1600.com\/fr\/?s={search_term_string}"},"query-input":{"@type":"PropertyValueSpecification","valueRequired":true,"valueName":"search_term_string"}}],"inLanguage":"fr-FR"},{"@type":"Organization","@id":"https:\/\/www.chaletaltitude1600.com\/fr\/#organization","name":"Chalet Altitude 1600","url":"https:\/\/www.chaletaltitude1600.com\/fr\/","logo":{"@type":"ImageObject","inLanguage":"fr-FR","@id":"https:\/\/www.chaletaltitude1600.com\/fr\/#\/schema\/logo\/image\/","url":"https:\/\/www.chaletaltitude1600.com\/wp-content\/uploads\/2017\/07\/chalet-logo.png","contentUrl":"https:\/\/www.chaletaltitude1600.com\/wp-content\/uploads\/2017\/07\/chalet-logo.png","width":70,"height":78,"caption":"Chalet Altitude 1600"},"image":{"@id":"https:\/\/www.chaletaltitude1600.com\/fr\/#\/schema\/logo\/image\/"},"sameAs":["https:\/\/www.facebook.com\/chaletaltitude1600","https:\/\/x.com\/altitude1600","http:\/\/altitude1600","https:\/\/www.linkedin.com\/company-beta\/504047","https:\/\/www.pinterest.co.uk\/altitude1600\/","http:\/\/youtube.com\/c\/ChaletAltitude1600insiderguide"]}]}},"_links":{"self":[{"href":"https:\/\/www.chaletaltitude1600.com\/fr\/wp-json\/wp\/v2\/pages\/853","targetHints":{"allow":["GET"]}}],"collection":[{"href":"https:\/\/www.chaletaltitude1600.com\/fr\/wp-json\/wp\/v2\/pages"}],"about":[{"href":"https:\/\/www.chaletaltitude1600.com\/fr\/wp-json\/wp\/v2\/types\/page"}],"author":[{"embeddable":true,"href":"https:\/\/www.chaletaltitude1600.com\/fr\/wp-json\/wp\/v2\/users\/1"}],"replies":[{"embeddable":true,"href":"https:\/\/www.chaletaltitude1600.com\/fr\/wp-json\/wp\/v2\/comments?post=853"}],"version-history":[{"count":0,"href":"https:\/\/www.chaletaltitude1600.com\/fr\/wp-json\/wp\/v2\/pages\/853\/revisions"}],"up":[{"embeddable":true,"href":"https:\/\/www.chaletaltitude1600.com\/fr\/wp-json\/wp\/v2\/pages\/852"}],"wp:featuredmedia":[{"embeddable":true,"href":"https:\/\/www.chaletaltitude1600.com\/fr\/wp-json\/wp\/v2\/media\/199"}],"wp:attachment":[{"href":"https:\/\/www.chaletaltitude1600.com\/fr\/wp-json\/wp\/v2\/media?parent=853"}],"curies":[{"name":"wp","href":"https:\/\/api.w.org\/{rel}","templated":true}]}}