{"id":851,"date":"2017-04-21T10:48:31","date_gmt":"2017-04-21T08:48:31","guid":{"rendered":"https:\/\/www.chaletaltitude1600.com\/nendaz-guide\/summer\/"},"modified":"2019-08-23T12:31:41","modified_gmt":"2019-08-23T10:31:41","slug":"nendaz-guide-ete","status":"publish","type":"page","link":"https:\/\/www.chaletaltitude1600.com\/fr\/nendaz-guide\/nendaz-guide-ete\/","title":{"rendered":"Nendaz Guide \u00c9t\u00e9 2019"},"content":{"rendered":"<p><strong>Ici, dans les 4 Vall\u00e9es, au-dessus de la vall\u00e9e du Rh\u00f4ne, le paysage est parmi les plus spectaculaires du monde, m\u00eame sans neige ce n&rsquo;est pas diff\u00e9rent. Pendant les mois de printemps et d&rsquo;\u00e9t\u00e9, la vall\u00e9e est en feu de couleur, alors que le soleil brille et que le paysage fleurit apr\u00e8s les longs mois enneig\u00e9s.<\/strong><\/p>\n<p>\u00c0 la fin du mois d&rsquo;avril, la neige a fondu et la vall\u00e9e s&rsquo;ouvre \u00e0 une multitude d&rsquo;activit\u00e9s pour les amateurs de plein air et les aventuristes : la marche, la randonn\u00e9e, le cyclisme, l&rsquo;escalade, le parapente et l&rsquo;\u00e9quitation, pour n&rsquo;en citer que quelques-uns.<\/p>\n<p>Les quatre vall\u00e9es s&rsquo;\u00e9coulent \u00e0 votre rythme de vacances. Les p\u00e2turages des vall\u00e9es inf\u00e9rieures sont parfaits pour une marche douce et un trekking \u00e0 travers le paysage des Alpes suisses, avec de nombreux sentiers \u00e0 explorer. Une introduction id\u00e9ale pour des vacances en randonn\u00e9e familiale.<\/p>\n<p>Dirigez-vous vers les alpages et les sentiers sup\u00e9rieurs pour les parcours de randonn\u00e9e avanc\u00e9s et l&rsquo;escalade panoramique. Ou tout simplement profiter du lever du soleil \u00e0 couper le souffle du Mont Fort.<\/p>\n<p>Le climat pendant les mois de printemps et d&rsquo;\u00e9t\u00e9 varie d&rsquo;un de 18 \u00e0 19 degr\u00e9s temp\u00e9r\u00e9s \u00e0 environ 30 degr\u00e9s en juillet et en ao\u00fbt. Les jours o\u00f9 il fait trop chaud pour une activit\u00e9 ardue, il y a toujours le centre de spa en Haute Nendaz pour profiter !<\/p>\n<p>Visitez notre guide du printemps et de l&rsquo;\u00e9t\u00e9 dans les quatre vall\u00e9es, en Suisse, pour en savoir plus sur les activit\u00e9s que vous pourrez pratiquer pendant les vacances aux Alpes d&rsquo;\u00e9t\u00e9.<\/p>\n","protected":false},"excerpt":{"rendered":"<p>Ici, dans les 4 Vall\u00e9es, au-dessus de la vall\u00e9e du Rh\u00f4ne, le paysage est parmi les plus spectaculaires du monde, m\u00eame sans neige ce n&rsquo;est pas diff\u00e9rent. Pendant les mois de printemps et d&rsquo;\u00e9t\u00e9, la vall\u00e9e est en feu de couleur, alors que le soleil brille et que le paysage fleurit apr\u00e8s les longs mois [&hellip;]<\/p>\n","protected":false},"author":1,"featured_media":0,"parent":848,"menu_order":0,"comment_status":"closed","ping_status":"closed","template":"page-child.php","meta":{"_acf_changed":false,"footnotes":""},"class_list":["post-851","page","type-page","status-publish","hentry"],"acf":[],"yoast_head":"<!-- This site is optimized with the Yoast SEO plugin v24.1 - https:\/\/yoast.com\/wordpress\/plugins\/seo\/ -->\n<title>Nendaz Guide \u00c9t\u00e9 2019 | Chalet Altitude 1600<\/title>\n<meta name=\"description\" content=\"Ici, dans les 4 Vall\u00e9es, au-dessus de la vall\u00e9e du Rh\u00f4ne, le paysage est parmi les plus spectaculaires du monde, m\u00eame sans neige ce n&#039;est pas diff\u00e9rent.\" \/>\n<meta name=\"robots\" content=\"index, follow, max-snippet:-1, max-image-preview:large, max-video-preview:-1\" \/>\n<link rel=\"canonical\" href=\"https:\/\/www.chaletaltitude1600.com\/fr\/nendaz-guide\/nendaz-guide-ete\/\" \/>\n<meta property=\"og:locale\" content=\"fr_FR\" \/>\n<meta property=\"og:type\" content=\"article\" \/>\n<meta property=\"og:title\" content=\"Nendaz Guide \u00c9t\u00e9 2019 | Chalet Altitude 1600\" \/>\n<meta property=\"og:description\" content=\"Ici, dans les 4 Vall\u00e9es, au-dessus de la vall\u00e9e du Rh\u00f4ne, le paysage est parmi les plus spectaculaires du monde, m\u00eame sans neige ce n&#039;est pas diff\u00e9rent.\" \/>\n<meta property=\"og:url\" content=\"https:\/\/www.chaletaltitude1600.com\/fr\/nendaz-guide\/nendaz-guide-ete\/\" \/>\n<meta property=\"og:site_name\" content=\"Chalet Altitude 1600\" \/>\n<meta property=\"article:publisher\" content=\"https:\/\/www.facebook.com\/chaletaltitude1600\" \/>\n<meta property=\"article:modified_time\" content=\"2019-08-23T10:31:41+00:00\" \/>\n<meta property=\"og:image\" content=\"https:\/\/www.chaletaltitude1600.com\/wp-content\/uploads\/2017\/07\/10941145_795580000490011_4055922966584981273_n.png\" \/>\n\t<meta property=\"og:image:width\" content=\"200\" \/>\n\t<meta property=\"og:image:height\" content=\"200\" \/>\n\t<meta property=\"og:image:type\" content=\"image\/png\" \/>\n<meta name=\"twitter:card\" content=\"summary_large_image\" \/>\n<meta name=\"twitter:site\" content=\"@altitude1600\" \/>\n<meta name=\"twitter:label1\" content=\"Dur\u00e9e de lecture estim\u00e9e\" \/>\n\t<meta name=\"twitter:data1\" content=\"1 minute\" \/>\n<script type=\"application\/ld+json\" class=\"yoast-schema-graph\">{\"@context\":\"https:\/\/schema.org\",\"@graph\":[{\"@type\":\"WebPage\",\"@id\":\"https:\/\/www.chaletaltitude1600.com\/fr\/nendaz-guide\/nendaz-guide-ete\/\",\"url\":\"https:\/\/www.chaletaltitude1600.com\/fr\/nendaz-guide\/nendaz-guide-ete\/\",\"name\":\"Nendaz Guide \u00c9t\u00e9 2019 | Chalet Altitude 1600\",\"isPartOf\":{\"@id\":\"https:\/\/www.chaletaltitude1600.com\/fr\/#website\"},\"datePublished\":\"2017-04-21T08:48:31+00:00\",\"dateModified\":\"2019-08-23T10:31:41+00:00\",\"description\":\"Ici, dans les 4 Vall\u00e9es, au-dessus de la vall\u00e9e du Rh\u00f4ne, le paysage est parmi les plus spectaculaires du monde, m\u00eame sans neige ce n'est pas diff\u00e9rent.\",\"breadcrumb\":{\"@id\":\"https:\/\/www.chaletaltitude1600.com\/fr\/nendaz-guide\/nendaz-guide-ete\/#breadcrumb\"},\"inLanguage\":\"fr-FR\",\"potentialAction\":[{\"@type\":\"ReadAction\",\"target\":[\"https:\/\/www.chaletaltitude1600.com\/fr\/nendaz-guide\/nendaz-guide-ete\/\"]}]},{\"@type\":\"BreadcrumbList\",\"@id\":\"https:\/\/www.chaletaltitude1600.com\/fr\/nendaz-guide\/nendaz-guide-ete\/#breadcrumb\",\"itemListElement\":[{\"@type\":\"ListItem\",\"position\":1,\"name\":\"Home\",\"item\":\"https:\/\/www.chaletaltitude1600.com\/fr\/\"},{\"@type\":\"ListItem\",\"position\":2,\"name\":\"Nendaz Guide 2019\",\"item\":\"https:\/\/www.chaletaltitude1600.com\/fr\/nendaz-guide\/\"},{\"@type\":\"ListItem\",\"position\":3,\"name\":\"Nendaz Guide \u00c9t\u00e9 2019\"}]},{\"@type\":\"WebSite\",\"@id\":\"https:\/\/www.chaletaltitude1600.com\/fr\/#website\",\"url\":\"https:\/\/www.chaletaltitude1600.com\/fr\/\",\"name\":\"Chalet Altitude 1600\",\"description\":\"Luxury Ski Chalet\",\"publisher\":{\"@id\":\"https:\/\/www.chaletaltitude1600.com\/fr\/#organization\"},\"potentialAction\":[{\"@type\":\"SearchAction\",\"target\":{\"@type\":\"EntryPoint\",\"urlTemplate\":\"https:\/\/www.chaletaltitude1600.com\/fr\/?s={search_term_string}\"},\"query-input\":{\"@type\":\"PropertyValueSpecification\",\"valueRequired\":true,\"valueName\":\"search_term_string\"}}],\"inLanguage\":\"fr-FR\"},{\"@type\":\"Organization\",\"@id\":\"https:\/\/www.chaletaltitude1600.com\/fr\/#organization\",\"name\":\"Chalet Altitude 1600\",\"url\":\"https:\/\/www.chaletaltitude1600.com\/fr\/\",\"logo\":{\"@type\":\"ImageObject\",\"inLanguage\":\"fr-FR\",\"@id\":\"https:\/\/www.chaletaltitude1600.com\/fr\/#\/schema\/logo\/image\/\",\"url\":\"https:\/\/www.chaletaltitude1600.com\/wp-content\/uploads\/2017\/07\/chalet-logo.png\",\"contentUrl\":\"https:\/\/www.chaletaltitude1600.com\/wp-content\/uploads\/2017\/07\/chalet-logo.png\",\"width\":70,\"height\":78,\"caption\":\"Chalet Altitude 1600\"},\"image\":{\"@id\":\"https:\/\/www.chaletaltitude1600.com\/fr\/#\/schema\/logo\/image\/\"},\"sameAs\":[\"https:\/\/www.facebook.com\/chaletaltitude1600\",\"https:\/\/x.com\/altitude1600\",\"http:\/\/altitude1600\",\"https:\/\/www.linkedin.com\/company-beta\/504047\",\"https:\/\/www.pinterest.co.uk\/altitude1600\/\",\"http:\/\/youtube.com\/c\/ChaletAltitude1600insiderguide\"]}]}<\/script>\n<!-- \/ Yoast SEO plugin. -->","yoast_head_json":{"title":"Nendaz Guide \u00c9t\u00e9 2019 | Chalet Altitude 1600","description":"Ici, dans les 4 Vall\u00e9es, au-dessus de la vall\u00e9e du Rh\u00f4ne, le paysage est parmi les plus spectaculaires du monde, m\u00eame sans neige ce n'est pas diff\u00e9rent.","robots":{"index":"index","follow":"follow","max-snippet":"max-snippet:-1","max-image-preview":"max-image-preview:large","max-video-preview":"max-video-preview:-1"},"canonical":"https:\/\/www.chaletaltitude1600.com\/fr\/nendaz-guide\/nendaz-guide-ete\/","og_locale":"fr_FR","og_type":"article","og_title":"Nendaz Guide \u00c9t\u00e9 2019 | Chalet Altitude 1600","og_description":"Ici, dans les 4 Vall\u00e9es, au-dessus de la vall\u00e9e du Rh\u00f4ne, le paysage est parmi les plus spectaculaires du monde, m\u00eame sans neige ce n'est pas diff\u00e9rent.","og_url":"https:\/\/www.chaletaltitude1600.com\/fr\/nendaz-guide\/nendaz-guide-ete\/","og_site_name":"Chalet Altitude 1600","article_publisher":"https:\/\/www.facebook.com\/chaletaltitude1600","article_modified_time":"2019-08-23T10:31:41+00:00","og_image":[{"width":200,"height":200,"url":"https:\/\/www.chaletaltitude1600.com\/wp-content\/uploads\/2017\/07\/10941145_795580000490011_4055922966584981273_n.png","type":"image\/png"}],"twitter_card":"summary_large_image","twitter_site":"@altitude1600","twitter_misc":{"Dur\u00e9e de lecture estim\u00e9e":"1 minute"},"schema":{"@context":"https:\/\/schema.org","@graph":[{"@type":"WebPage","@id":"https:\/\/www.chaletaltitude1600.com\/fr\/nendaz-guide\/nendaz-guide-ete\/","url":"https:\/\/www.chaletaltitude1600.com\/fr\/nendaz-guide\/nendaz-guide-ete\/","name":"Nendaz Guide \u00c9t\u00e9 2019 | Chalet Altitude 1600","isPartOf":{"@id":"https:\/\/www.chaletaltitude1600.com\/fr\/#website"},"datePublished":"2017-04-21T08:48:31+00:00","dateModified":"2019-08-23T10:31:41+00:00","description":"Ici, dans les 4 Vall\u00e9es, au-dessus de la vall\u00e9e du Rh\u00f4ne, le paysage est parmi les plus spectaculaires du monde, m\u00eame sans neige ce n'est pas diff\u00e9rent.","breadcrumb":{"@id":"https:\/\/www.chaletaltitude1600.com\/fr\/nendaz-guide\/nendaz-guide-ete\/#breadcrumb"},"inLanguage":"fr-FR","potentialAction":[{"@type":"ReadAction","target":["https:\/\/www.chaletaltitude1600.com\/fr\/nendaz-guide\/nendaz-guide-ete\/"]}]},{"@type":"BreadcrumbList","@id":"https:\/\/www.chaletaltitude1600.com\/fr\/nendaz-guide\/nendaz-guide-ete\/#breadcrumb","itemListElement":[{"@type":"ListItem","position":1,"name":"Home","item":"https:\/\/www.chaletaltitude1600.com\/fr\/"},{"@type":"ListItem","position":2,"name":"Nendaz Guide 2019","item":"https:\/\/www.chaletaltitude1600.com\/fr\/nendaz-guide\/"},{"@type":"ListItem","position":3,"name":"Nendaz Guide \u00c9t\u00e9 2019"}]},{"@type":"WebSite","@id":"https:\/\/www.chaletaltitude1600.com\/fr\/#website","url":"https:\/\/www.chaletaltitude1600.com\/fr\/","name":"Chalet Altitude 1600","description":"Luxury Ski Chalet","publisher":{"@id":"https:\/\/www.chaletaltitude1600.com\/fr\/#organization"},"potentialAction":[{"@type":"SearchAction","target":{"@type":"EntryPoint","urlTemplate":"https:\/\/www.chaletaltitude1600.com\/fr\/?s={search_term_string}"},"query-input":{"@type":"PropertyValueSpecification","valueRequired":true,"valueName":"search_term_string"}}],"inLanguage":"fr-FR"},{"@type":"Organization","@id":"https:\/\/www.chaletaltitude1600.com\/fr\/#organization","name":"Chalet Altitude 1600","url":"https:\/\/www.chaletaltitude1600.com\/fr\/","logo":{"@type":"ImageObject","inLanguage":"fr-FR","@id":"https:\/\/www.chaletaltitude1600.com\/fr\/#\/schema\/logo\/image\/","url":"https:\/\/www.chaletaltitude1600.com\/wp-content\/uploads\/2017\/07\/chalet-logo.png","contentUrl":"https:\/\/www.chaletaltitude1600.com\/wp-content\/uploads\/2017\/07\/chalet-logo.png","width":70,"height":78,"caption":"Chalet Altitude 1600"},"image":{"@id":"https:\/\/www.chaletaltitude1600.com\/fr\/#\/schema\/logo\/image\/"},"sameAs":["https:\/\/www.facebook.com\/chaletaltitude1600","https:\/\/x.com\/altitude1600","http:\/\/altitude1600","https:\/\/www.linkedin.com\/company-beta\/504047","https:\/\/www.pinterest.co.uk\/altitude1600\/","http:\/\/youtube.com\/c\/ChaletAltitude1600insiderguide"]}]}},"_links":{"self":[{"href":"https:\/\/www.chaletaltitude1600.com\/fr\/wp-json\/wp\/v2\/pages\/851","targetHints":{"allow":["GET"]}}],"collection":[{"href":"https:\/\/www.chaletaltitude1600.com\/fr\/wp-json\/wp\/v2\/pages"}],"about":[{"href":"https:\/\/www.chaletaltitude1600.com\/fr\/wp-json\/wp\/v2\/types\/page"}],"author":[{"embeddable":true,"href":"https:\/\/www.chaletaltitude1600.com\/fr\/wp-json\/wp\/v2\/users\/1"}],"replies":[{"embeddable":true,"href":"https:\/\/www.chaletaltitude1600.com\/fr\/wp-json\/wp\/v2\/comments?post=851"}],"version-history":[{"count":0,"href":"https:\/\/www.chaletaltitude1600.com\/fr\/wp-json\/wp\/v2\/pages\/851\/revisions"}],"up":[{"embeddable":true,"href":"https:\/\/www.chaletaltitude1600.com\/fr\/wp-json\/wp\/v2\/pages\/848"}],"wp:attachment":[{"href":"https:\/\/www.chaletaltitude1600.com\/fr\/wp-json\/wp\/v2\/media?parent=851"}],"curies":[{"name":"wp","href":"https:\/\/api.w.org\/{rel}","templated":true}]}}