{"id":850,"date":"2017-04-21T10:51:23","date_gmt":"2017-04-21T09:51:23","guid":{"rendered":"https:\/\/www.chaletaltitude1600.com\/nendaz-guide\/resort-activities\/"},"modified":"2019-04-06T14:36:51","modified_gmt":"2019-04-06T12:36:51","slug":"activites-dans-la-station","status":"publish","type":"page","link":"https:\/\/www.chaletaltitude1600.com\/fr\/nendaz-guide\/activites-dans-la-station\/","title":{"rendered":"Activit\u00e9s Dans La Station"},"content":{"rendered":"<p><strong>Situ\u00e9e \u00e0 une altitude de 1365 m\u00e8tres au-dessus de la ville de Sion, Haute-Nendaz est une station de ski, situ\u00e9e dans les quatre vall\u00e9es, en Suisse. C&rsquo;est la destination pour les skieurs exigeants et les snowboardeurs.<\/strong><\/p>\n<p>Nendaz est une destination id\u00e9ale pour les vacances de ski en famille. En fait, c&rsquo;est l&rsquo;un des rares \u00e9tablissements \u00e0 qui ont \u00e9t\u00e9 d\u00e9cern\u00e9s le label \u00ab Family Destination \u00bb par Suisse Tourisme. Il existe plusieurs excellentes \u00e9coles de ski dans le village, qui r\u00e9pondent \u00e0 tous les \u00e2ges (\u00e0 partir de 2 ans) et tous les niveaux; ainsi que beaucoup d&rsquo;options pour louer votre \u00e9quipement lorsque vous arrivez.<\/p>\n<p>Nous sommes heureux de r\u00e9server vos cours et vos \u00e9quipements lorsque vous r\u00e9servez votre s\u00e9jour avec nous.<\/p>\n<p>Toujours indemne par le tourisme de masse, le village de Haute Nendaz se sent exclusif sans \u00eatre ostentatoire. Il y a une bonne s\u00e9lection de restaurants et de bars, tant dans le village que dans les environs. Profitez des paysages \u00e0 couper le souffle des restaurants de montagne. Deux clubs, dont l&rsquo;un double en tant que lieu de musique en direct, sont \u00e0 la port\u00e9e de ceux qui ne veulent pas rentrer \u00e0 la maison apr\u00e8s le d\u00eener.<\/p>\n<p>Si vous voulez un jour de cong\u00e9 de la piste, nous vous r\u00e9serverons une s\u00e9ance de d\u00e9tente au Spa des Bisses. Dirigez-vous vers la patinoire ou la tour d&rsquo;escalade locale pour une activit\u00e9 extra-ski. Pendant les mois de printemps et d&rsquo;\u00e9t\u00e9, profitez de la randonn\u00e9e p\u00e9destre, du VTT, du golf et du meilleur de tout &#8230; le lever du soleil sur le Mont Fort, suivi d&rsquo;un d\u00e9licieux petit-d\u00e9jeuner au restaurant des Gentianes.<\/p>\n<p>Nendaz offre tout ce qu&rsquo;il y a \u00e0 faire pour acheter des aliments, des vins, du mat\u00e9riel sportif et des fournitures m\u00e9dicales. Des supermarch\u00e9s, jusqu\u2019aux magasins d&rsquo;artisanat et de d\u00e9coration plus petits. Notre op\u00e9rateur sur place est heureux d&rsquo;organiser les achats qui seront livr\u00e9s dans le chalet pour votre confort.<\/p>\n<p>Pour plus d&rsquo;informations sur ce que le village a \u00e0 offrir, visitez le <a href=\"https:\/\/www.nendaz.ch\/fr\/activites-loisirs\/activites-loisirs.htm\" target=\"_blank\" rel=\"noopener noreferrer\">site touristique de Haute-Nendaz<\/a>.<\/p>\n","protected":false},"excerpt":{"rendered":"<p>Situ\u00e9e \u00e0 une altitude de 1365 m\u00e8tres au-dessus de la ville de Sion, Haute-Nendaz est une station de ski, situ\u00e9e dans les quatre vall\u00e9es, en Suisse. C&rsquo;est la destination pour les skieurs exigeants et les snowboardeurs. Nendaz est une destination id\u00e9ale pour les vacances de ski en famille. En fait, c&rsquo;est l&rsquo;un des rares \u00e9tablissements [&hellip;]<\/p>\n","protected":false},"author":1,"featured_media":0,"parent":848,"menu_order":0,"comment_status":"closed","ping_status":"closed","template":"page-child.php","meta":{"_acf_changed":false,"footnotes":""},"class_list":["post-850","page","type-page","status-publish","hentry"],"acf":[],"yoast_head":"<!-- This site is optimized with the Yoast SEO plugin v24.1 - https:\/\/yoast.com\/wordpress\/plugins\/seo\/ -->\n<title>Activit\u00e9s Dans La Station | Chalet Altitude 1600<\/title>\n<meta name=\"description\" content=\"Situ\u00e9e \u00e0 une altitude de 1365 m\u00e8tres au-dessus de la ville de Sion, Haute-Nendaz est une station de ski, situ\u00e9e dans les quatre vall\u00e9es, en Suisse. C&#039;est\" \/>\n<meta name=\"robots\" content=\"index, follow, max-snippet:-1, max-image-preview:large, max-video-preview:-1\" \/>\n<link rel=\"canonical\" href=\"https:\/\/www.chaletaltitude1600.com\/fr\/nendaz-guide\/activites-dans-la-station\/\" \/>\n<meta property=\"og:locale\" content=\"fr_FR\" \/>\n<meta property=\"og:type\" content=\"article\" \/>\n<meta property=\"og:title\" content=\"Activit\u00e9s Dans La Station | Chalet Altitude 1600\" \/>\n<meta property=\"og:description\" content=\"Situ\u00e9e \u00e0 une altitude de 1365 m\u00e8tres au-dessus de la ville de Sion, Haute-Nendaz est une station de ski, situ\u00e9e dans les quatre vall\u00e9es, en Suisse. C&#039;est\" \/>\n<meta property=\"og:url\" content=\"https:\/\/www.chaletaltitude1600.com\/fr\/nendaz-guide\/activites-dans-la-station\/\" \/>\n<meta property=\"og:site_name\" content=\"Chalet Altitude 1600\" \/>\n<meta property=\"article:publisher\" content=\"https:\/\/www.facebook.com\/chaletaltitude1600\" \/>\n<meta property=\"article:modified_time\" content=\"2019-04-06T12:36:51+00:00\" \/>\n<meta property=\"og:image\" content=\"https:\/\/www.chaletaltitude1600.com\/wp-content\/uploads\/2017\/07\/10941145_795580000490011_4055922966584981273_n.png\" \/>\n\t<meta property=\"og:image:width\" content=\"200\" \/>\n\t<meta property=\"og:image:height\" content=\"200\" \/>\n\t<meta property=\"og:image:type\" content=\"image\/png\" \/>\n<meta name=\"twitter:card\" content=\"summary_large_image\" \/>\n<meta name=\"twitter:site\" content=\"@altitude1600\" \/>\n<meta name=\"twitter:label1\" content=\"Dur\u00e9e de lecture estim\u00e9e\" \/>\n\t<meta name=\"twitter:data1\" content=\"2 minutes\" \/>\n<script type=\"application\/ld+json\" class=\"yoast-schema-graph\">{\"@context\":\"https:\/\/schema.org\",\"@graph\":[{\"@type\":\"WebPage\",\"@id\":\"https:\/\/www.chaletaltitude1600.com\/fr\/nendaz-guide\/activites-dans-la-station\/\",\"url\":\"https:\/\/www.chaletaltitude1600.com\/fr\/nendaz-guide\/activites-dans-la-station\/\",\"name\":\"Activit\u00e9s Dans La Station | Chalet Altitude 1600\",\"isPartOf\":{\"@id\":\"https:\/\/www.chaletaltitude1600.com\/fr\/#website\"},\"datePublished\":\"2017-04-21T09:51:23+00:00\",\"dateModified\":\"2019-04-06T12:36:51+00:00\",\"description\":\"Situ\u00e9e \u00e0 une altitude de 1365 m\u00e8tres au-dessus de la ville de Sion, Haute-Nendaz est une station de ski, situ\u00e9e dans les quatre vall\u00e9es, en Suisse. C'est\",\"breadcrumb\":{\"@id\":\"https:\/\/www.chaletaltitude1600.com\/fr\/nendaz-guide\/activites-dans-la-station\/#breadcrumb\"},\"inLanguage\":\"fr-FR\",\"potentialAction\":[{\"@type\":\"ReadAction\",\"target\":[\"https:\/\/www.chaletaltitude1600.com\/fr\/nendaz-guide\/activites-dans-la-station\/\"]}]},{\"@type\":\"BreadcrumbList\",\"@id\":\"https:\/\/www.chaletaltitude1600.com\/fr\/nendaz-guide\/activites-dans-la-station\/#breadcrumb\",\"itemListElement\":[{\"@type\":\"ListItem\",\"position\":1,\"name\":\"Home\",\"item\":\"https:\/\/www.chaletaltitude1600.com\/fr\/\"},{\"@type\":\"ListItem\",\"position\":2,\"name\":\"Nendaz Guide 2019\",\"item\":\"https:\/\/www.chaletaltitude1600.com\/fr\/nendaz-guide\/\"},{\"@type\":\"ListItem\",\"position\":3,\"name\":\"Activit\u00e9s Dans La Station\"}]},{\"@type\":\"WebSite\",\"@id\":\"https:\/\/www.chaletaltitude1600.com\/fr\/#website\",\"url\":\"https:\/\/www.chaletaltitude1600.com\/fr\/\",\"name\":\"Chalet Altitude 1600\",\"description\":\"Luxury Ski Chalet\",\"publisher\":{\"@id\":\"https:\/\/www.chaletaltitude1600.com\/fr\/#organization\"},\"potentialAction\":[{\"@type\":\"SearchAction\",\"target\":{\"@type\":\"EntryPoint\",\"urlTemplate\":\"https:\/\/www.chaletaltitude1600.com\/fr\/?s={search_term_string}\"},\"query-input\":{\"@type\":\"PropertyValueSpecification\",\"valueRequired\":true,\"valueName\":\"search_term_string\"}}],\"inLanguage\":\"fr-FR\"},{\"@type\":\"Organization\",\"@id\":\"https:\/\/www.chaletaltitude1600.com\/fr\/#organization\",\"name\":\"Chalet Altitude 1600\",\"url\":\"https:\/\/www.chaletaltitude1600.com\/fr\/\",\"logo\":{\"@type\":\"ImageObject\",\"inLanguage\":\"fr-FR\",\"@id\":\"https:\/\/www.chaletaltitude1600.com\/fr\/#\/schema\/logo\/image\/\",\"url\":\"https:\/\/www.chaletaltitude1600.com\/wp-content\/uploads\/2017\/07\/chalet-logo.png\",\"contentUrl\":\"https:\/\/www.chaletaltitude1600.com\/wp-content\/uploads\/2017\/07\/chalet-logo.png\",\"width\":70,\"height\":78,\"caption\":\"Chalet Altitude 1600\"},\"image\":{\"@id\":\"https:\/\/www.chaletaltitude1600.com\/fr\/#\/schema\/logo\/image\/\"},\"sameAs\":[\"https:\/\/www.facebook.com\/chaletaltitude1600\",\"https:\/\/x.com\/altitude1600\",\"http:\/\/altitude1600\",\"https:\/\/www.linkedin.com\/company-beta\/504047\",\"https:\/\/www.pinterest.co.uk\/altitude1600\/\",\"http:\/\/youtube.com\/c\/ChaletAltitude1600insiderguide\"]}]}<\/script>\n<!-- \/ Yoast SEO plugin. -->","yoast_head_json":{"title":"Activit\u00e9s Dans La Station | Chalet Altitude 1600","description":"Situ\u00e9e \u00e0 une altitude de 1365 m\u00e8tres au-dessus de la ville de Sion, Haute-Nendaz est une station de ski, situ\u00e9e dans les quatre vall\u00e9es, en Suisse. C'est","robots":{"index":"index","follow":"follow","max-snippet":"max-snippet:-1","max-image-preview":"max-image-preview:large","max-video-preview":"max-video-preview:-1"},"canonical":"https:\/\/www.chaletaltitude1600.com\/fr\/nendaz-guide\/activites-dans-la-station\/","og_locale":"fr_FR","og_type":"article","og_title":"Activit\u00e9s Dans La Station | Chalet Altitude 1600","og_description":"Situ\u00e9e \u00e0 une altitude de 1365 m\u00e8tres au-dessus de la ville de Sion, Haute-Nendaz est une station de ski, situ\u00e9e dans les quatre vall\u00e9es, en Suisse. C'est","og_url":"https:\/\/www.chaletaltitude1600.com\/fr\/nendaz-guide\/activites-dans-la-station\/","og_site_name":"Chalet Altitude 1600","article_publisher":"https:\/\/www.facebook.com\/chaletaltitude1600","article_modified_time":"2019-04-06T12:36:51+00:00","og_image":[{"width":200,"height":200,"url":"https:\/\/www.chaletaltitude1600.com\/wp-content\/uploads\/2017\/07\/10941145_795580000490011_4055922966584981273_n.png","type":"image\/png"}],"twitter_card":"summary_large_image","twitter_site":"@altitude1600","twitter_misc":{"Dur\u00e9e de lecture estim\u00e9e":"2 minutes"},"schema":{"@context":"https:\/\/schema.org","@graph":[{"@type":"WebPage","@id":"https:\/\/www.chaletaltitude1600.com\/fr\/nendaz-guide\/activites-dans-la-station\/","url":"https:\/\/www.chaletaltitude1600.com\/fr\/nendaz-guide\/activites-dans-la-station\/","name":"Activit\u00e9s Dans La Station | Chalet Altitude 1600","isPartOf":{"@id":"https:\/\/www.chaletaltitude1600.com\/fr\/#website"},"datePublished":"2017-04-21T09:51:23+00:00","dateModified":"2019-04-06T12:36:51+00:00","description":"Situ\u00e9e \u00e0 une altitude de 1365 m\u00e8tres au-dessus de la ville de Sion, Haute-Nendaz est une station de ski, situ\u00e9e dans les quatre vall\u00e9es, en Suisse. C'est","breadcrumb":{"@id":"https:\/\/www.chaletaltitude1600.com\/fr\/nendaz-guide\/activites-dans-la-station\/#breadcrumb"},"inLanguage":"fr-FR","potentialAction":[{"@type":"ReadAction","target":["https:\/\/www.chaletaltitude1600.com\/fr\/nendaz-guide\/activites-dans-la-station\/"]}]},{"@type":"BreadcrumbList","@id":"https:\/\/www.chaletaltitude1600.com\/fr\/nendaz-guide\/activites-dans-la-station\/#breadcrumb","itemListElement":[{"@type":"ListItem","position":1,"name":"Home","item":"https:\/\/www.chaletaltitude1600.com\/fr\/"},{"@type":"ListItem","position":2,"name":"Nendaz Guide 2019","item":"https:\/\/www.chaletaltitude1600.com\/fr\/nendaz-guide\/"},{"@type":"ListItem","position":3,"name":"Activit\u00e9s Dans La Station"}]},{"@type":"WebSite","@id":"https:\/\/www.chaletaltitude1600.com\/fr\/#website","url":"https:\/\/www.chaletaltitude1600.com\/fr\/","name":"Chalet Altitude 1600","description":"Luxury Ski Chalet","publisher":{"@id":"https:\/\/www.chaletaltitude1600.com\/fr\/#organization"},"potentialAction":[{"@type":"SearchAction","target":{"@type":"EntryPoint","urlTemplate":"https:\/\/www.chaletaltitude1600.com\/fr\/?s={search_term_string}"},"query-input":{"@type":"PropertyValueSpecification","valueRequired":true,"valueName":"search_term_string"}}],"inLanguage":"fr-FR"},{"@type":"Organization","@id":"https:\/\/www.chaletaltitude1600.com\/fr\/#organization","name":"Chalet Altitude 1600","url":"https:\/\/www.chaletaltitude1600.com\/fr\/","logo":{"@type":"ImageObject","inLanguage":"fr-FR","@id":"https:\/\/www.chaletaltitude1600.com\/fr\/#\/schema\/logo\/image\/","url":"https:\/\/www.chaletaltitude1600.com\/wp-content\/uploads\/2017\/07\/chalet-logo.png","contentUrl":"https:\/\/www.chaletaltitude1600.com\/wp-content\/uploads\/2017\/07\/chalet-logo.png","width":70,"height":78,"caption":"Chalet Altitude 1600"},"image":{"@id":"https:\/\/www.chaletaltitude1600.com\/fr\/#\/schema\/logo\/image\/"},"sameAs":["https:\/\/www.facebook.com\/chaletaltitude1600","https:\/\/x.com\/altitude1600","http:\/\/altitude1600","https:\/\/www.linkedin.com\/company-beta\/504047","https:\/\/www.pinterest.co.uk\/altitude1600\/","http:\/\/youtube.com\/c\/ChaletAltitude1600insiderguide"]}]}},"_links":{"self":[{"href":"https:\/\/www.chaletaltitude1600.com\/fr\/wp-json\/wp\/v2\/pages\/850","targetHints":{"allow":["GET"]}}],"collection":[{"href":"https:\/\/www.chaletaltitude1600.com\/fr\/wp-json\/wp\/v2\/pages"}],"about":[{"href":"https:\/\/www.chaletaltitude1600.com\/fr\/wp-json\/wp\/v2\/types\/page"}],"author":[{"embeddable":true,"href":"https:\/\/www.chaletaltitude1600.com\/fr\/wp-json\/wp\/v2\/users\/1"}],"replies":[{"embeddable":true,"href":"https:\/\/www.chaletaltitude1600.com\/fr\/wp-json\/wp\/v2\/comments?post=850"}],"version-history":[{"count":0,"href":"https:\/\/www.chaletaltitude1600.com\/fr\/wp-json\/wp\/v2\/pages\/850\/revisions"}],"up":[{"embeddable":true,"href":"https:\/\/www.chaletaltitude1600.com\/fr\/wp-json\/wp\/v2\/pages\/848"}],"wp:attachment":[{"href":"https:\/\/www.chaletaltitude1600.com\/fr\/wp-json\/wp\/v2\/media?parent=850"}],"curies":[{"name":"wp","href":"https:\/\/api.w.org\/{rel}","templated":true}]}}