{"id":847,"date":"2017-07-06T09:45:14","date_gmt":"2017-07-06T08:45:14","guid":{"rendered":"https:\/\/www.chaletaltitude1600.com\/my-finbec-2013\/"},"modified":"2017-09-11T19:40:44","modified_gmt":"2017-09-11T18:40:44","slug":"my-finbec-2013","status":"publish","type":"page","link":"https:\/\/www.chaletaltitude1600.com\/fr\/my-finbec-2013\/","title":{"rendered":"MyFinbec 2013"},"content":{"rendered":"<h2>Chalet Altitude 1600 vous acceuille \u00e0 MyFinbec 2013 avec David Choe<\/h2>\n<h3>D\u00e9couvrez l&rsquo;interview exclusive de David Choe.<\/h3>\n<p><iframe loading=\"lazy\" title=\"(Uncensored) David Choe Interview for myFinBec 2013 - Graffiti Art and Wine\" width=\"500\" height=\"281\" src=\"https:\/\/www.youtube.com\/embed\/4aDaOhHYMa0?feature=oembed\" frameborder=\"0\" allow=\"accelerometer; autoplay; clipboard-write; encrypted-media; gyroscope; picture-in-picture; web-share\" referrerpolicy=\"strict-origin-when-cross-origin\" allowfullscreen><\/iframe><\/p>\n<p>Le concept derri\u00e8re le projet myfinbec est d&rsquo;amener le monde de\u00a0l&rsquo;art \/ graffiti\u00a0avec l&rsquo;art de la\u00a0fabrication du vin. En 2013, l\u2019artiste David Choe bas\u00e9 Los Angeles est venu \u00e0 <a href=\"https:\/\/www.finbec.ch\/fr\/\" target=\"_blank\" rel=\"noopener\" data-content=\"http:\/\/finbec.ch\/\" data-type=\"external\">Cave Fin Bec<\/a>\u00a0en Suisse et a peint huit peintures murales qui ont \u00e9t\u00e9 utilis\u00e9es comme l&rsquo;\u0153uvre d&rsquo;art pour huit \u00e9tiquettes de vin. Chaque d\u00e9cor est peint sur de grandes supports en bois construits en utilisant un total de 672 caisses de vin en bois. Apr\u00e8s la r\u00e9colte du raisin \u00e0 l&rsquo;automne, chaque peinture est d\u00e9mont\u00e9e et rempli avec six bouteilles de vin bio prim\u00e9s dans chaque caisse. Ces 672 caisses sont ensuite envoy\u00e9es partout dans le monde. Le vin peut \u00eatre achet\u00e9 dans <a href=\"https:\/\/www.finbec.ch\/fr\/boutique-cave-fin-bec\/\">la boutique Finbec en ligne<\/a>.<\/p>\n","protected":false},"excerpt":{"rendered":"<p>Chalet Altitude 1600 vous acceuille \u00e0 MyFinbec 2013 avec David Choe D\u00e9couvrez l&rsquo;interview exclusive de David Choe. Le concept derri\u00e8re le projet myfinbec est d&rsquo;amener le monde de\u00a0l&rsquo;art \/ graffiti\u00a0avec l&rsquo;art de la\u00a0fabrication du vin. En 2013, l\u2019artiste David Choe bas\u00e9 Los Angeles est venu \u00e0 Cave Fin Bec\u00a0en Suisse et a peint huit peintures [&hellip;]<\/p>\n","protected":false},"author":1,"featured_media":0,"parent":0,"menu_order":0,"comment_status":"closed","ping_status":"closed","template":"","meta":{"_acf_changed":false,"footnotes":""},"class_list":["post-847","page","type-page","status-publish","hentry"],"acf":[],"yoast_head":"<!-- This site is optimized with the Yoast SEO plugin v24.1 - https:\/\/yoast.com\/wordpress\/plugins\/seo\/ -->\n<title>Chalet Altitude 1600 | MyFinbec 2013 Avec David Choe<\/title>\n<meta name=\"description\" content=\"Chalet Altitude 1600 vous acceuille \u00e0 MyFinbec 2013 avec David Choe D\u00e9couvrez l&#039;interview exclusive de David Choe.\" \/>\n<meta name=\"robots\" content=\"index, follow, max-snippet:-1, max-image-preview:large, max-video-preview:-1\" \/>\n<link rel=\"canonical\" href=\"https:\/\/www.chaletaltitude1600.com\/fr\/my-finbec-2013\/\" \/>\n<meta property=\"og:locale\" content=\"fr_FR\" \/>\n<meta property=\"og:type\" content=\"article\" \/>\n<meta property=\"og:title\" content=\"Chalet Altitude 1600 | MyFinbec 2013 Avec David Choe\" \/>\n<meta property=\"og:description\" content=\"Chalet Altitude 1600 vous acceuille \u00e0 MyFinbec 2013 avec David Choe D\u00e9couvrez l&#039;interview exclusive de David Choe.\" \/>\n<meta property=\"og:url\" content=\"https:\/\/www.chaletaltitude1600.com\/fr\/my-finbec-2013\/\" \/>\n<meta property=\"og:site_name\" content=\"Chalet Altitude 1600\" \/>\n<meta property=\"article:publisher\" content=\"https:\/\/www.facebook.com\/chaletaltitude1600\" \/>\n<meta property=\"article:modified_time\" content=\"2017-09-11T18:40:44+00:00\" \/>\n<meta property=\"og:image\" content=\"https:\/\/www.chaletaltitude1600.com\/wp-content\/uploads\/2017\/07\/10941145_795580000490011_4055922966584981273_n.png\" \/>\n\t<meta property=\"og:image:width\" content=\"200\" \/>\n\t<meta property=\"og:image:height\" content=\"200\" \/>\n\t<meta property=\"og:image:type\" content=\"image\/png\" \/>\n<meta name=\"twitter:card\" content=\"summary_large_image\" \/>\n<meta name=\"twitter:site\" content=\"@altitude1600\" \/>\n<meta name=\"twitter:label1\" content=\"Dur\u00e9e de lecture estim\u00e9e\" \/>\n\t<meta name=\"twitter:data1\" content=\"1 minute\" \/>\n<script type=\"application\/ld+json\" class=\"yoast-schema-graph\">{\"@context\":\"https:\/\/schema.org\",\"@graph\":[{\"@type\":\"WebPage\",\"@id\":\"https:\/\/www.chaletaltitude1600.com\/fr\/my-finbec-2013\/\",\"url\":\"https:\/\/www.chaletaltitude1600.com\/fr\/my-finbec-2013\/\",\"name\":\"Chalet Altitude 1600 | MyFinbec 2013 Avec David Choe\",\"isPartOf\":{\"@id\":\"https:\/\/www.chaletaltitude1600.com\/fr\/#website\"},\"datePublished\":\"2017-07-06T08:45:14+00:00\",\"dateModified\":\"2017-09-11T18:40:44+00:00\",\"description\":\"Chalet Altitude 1600 vous acceuille \u00e0 MyFinbec 2013 avec David Choe D\u00e9couvrez l'interview exclusive de David Choe.\",\"breadcrumb\":{\"@id\":\"https:\/\/www.chaletaltitude1600.com\/fr\/my-finbec-2013\/#breadcrumb\"},\"inLanguage\":\"fr-FR\",\"potentialAction\":[{\"@type\":\"ReadAction\",\"target\":[\"https:\/\/www.chaletaltitude1600.com\/fr\/my-finbec-2013\/\"]}]},{\"@type\":\"BreadcrumbList\",\"@id\":\"https:\/\/www.chaletaltitude1600.com\/fr\/my-finbec-2013\/#breadcrumb\",\"itemListElement\":[{\"@type\":\"ListItem\",\"position\":1,\"name\":\"Home\",\"item\":\"https:\/\/www.chaletaltitude1600.com\/fr\/\"},{\"@type\":\"ListItem\",\"position\":2,\"name\":\"MyFinbec 2013\"}]},{\"@type\":\"WebSite\",\"@id\":\"https:\/\/www.chaletaltitude1600.com\/fr\/#website\",\"url\":\"https:\/\/www.chaletaltitude1600.com\/fr\/\",\"name\":\"Chalet Altitude 1600\",\"description\":\"Luxury Ski Chalet\",\"publisher\":{\"@id\":\"https:\/\/www.chaletaltitude1600.com\/fr\/#organization\"},\"potentialAction\":[{\"@type\":\"SearchAction\",\"target\":{\"@type\":\"EntryPoint\",\"urlTemplate\":\"https:\/\/www.chaletaltitude1600.com\/fr\/?s={search_term_string}\"},\"query-input\":{\"@type\":\"PropertyValueSpecification\",\"valueRequired\":true,\"valueName\":\"search_term_string\"}}],\"inLanguage\":\"fr-FR\"},{\"@type\":\"Organization\",\"@id\":\"https:\/\/www.chaletaltitude1600.com\/fr\/#organization\",\"name\":\"Chalet Altitude 1600\",\"url\":\"https:\/\/www.chaletaltitude1600.com\/fr\/\",\"logo\":{\"@type\":\"ImageObject\",\"inLanguage\":\"fr-FR\",\"@id\":\"https:\/\/www.chaletaltitude1600.com\/fr\/#\/schema\/logo\/image\/\",\"url\":\"https:\/\/www.chaletaltitude1600.com\/wp-content\/uploads\/2017\/07\/chalet-logo.png\",\"contentUrl\":\"https:\/\/www.chaletaltitude1600.com\/wp-content\/uploads\/2017\/07\/chalet-logo.png\",\"width\":70,\"height\":78,\"caption\":\"Chalet Altitude 1600\"},\"image\":{\"@id\":\"https:\/\/www.chaletaltitude1600.com\/fr\/#\/schema\/logo\/image\/\"},\"sameAs\":[\"https:\/\/www.facebook.com\/chaletaltitude1600\",\"https:\/\/x.com\/altitude1600\",\"http:\/\/altitude1600\",\"https:\/\/www.linkedin.com\/company-beta\/504047\",\"https:\/\/www.pinterest.co.uk\/altitude1600\/\",\"http:\/\/youtube.com\/c\/ChaletAltitude1600insiderguide\"]}]}<\/script>\n<!-- \/ Yoast SEO plugin. -->","yoast_head_json":{"title":"Chalet Altitude 1600 | MyFinbec 2013 Avec David Choe","description":"Chalet Altitude 1600 vous acceuille \u00e0 MyFinbec 2013 avec David Choe D\u00e9couvrez l'interview exclusive de David Choe.","robots":{"index":"index","follow":"follow","max-snippet":"max-snippet:-1","max-image-preview":"max-image-preview:large","max-video-preview":"max-video-preview:-1"},"canonical":"https:\/\/www.chaletaltitude1600.com\/fr\/my-finbec-2013\/","og_locale":"fr_FR","og_type":"article","og_title":"Chalet Altitude 1600 | MyFinbec 2013 Avec David Choe","og_description":"Chalet Altitude 1600 vous acceuille \u00e0 MyFinbec 2013 avec David Choe D\u00e9couvrez l'interview exclusive de David Choe.","og_url":"https:\/\/www.chaletaltitude1600.com\/fr\/my-finbec-2013\/","og_site_name":"Chalet Altitude 1600","article_publisher":"https:\/\/www.facebook.com\/chaletaltitude1600","article_modified_time":"2017-09-11T18:40:44+00:00","og_image":[{"width":200,"height":200,"url":"https:\/\/www.chaletaltitude1600.com\/wp-content\/uploads\/2017\/07\/10941145_795580000490011_4055922966584981273_n.png","type":"image\/png"}],"twitter_card":"summary_large_image","twitter_site":"@altitude1600","twitter_misc":{"Dur\u00e9e de lecture estim\u00e9e":"1 minute"},"schema":{"@context":"https:\/\/schema.org","@graph":[{"@type":"WebPage","@id":"https:\/\/www.chaletaltitude1600.com\/fr\/my-finbec-2013\/","url":"https:\/\/www.chaletaltitude1600.com\/fr\/my-finbec-2013\/","name":"Chalet Altitude 1600 | MyFinbec 2013 Avec David Choe","isPartOf":{"@id":"https:\/\/www.chaletaltitude1600.com\/fr\/#website"},"datePublished":"2017-07-06T08:45:14+00:00","dateModified":"2017-09-11T18:40:44+00:00","description":"Chalet Altitude 1600 vous acceuille \u00e0 MyFinbec 2013 avec David Choe D\u00e9couvrez l'interview exclusive de David Choe.","breadcrumb":{"@id":"https:\/\/www.chaletaltitude1600.com\/fr\/my-finbec-2013\/#breadcrumb"},"inLanguage":"fr-FR","potentialAction":[{"@type":"ReadAction","target":["https:\/\/www.chaletaltitude1600.com\/fr\/my-finbec-2013\/"]}]},{"@type":"BreadcrumbList","@id":"https:\/\/www.chaletaltitude1600.com\/fr\/my-finbec-2013\/#breadcrumb","itemListElement":[{"@type":"ListItem","position":1,"name":"Home","item":"https:\/\/www.chaletaltitude1600.com\/fr\/"},{"@type":"ListItem","position":2,"name":"MyFinbec 2013"}]},{"@type":"WebSite","@id":"https:\/\/www.chaletaltitude1600.com\/fr\/#website","url":"https:\/\/www.chaletaltitude1600.com\/fr\/","name":"Chalet Altitude 1600","description":"Luxury Ski Chalet","publisher":{"@id":"https:\/\/www.chaletaltitude1600.com\/fr\/#organization"},"potentialAction":[{"@type":"SearchAction","target":{"@type":"EntryPoint","urlTemplate":"https:\/\/www.chaletaltitude1600.com\/fr\/?s={search_term_string}"},"query-input":{"@type":"PropertyValueSpecification","valueRequired":true,"valueName":"search_term_string"}}],"inLanguage":"fr-FR"},{"@type":"Organization","@id":"https:\/\/www.chaletaltitude1600.com\/fr\/#organization","name":"Chalet Altitude 1600","url":"https:\/\/www.chaletaltitude1600.com\/fr\/","logo":{"@type":"ImageObject","inLanguage":"fr-FR","@id":"https:\/\/www.chaletaltitude1600.com\/fr\/#\/schema\/logo\/image\/","url":"https:\/\/www.chaletaltitude1600.com\/wp-content\/uploads\/2017\/07\/chalet-logo.png","contentUrl":"https:\/\/www.chaletaltitude1600.com\/wp-content\/uploads\/2017\/07\/chalet-logo.png","width":70,"height":78,"caption":"Chalet Altitude 1600"},"image":{"@id":"https:\/\/www.chaletaltitude1600.com\/fr\/#\/schema\/logo\/image\/"},"sameAs":["https:\/\/www.facebook.com\/chaletaltitude1600","https:\/\/x.com\/altitude1600","http:\/\/altitude1600","https:\/\/www.linkedin.com\/company-beta\/504047","https:\/\/www.pinterest.co.uk\/altitude1600\/","http:\/\/youtube.com\/c\/ChaletAltitude1600insiderguide"]}]}},"_links":{"self":[{"href":"https:\/\/www.chaletaltitude1600.com\/fr\/wp-json\/wp\/v2\/pages\/847","targetHints":{"allow":["GET"]}}],"collection":[{"href":"https:\/\/www.chaletaltitude1600.com\/fr\/wp-json\/wp\/v2\/pages"}],"about":[{"href":"https:\/\/www.chaletaltitude1600.com\/fr\/wp-json\/wp\/v2\/types\/page"}],"author":[{"embeddable":true,"href":"https:\/\/www.chaletaltitude1600.com\/fr\/wp-json\/wp\/v2\/users\/1"}],"replies":[{"embeddable":true,"href":"https:\/\/www.chaletaltitude1600.com\/fr\/wp-json\/wp\/v2\/comments?post=847"}],"version-history":[{"count":0,"href":"https:\/\/www.chaletaltitude1600.com\/fr\/wp-json\/wp\/v2\/pages\/847\/revisions"}],"wp:attachment":[{"href":"https:\/\/www.chaletaltitude1600.com\/fr\/wp-json\/wp\/v2\/media?parent=847"}],"curies":[{"name":"wp","href":"https:\/\/api.w.org\/{rel}","templated":true}]}}