{"id":846,"date":"2017-07-06T12:13:21","date_gmt":"2017-07-06T11:13:21","guid":{"rendered":"https:\/\/www.chaletaltitude1600.com\/gallery\/"},"modified":"2017-10-20T23:17:33","modified_gmt":"2017-10-20T22:17:33","slug":"galerie","status":"publish","type":"page","link":"https:\/\/www.chaletaltitude1600.com\/fr\/galerie\/","title":{"rendered":"Galerie"},"content":{"rendered":"","protected":false},"excerpt":{"rendered":"","protected":false},"author":1,"featured_media":0,"parent":0,"menu_order":0,"comment_status":"closed","ping_status":"closed","template":"page-gallery.php","meta":{"_acf_changed":false,"footnotes":""},"class_list":["post-846","page","type-page","status-publish","hentry"],"acf":[],"yoast_head":"<!-- This site is optimized with the Yoast SEO plugin v24.1 - https:\/\/yoast.com\/wordpress\/plugins\/seo\/ -->\n<title>Chalet Altitude 1600 | Galerie Photos | Int\u00e9rieur et Ext\u00e9rieur<\/title>\n<meta name=\"description\" content=\"D\u00e9couvrez toutes les photos du Chalet Altitude 1600 \u00e0 Nendaz, Suisse ainsi que les environs en \u00e9t\u00e9 et sous la neige hivernale.\" \/>\n<meta name=\"robots\" content=\"index, follow, max-snippet:-1, max-image-preview:large, max-video-preview:-1\" \/>\n<link rel=\"canonical\" href=\"https:\/\/www.chaletaltitude1600.com\/fr\/galerie\/\" \/>\n<meta property=\"og:locale\" content=\"fr_FR\" \/>\n<meta property=\"og:type\" content=\"article\" \/>\n<meta property=\"og:title\" content=\"Chalet Altitude 1600 | Galerie Photos | Int\u00e9rieur et Ext\u00e9rieur\" \/>\n<meta property=\"og:description\" content=\"D\u00e9couvrez toutes les photos du Chalet Altitude 1600 \u00e0 Nendaz, Suisse ainsi que les environs en \u00e9t\u00e9 et sous la neige hivernale.\" \/>\n<meta property=\"og:url\" content=\"https:\/\/www.chaletaltitude1600.com\/fr\/galerie\/\" \/>\n<meta property=\"og:site_name\" content=\"Chalet Altitude 1600\" \/>\n<meta property=\"article:publisher\" content=\"https:\/\/www.facebook.com\/chaletaltitude1600\" \/>\n<meta property=\"article:modified_time\" content=\"2017-10-20T22:17:33+00:00\" \/>\n<meta property=\"og:image\" content=\"https:\/\/www.chaletaltitude1600.com\/wp-content\/uploads\/2017\/07\/10941145_795580000490011_4055922966584981273_n.png\" \/>\n\t<meta property=\"og:image:width\" content=\"200\" \/>\n\t<meta property=\"og:image:height\" content=\"200\" \/>\n\t<meta property=\"og:image:type\" content=\"image\/png\" \/>\n<meta name=\"twitter:card\" content=\"summary_large_image\" \/>\n<meta name=\"twitter:site\" content=\"@altitude1600\" \/>\n<script type=\"application\/ld+json\" class=\"yoast-schema-graph\">{\"@context\":\"https:\/\/schema.org\",\"@graph\":[{\"@type\":\"WebPage\",\"@id\":\"https:\/\/www.chaletaltitude1600.com\/fr\/galerie\/\",\"url\":\"https:\/\/www.chaletaltitude1600.com\/fr\/galerie\/\",\"name\":\"Chalet Altitude 1600 | Galerie Photos | Int\u00e9rieur et Ext\u00e9rieur\",\"isPartOf\":{\"@id\":\"https:\/\/www.chaletaltitude1600.com\/fr\/#website\"},\"datePublished\":\"2017-07-06T11:13:21+00:00\",\"dateModified\":\"2017-10-20T22:17:33+00:00\",\"description\":\"D\u00e9couvrez toutes les photos du Chalet Altitude 1600 \u00e0 Nendaz, Suisse ainsi que les environs en \u00e9t\u00e9 et sous la neige hivernale.\",\"breadcrumb\":{\"@id\":\"https:\/\/www.chaletaltitude1600.com\/fr\/galerie\/#breadcrumb\"},\"inLanguage\":\"fr-FR\",\"potentialAction\":[{\"@type\":\"ReadAction\",\"target\":[\"https:\/\/www.chaletaltitude1600.com\/fr\/galerie\/\"]}]},{\"@type\":\"BreadcrumbList\",\"@id\":\"https:\/\/www.chaletaltitude1600.com\/fr\/galerie\/#breadcrumb\",\"itemListElement\":[{\"@type\":\"ListItem\",\"position\":1,\"name\":\"Home\",\"item\":\"https:\/\/www.chaletaltitude1600.com\/fr\/\"},{\"@type\":\"ListItem\",\"position\":2,\"name\":\"Galerie\"}]},{\"@type\":\"WebSite\",\"@id\":\"https:\/\/www.chaletaltitude1600.com\/fr\/#website\",\"url\":\"https:\/\/www.chaletaltitude1600.com\/fr\/\",\"name\":\"Chalet Altitude 1600\",\"description\":\"Luxury Ski Chalet\",\"publisher\":{\"@id\":\"https:\/\/www.chaletaltitude1600.com\/fr\/#organization\"},\"potentialAction\":[{\"@type\":\"SearchAction\",\"target\":{\"@type\":\"EntryPoint\",\"urlTemplate\":\"https:\/\/www.chaletaltitude1600.com\/fr\/?s={search_term_string}\"},\"query-input\":{\"@type\":\"PropertyValueSpecification\",\"valueRequired\":true,\"valueName\":\"search_term_string\"}}],\"inLanguage\":\"fr-FR\"},{\"@type\":\"Organization\",\"@id\":\"https:\/\/www.chaletaltitude1600.com\/fr\/#organization\",\"name\":\"Chalet Altitude 1600\",\"url\":\"https:\/\/www.chaletaltitude1600.com\/fr\/\",\"logo\":{\"@type\":\"ImageObject\",\"inLanguage\":\"fr-FR\",\"@id\":\"https:\/\/www.chaletaltitude1600.com\/fr\/#\/schema\/logo\/image\/\",\"url\":\"https:\/\/www.chaletaltitude1600.com\/wp-content\/uploads\/2017\/07\/chalet-logo.png\",\"contentUrl\":\"https:\/\/www.chaletaltitude1600.com\/wp-content\/uploads\/2017\/07\/chalet-logo.png\",\"width\":70,\"height\":78,\"caption\":\"Chalet Altitude 1600\"},\"image\":{\"@id\":\"https:\/\/www.chaletaltitude1600.com\/fr\/#\/schema\/logo\/image\/\"},\"sameAs\":[\"https:\/\/www.facebook.com\/chaletaltitude1600\",\"https:\/\/x.com\/altitude1600\",\"http:\/\/altitude1600\",\"https:\/\/www.linkedin.com\/company-beta\/504047\",\"https:\/\/www.pinterest.co.uk\/altitude1600\/\",\"http:\/\/youtube.com\/c\/ChaletAltitude1600insiderguide\"]}]}<\/script>\n<!-- \/ Yoast SEO plugin. -->","yoast_head_json":{"title":"Chalet Altitude 1600 | Galerie Photos | Int\u00e9rieur et Ext\u00e9rieur","description":"D\u00e9couvrez toutes les photos du Chalet Altitude 1600 \u00e0 Nendaz, Suisse ainsi que les environs en \u00e9t\u00e9 et sous la neige hivernale.","robots":{"index":"index","follow":"follow","max-snippet":"max-snippet:-1","max-image-preview":"max-image-preview:large","max-video-preview":"max-video-preview:-1"},"canonical":"https:\/\/www.chaletaltitude1600.com\/fr\/galerie\/","og_locale":"fr_FR","og_type":"article","og_title":"Chalet Altitude 1600 | Galerie Photos | Int\u00e9rieur et Ext\u00e9rieur","og_description":"D\u00e9couvrez toutes les photos du Chalet Altitude 1600 \u00e0 Nendaz, Suisse ainsi que les environs en \u00e9t\u00e9 et sous la neige hivernale.","og_url":"https:\/\/www.chaletaltitude1600.com\/fr\/galerie\/","og_site_name":"Chalet Altitude 1600","article_publisher":"https:\/\/www.facebook.com\/chaletaltitude1600","article_modified_time":"2017-10-20T22:17:33+00:00","og_image":[{"width":200,"height":200,"url":"https:\/\/www.chaletaltitude1600.com\/wp-content\/uploads\/2017\/07\/10941145_795580000490011_4055922966584981273_n.png","type":"image\/png"}],"twitter_card":"summary_large_image","twitter_site":"@altitude1600","schema":{"@context":"https:\/\/schema.org","@graph":[{"@type":"WebPage","@id":"https:\/\/www.chaletaltitude1600.com\/fr\/galerie\/","url":"https:\/\/www.chaletaltitude1600.com\/fr\/galerie\/","name":"Chalet Altitude 1600 | Galerie Photos | Int\u00e9rieur et Ext\u00e9rieur","isPartOf":{"@id":"https:\/\/www.chaletaltitude1600.com\/fr\/#website"},"datePublished":"2017-07-06T11:13:21+00:00","dateModified":"2017-10-20T22:17:33+00:00","description":"D\u00e9couvrez toutes les photos du Chalet Altitude 1600 \u00e0 Nendaz, Suisse ainsi que les environs en \u00e9t\u00e9 et sous la neige hivernale.","breadcrumb":{"@id":"https:\/\/www.chaletaltitude1600.com\/fr\/galerie\/#breadcrumb"},"inLanguage":"fr-FR","potentialAction":[{"@type":"ReadAction","target":["https:\/\/www.chaletaltitude1600.com\/fr\/galerie\/"]}]},{"@type":"BreadcrumbList","@id":"https:\/\/www.chaletaltitude1600.com\/fr\/galerie\/#breadcrumb","itemListElement":[{"@type":"ListItem","position":1,"name":"Home","item":"https:\/\/www.chaletaltitude1600.com\/fr\/"},{"@type":"ListItem","position":2,"name":"Galerie"}]},{"@type":"WebSite","@id":"https:\/\/www.chaletaltitude1600.com\/fr\/#website","url":"https:\/\/www.chaletaltitude1600.com\/fr\/","name":"Chalet Altitude 1600","description":"Luxury Ski Chalet","publisher":{"@id":"https:\/\/www.chaletaltitude1600.com\/fr\/#organization"},"potentialAction":[{"@type":"SearchAction","target":{"@type":"EntryPoint","urlTemplate":"https:\/\/www.chaletaltitude1600.com\/fr\/?s={search_term_string}"},"query-input":{"@type":"PropertyValueSpecification","valueRequired":true,"valueName":"search_term_string"}}],"inLanguage":"fr-FR"},{"@type":"Organization","@id":"https:\/\/www.chaletaltitude1600.com\/fr\/#organization","name":"Chalet Altitude 1600","url":"https:\/\/www.chaletaltitude1600.com\/fr\/","logo":{"@type":"ImageObject","inLanguage":"fr-FR","@id":"https:\/\/www.chaletaltitude1600.com\/fr\/#\/schema\/logo\/image\/","url":"https:\/\/www.chaletaltitude1600.com\/wp-content\/uploads\/2017\/07\/chalet-logo.png","contentUrl":"https:\/\/www.chaletaltitude1600.com\/wp-content\/uploads\/2017\/07\/chalet-logo.png","width":70,"height":78,"caption":"Chalet Altitude 1600"},"image":{"@id":"https:\/\/www.chaletaltitude1600.com\/fr\/#\/schema\/logo\/image\/"},"sameAs":["https:\/\/www.facebook.com\/chaletaltitude1600","https:\/\/x.com\/altitude1600","http:\/\/altitude1600","https:\/\/www.linkedin.com\/company-beta\/504047","https:\/\/www.pinterest.co.uk\/altitude1600\/","http:\/\/youtube.com\/c\/ChaletAltitude1600insiderguide"]}]}},"_links":{"self":[{"href":"https:\/\/www.chaletaltitude1600.com\/fr\/wp-json\/wp\/v2\/pages\/846","targetHints":{"allow":["GET"]}}],"collection":[{"href":"https:\/\/www.chaletaltitude1600.com\/fr\/wp-json\/wp\/v2\/pages"}],"about":[{"href":"https:\/\/www.chaletaltitude1600.com\/fr\/wp-json\/wp\/v2\/types\/page"}],"author":[{"embeddable":true,"href":"https:\/\/www.chaletaltitude1600.com\/fr\/wp-json\/wp\/v2\/users\/1"}],"replies":[{"embeddable":true,"href":"https:\/\/www.chaletaltitude1600.com\/fr\/wp-json\/wp\/v2\/comments?post=846"}],"version-history":[{"count":0,"href":"https:\/\/www.chaletaltitude1600.com\/fr\/wp-json\/wp\/v2\/pages\/846\/revisions"}],"wp:attachment":[{"href":"https:\/\/www.chaletaltitude1600.com\/fr\/wp-json\/wp\/v2\/media?parent=846"}],"curies":[{"name":"wp","href":"https:\/\/api.w.org\/{rel}","templated":true}]}}