{"id":845,"date":"2017-04-21T10:35:02","date_gmt":"2017-04-21T09:35:02","guid":{"rendered":"https:\/\/www.chaletaltitude1600.com\/corporate\/"},"modified":"2021-03-25T18:40:23","modified_gmt":"2021-03-25T17:40:23","slug":"corporate","status":"publish","type":"page","link":"https:\/\/www.chaletaltitude1600.com\/fr\/corporate\/","title":{"rendered":"Corporate"},"content":{"rendered":"<p>Notre superbe emplacement dans les Alpes suisses est la r\u00e9compense parfaite pour les \u00e9quipes ou la client\u00e8le. Et vous pouvez vous d\u00e9tendre en sachant que nous disposons d\u00e9j\u00e0 de toutes les installations et \u00e9quipements. Il suffit de monter avec votre motivation.<\/p>\n","protected":false},"excerpt":{"rendered":"<p>Notre superbe emplacement dans les Alpes suisses est la r\u00e9compense parfaite pour les \u00e9quipes ou la client\u00e8le. Et vous pouvez vous d\u00e9tendre en sachant que nous disposons d\u00e9j\u00e0 de toutes les installations et \u00e9quipements. Il suffit de monter avec votre motivation.<\/p>\n","protected":false},"author":1,"featured_media":328,"parent":0,"menu_order":0,"comment_status":"closed","ping_status":"closed","template":"page-chalet.php","meta":{"_acf_changed":false,"footnotes":""},"class_list":["post-845","page","type-page","status-publish","has-post-thumbnail","hentry"],"acf":[],"yoast_head":"<!-- This site is optimized with the Yoast SEO plugin v24.1 - https:\/\/yoast.com\/wordpress\/plugins\/seo\/ -->\n<title>Conf\u00e9rence d\u2019Entreprise | Salle de S\u00e9minaire | Chalet avec Home Cin\u00e9ma<\/title>\n<meta name=\"description\" content=\"Chalet Altitude 1600 est l&#039;emplacement id\u00e9al pour votre \u00e9quipe, les r\u00e9unions de strat\u00e9gie d&#039;entreprise ou les voyages incitatifs aux clients.\" \/>\n<meta name=\"robots\" content=\"index, follow, max-snippet:-1, max-image-preview:large, max-video-preview:-1\" \/>\n<link rel=\"canonical\" href=\"https:\/\/www.chaletaltitude1600.com\/fr\/corporate\/\" \/>\n<meta property=\"og:locale\" content=\"fr_FR\" \/>\n<meta property=\"og:type\" content=\"article\" \/>\n<meta property=\"og:title\" content=\"Conf\u00e9rence d\u2019Entreprise | Salle de S\u00e9minaire | Chalet avec Home Cin\u00e9ma\" \/>\n<meta property=\"og:description\" content=\"Chalet Altitude 1600 est l&#039;emplacement id\u00e9al pour votre \u00e9quipe, les r\u00e9unions de strat\u00e9gie d&#039;entreprise ou les voyages incitatifs aux clients.\" \/>\n<meta property=\"og:url\" content=\"https:\/\/www.chaletaltitude1600.com\/fr\/corporate\/\" \/>\n<meta property=\"og:site_name\" content=\"Chalet Altitude 1600\" \/>\n<meta property=\"article:publisher\" content=\"https:\/\/www.facebook.com\/chaletaltitude1600\" \/>\n<meta property=\"article:modified_time\" content=\"2021-03-25T17:40:23+00:00\" \/>\n<meta property=\"og:image\" content=\"https:\/\/www.chaletaltitude1600.com\/wp-content\/uploads\/2017\/04\/pexels-photo-38892.jpeg\" \/>\n\t<meta property=\"og:image:width\" content=\"4000\" \/>\n\t<meta property=\"og:image:height\" content=\"2660\" \/>\n\t<meta property=\"og:image:type\" content=\"image\/jpeg\" \/>\n<meta name=\"twitter:card\" content=\"summary_large_image\" \/>\n<meta name=\"twitter:site\" content=\"@altitude1600\" \/>\n<meta name=\"twitter:label1\" content=\"Dur\u00e9e de lecture estim\u00e9e\" \/>\n\t<meta name=\"twitter:data1\" content=\"1 minute\" \/>\n<script type=\"application\/ld+json\" class=\"yoast-schema-graph\">{\"@context\":\"https:\/\/schema.org\",\"@graph\":[{\"@type\":\"WebPage\",\"@id\":\"https:\/\/www.chaletaltitude1600.com\/fr\/corporate\/\",\"url\":\"https:\/\/www.chaletaltitude1600.com\/fr\/corporate\/\",\"name\":\"Conf\u00e9rence d\u2019Entreprise | Salle de S\u00e9minaire | Chalet avec Home Cin\u00e9ma\",\"isPartOf\":{\"@id\":\"https:\/\/www.chaletaltitude1600.com\/fr\/#website\"},\"primaryImageOfPage\":{\"@id\":\"https:\/\/www.chaletaltitude1600.com\/fr\/corporate\/#primaryimage\"},\"image\":{\"@id\":\"https:\/\/www.chaletaltitude1600.com\/fr\/corporate\/#primaryimage\"},\"thumbnailUrl\":\"https:\/\/www.chaletaltitude1600.com\/wp-content\/uploads\/2017\/04\/pexels-photo-38892.jpeg\",\"datePublished\":\"2017-04-21T09:35:02+00:00\",\"dateModified\":\"2021-03-25T17:40:23+00:00\",\"description\":\"Chalet Altitude 1600 est l'emplacement id\u00e9al pour votre \u00e9quipe, les r\u00e9unions de strat\u00e9gie d'entreprise ou les voyages incitatifs aux clients.\",\"breadcrumb\":{\"@id\":\"https:\/\/www.chaletaltitude1600.com\/fr\/corporate\/#breadcrumb\"},\"inLanguage\":\"fr-FR\",\"potentialAction\":[{\"@type\":\"ReadAction\",\"target\":[\"https:\/\/www.chaletaltitude1600.com\/fr\/corporate\/\"]}]},{\"@type\":\"ImageObject\",\"inLanguage\":\"fr-FR\",\"@id\":\"https:\/\/www.chaletaltitude1600.com\/fr\/corporate\/#primaryimage\",\"url\":\"https:\/\/www.chaletaltitude1600.com\/wp-content\/uploads\/2017\/04\/pexels-photo-38892.jpeg\",\"contentUrl\":\"https:\/\/www.chaletaltitude1600.com\/wp-content\/uploads\/2017\/04\/pexels-photo-38892.jpeg\",\"width\":4000,\"height\":2660,\"caption\":\"Photograph 047 by Lauren Mancke found on minimography.com\"},{\"@type\":\"BreadcrumbList\",\"@id\":\"https:\/\/www.chaletaltitude1600.com\/fr\/corporate\/#breadcrumb\",\"itemListElement\":[{\"@type\":\"ListItem\",\"position\":1,\"name\":\"Home\",\"item\":\"https:\/\/www.chaletaltitude1600.com\/fr\/\"},{\"@type\":\"ListItem\",\"position\":2,\"name\":\"Corporate\"}]},{\"@type\":\"WebSite\",\"@id\":\"https:\/\/www.chaletaltitude1600.com\/fr\/#website\",\"url\":\"https:\/\/www.chaletaltitude1600.com\/fr\/\",\"name\":\"Chalet Altitude 1600\",\"description\":\"Luxury Ski Chalet\",\"publisher\":{\"@id\":\"https:\/\/www.chaletaltitude1600.com\/fr\/#organization\"},\"potentialAction\":[{\"@type\":\"SearchAction\",\"target\":{\"@type\":\"EntryPoint\",\"urlTemplate\":\"https:\/\/www.chaletaltitude1600.com\/fr\/?s={search_term_string}\"},\"query-input\":{\"@type\":\"PropertyValueSpecification\",\"valueRequired\":true,\"valueName\":\"search_term_string\"}}],\"inLanguage\":\"fr-FR\"},{\"@type\":\"Organization\",\"@id\":\"https:\/\/www.chaletaltitude1600.com\/fr\/#organization\",\"name\":\"Chalet Altitude 1600\",\"url\":\"https:\/\/www.chaletaltitude1600.com\/fr\/\",\"logo\":{\"@type\":\"ImageObject\",\"inLanguage\":\"fr-FR\",\"@id\":\"https:\/\/www.chaletaltitude1600.com\/fr\/#\/schema\/logo\/image\/\",\"url\":\"https:\/\/www.chaletaltitude1600.com\/wp-content\/uploads\/2017\/07\/chalet-logo.png\",\"contentUrl\":\"https:\/\/www.chaletaltitude1600.com\/wp-content\/uploads\/2017\/07\/chalet-logo.png\",\"width\":70,\"height\":78,\"caption\":\"Chalet Altitude 1600\"},\"image\":{\"@id\":\"https:\/\/www.chaletaltitude1600.com\/fr\/#\/schema\/logo\/image\/\"},\"sameAs\":[\"https:\/\/www.facebook.com\/chaletaltitude1600\",\"https:\/\/x.com\/altitude1600\",\"http:\/\/altitude1600\",\"https:\/\/www.linkedin.com\/company-beta\/504047\",\"https:\/\/www.pinterest.co.uk\/altitude1600\/\",\"http:\/\/youtube.com\/c\/ChaletAltitude1600insiderguide\"]}]}<\/script>\n<!-- \/ Yoast SEO plugin. -->","yoast_head_json":{"title":"Conf\u00e9rence d\u2019Entreprise | Salle de S\u00e9minaire | Chalet avec Home Cin\u00e9ma","description":"Chalet Altitude 1600 est l'emplacement id\u00e9al pour votre \u00e9quipe, les r\u00e9unions de strat\u00e9gie d'entreprise ou les voyages incitatifs aux clients.","robots":{"index":"index","follow":"follow","max-snippet":"max-snippet:-1","max-image-preview":"max-image-preview:large","max-video-preview":"max-video-preview:-1"},"canonical":"https:\/\/www.chaletaltitude1600.com\/fr\/corporate\/","og_locale":"fr_FR","og_type":"article","og_title":"Conf\u00e9rence d\u2019Entreprise | Salle de S\u00e9minaire | Chalet avec Home Cin\u00e9ma","og_description":"Chalet Altitude 1600 est l'emplacement id\u00e9al pour votre \u00e9quipe, les r\u00e9unions de strat\u00e9gie d'entreprise ou les voyages incitatifs aux clients.","og_url":"https:\/\/www.chaletaltitude1600.com\/fr\/corporate\/","og_site_name":"Chalet Altitude 1600","article_publisher":"https:\/\/www.facebook.com\/chaletaltitude1600","article_modified_time":"2021-03-25T17:40:23+00:00","og_image":[{"width":4000,"height":2660,"url":"https:\/\/www.chaletaltitude1600.com\/wp-content\/uploads\/2017\/04\/pexels-photo-38892.jpeg","type":"image\/jpeg"}],"twitter_card":"summary_large_image","twitter_site":"@altitude1600","twitter_misc":{"Dur\u00e9e de lecture estim\u00e9e":"1 minute"},"schema":{"@context":"https:\/\/schema.org","@graph":[{"@type":"WebPage","@id":"https:\/\/www.chaletaltitude1600.com\/fr\/corporate\/","url":"https:\/\/www.chaletaltitude1600.com\/fr\/corporate\/","name":"Conf\u00e9rence d\u2019Entreprise | Salle de S\u00e9minaire | Chalet avec Home Cin\u00e9ma","isPartOf":{"@id":"https:\/\/www.chaletaltitude1600.com\/fr\/#website"},"primaryImageOfPage":{"@id":"https:\/\/www.chaletaltitude1600.com\/fr\/corporate\/#primaryimage"},"image":{"@id":"https:\/\/www.chaletaltitude1600.com\/fr\/corporate\/#primaryimage"},"thumbnailUrl":"https:\/\/www.chaletaltitude1600.com\/wp-content\/uploads\/2017\/04\/pexels-photo-38892.jpeg","datePublished":"2017-04-21T09:35:02+00:00","dateModified":"2021-03-25T17:40:23+00:00","description":"Chalet Altitude 1600 est l'emplacement id\u00e9al pour votre \u00e9quipe, les r\u00e9unions de strat\u00e9gie d'entreprise ou les voyages incitatifs aux clients.","breadcrumb":{"@id":"https:\/\/www.chaletaltitude1600.com\/fr\/corporate\/#breadcrumb"},"inLanguage":"fr-FR","potentialAction":[{"@type":"ReadAction","target":["https:\/\/www.chaletaltitude1600.com\/fr\/corporate\/"]}]},{"@type":"ImageObject","inLanguage":"fr-FR","@id":"https:\/\/www.chaletaltitude1600.com\/fr\/corporate\/#primaryimage","url":"https:\/\/www.chaletaltitude1600.com\/wp-content\/uploads\/2017\/04\/pexels-photo-38892.jpeg","contentUrl":"https:\/\/www.chaletaltitude1600.com\/wp-content\/uploads\/2017\/04\/pexels-photo-38892.jpeg","width":4000,"height":2660,"caption":"Photograph 047 by Lauren Mancke found on minimography.com"},{"@type":"BreadcrumbList","@id":"https:\/\/www.chaletaltitude1600.com\/fr\/corporate\/#breadcrumb","itemListElement":[{"@type":"ListItem","position":1,"name":"Home","item":"https:\/\/www.chaletaltitude1600.com\/fr\/"},{"@type":"ListItem","position":2,"name":"Corporate"}]},{"@type":"WebSite","@id":"https:\/\/www.chaletaltitude1600.com\/fr\/#website","url":"https:\/\/www.chaletaltitude1600.com\/fr\/","name":"Chalet Altitude 1600","description":"Luxury Ski Chalet","publisher":{"@id":"https:\/\/www.chaletaltitude1600.com\/fr\/#organization"},"potentialAction":[{"@type":"SearchAction","target":{"@type":"EntryPoint","urlTemplate":"https:\/\/www.chaletaltitude1600.com\/fr\/?s={search_term_string}"},"query-input":{"@type":"PropertyValueSpecification","valueRequired":true,"valueName":"search_term_string"}}],"inLanguage":"fr-FR"},{"@type":"Organization","@id":"https:\/\/www.chaletaltitude1600.com\/fr\/#organization","name":"Chalet Altitude 1600","url":"https:\/\/www.chaletaltitude1600.com\/fr\/","logo":{"@type":"ImageObject","inLanguage":"fr-FR","@id":"https:\/\/www.chaletaltitude1600.com\/fr\/#\/schema\/logo\/image\/","url":"https:\/\/www.chaletaltitude1600.com\/wp-content\/uploads\/2017\/07\/chalet-logo.png","contentUrl":"https:\/\/www.chaletaltitude1600.com\/wp-content\/uploads\/2017\/07\/chalet-logo.png","width":70,"height":78,"caption":"Chalet Altitude 1600"},"image":{"@id":"https:\/\/www.chaletaltitude1600.com\/fr\/#\/schema\/logo\/image\/"},"sameAs":["https:\/\/www.facebook.com\/chaletaltitude1600","https:\/\/x.com\/altitude1600","http:\/\/altitude1600","https:\/\/www.linkedin.com\/company-beta\/504047","https:\/\/www.pinterest.co.uk\/altitude1600\/","http:\/\/youtube.com\/c\/ChaletAltitude1600insiderguide"]}]}},"_links":{"self":[{"href":"https:\/\/www.chaletaltitude1600.com\/fr\/wp-json\/wp\/v2\/pages\/845","targetHints":{"allow":["GET"]}}],"collection":[{"href":"https:\/\/www.chaletaltitude1600.com\/fr\/wp-json\/wp\/v2\/pages"}],"about":[{"href":"https:\/\/www.chaletaltitude1600.com\/fr\/wp-json\/wp\/v2\/types\/page"}],"author":[{"embeddable":true,"href":"https:\/\/www.chaletaltitude1600.com\/fr\/wp-json\/wp\/v2\/users\/1"}],"replies":[{"embeddable":true,"href":"https:\/\/www.chaletaltitude1600.com\/fr\/wp-json\/wp\/v2\/comments?post=845"}],"version-history":[{"count":0,"href":"https:\/\/www.chaletaltitude1600.com\/fr\/wp-json\/wp\/v2\/pages\/845\/revisions"}],"wp:featuredmedia":[{"embeddable":true,"href":"https:\/\/www.chaletaltitude1600.com\/fr\/wp-json\/wp\/v2\/media\/328"}],"wp:attachment":[{"href":"https:\/\/www.chaletaltitude1600.com\/fr\/wp-json\/wp\/v2\/media?parent=845"}],"curies":[{"name":"wp","href":"https:\/\/api.w.org\/{rel}","templated":true}]}}