{"id":844,"date":"2017-04-21T10:55:36","date_gmt":"2017-04-21T09:55:36","guid":{"rendered":"https:\/\/www.chaletaltitude1600.com\/book\/"},"modified":"2019-04-06T10:59:27","modified_gmt":"2019-04-06T08:59:27","slug":"reservation","status":"publish","type":"page","link":"https:\/\/www.chaletaltitude1600.com\/fr\/reservation\/","title":{"rendered":"R\u00e9servation"},"content":{"rendered":"<p>S&rsquo;il vous pla\u00eet, contactez-nous via le formulaire, ou directement aux coordonn\u00e9es ci-dessous, avec vos dates pr\u00e9f\u00e9r\u00e9es et nous vous contacterons personnellement pour discuter des tarifs et de la disponibilit\u00e9. Sont inclus dans nos tarifs hebdomadaires les services suivants:<\/p>\n<div id=\"ez-toc-container\" class=\"ez-toc-v2_0_71 counter-hierarchy ez-toc-counter ez-toc-light-blue ez-toc-container-direction\">\n<div class=\"ez-toc-title-container\"><p class=\"ez-toc-title\" style=\"cursor:inherit\">Table of Contents<\/p>\n<\/div><nav><ul class='ez-toc-list ez-toc-list-level-1 ' ><li class='ez-toc-page-1 ez-toc-heading-level-4'><a class=\"ez-toc-link ez-toc-heading-1\" href=\"https:\/\/www.chaletaltitude1600.com\/fr\/reservation\/#1_Services\" title=\"1. Services\">1. Services<\/a><\/li><li class='ez-toc-page-1 ez-toc-heading-level-4'><a class=\"ez-toc-link ez-toc-heading-2\" href=\"https:\/\/www.chaletaltitude1600.com\/fr\/reservation\/#2_Nettoyage\" title=\"2. Nettoyage\">2. Nettoyage<\/a><\/li><li class='ez-toc-page-1 ez-toc-heading-level-4'><a class=\"ez-toc-link ez-toc-heading-3\" href=\"https:\/\/www.chaletaltitude1600.com\/fr\/reservation\/#3_Parking_et_acces_au_chalet\" title=\"3. Parking et acc\u00e8s au chalet\">3. Parking et acc\u00e8s au chalet<\/a><\/li><li class='ez-toc-page-1 ez-toc-heading-level-4'><a class=\"ez-toc-link ez-toc-heading-4\" href=\"https:\/\/www.chaletaltitude1600.com\/fr\/reservation\/#Non_Inclus\" title=\"Non Inclus\">Non Inclus<\/a><\/li><li class='ez-toc-page-1 ez-toc-heading-level-4'><a class=\"ez-toc-link ez-toc-heading-5\" href=\"https:\/\/www.chaletaltitude1600.com\/fr\/reservation\/#Services_complementaires_facultatifs\" title=\"Services compl\u00e9mentaires facultatifs *:\">Services compl\u00e9mentaires facultatifs *:<\/a><\/li><\/ul><\/nav><\/div>\n<h4><span class=\"ez-toc-section\" id=\"1_Services\"><\/span>1. Services<span class=\"ez-toc-section-end\"><\/span><\/h4>\n<ul>\n<li>Les lits sont pr\u00e9par\u00e9s avant votre arriv\u00e9e<\/li>\n<li>Linge et articles m\u00e9nagers<\/li>\n<li>Internet haut d\u00e9bit via Wi-Fi ou Ethernet<\/li>\n<li>Bois de chauffage pour la chemin\u00e9e<\/li>\n<li>Chaise haute et lit b\u00e9b\u00e9<\/li>\n<li>Utilisation de toutes les commodit\u00e9s fournies dans le chalet (barbecue \u00e0 gaz ext\u00e9rieur, hammam, jacuzzi, machines \u00e0 laver, s\u00e9choirs, cuisine et ses appareils, t\u00e9l\u00e9vision par c\u00e2ble, chauffe-bottes, etc\u2026)<\/li>\n<\/ul>\n<h4><span class=\"ez-toc-section\" id=\"2_Nettoyage\"><\/span>2. Nettoyage<span class=\"ez-toc-section-end\"><\/span><\/h4>\n<ul>\n<li>En fin de chaque semaine \/ ou fin de votre s\u00e9jour, y compris les draps et les serviettes<\/li>\n<\/ul>\n<h4><span class=\"ez-toc-section\" id=\"3_Parking_et_acces_au_chalet\"><\/span>3. Parking et acc\u00e8s au chalet<span class=\"ez-toc-section-end\"><\/span><\/h4>\n<ul>\n<li>5 places de parking au chalet.<\/li>\n<li>5 places de stationnement au parking &lsquo;Les Cl\u00e8ves&rsquo; (saison enneig\u00e9e).<\/li>\n<li>Transport d&rsquo;arriv\u00e9e et de d\u00e9part dans un Polaris Ranger de \/ vers le parking &lsquo;Les Cl\u00e8ves&rsquo; vers \/ depuis le chalet Altitude 1600 (saison enneig\u00e9e).<\/li>\n<li>3 voyages de transport par semaine de s\u00e9jour dans un Polaris Ranger du parking &lsquo;Les Cl\u00e8ves&rsquo; au chalet (saison enneig\u00e9e).<\/li>\n<\/ul>\n<h4><span class=\"ez-toc-section\" id=\"Non_Inclus\"><\/span>Non Inclus<span class=\"ez-toc-section-end\"><\/span><\/h4>\n<ul>\n<li>D\u00e9p\u00f4t de garantie\/s\u00e9curit\u00e9<\/li>\n<\/ul>\n<h4><span class=\"ez-toc-section\" id=\"Services_complementaires_facultatifs\"><\/span>Services compl\u00e9mentaires facultatifs *:<span class=\"ez-toc-section-end\"><\/span><\/h4>\n<ul>\n<li>Acc\u00e8s \u00e0 la \u00abCave \u00e0 vin Grand Crus\u00bb (d\u00e9p\u00f4t requis &#8211; consommation non comprise).<\/li>\n<li>Consommation des vins.<\/li>\n<li>Changement hebdomadaire des draps et des draps (sur demande).<\/li>\n<li>Toutes les autres activit\u00e9s.<\/li>\n<\/ul>\n<p><strong>Modalit\u00e9s de paiement.<\/strong> Un d\u00e9p\u00f4t non remboursable de 30% ainsi qu&rsquo;un contrat de location sign\u00e9 doit \u00eatre re\u00e7u pour confirmer la r\u00e9servation. Le solde restant (70%) est pr\u00e9vu 56 jours avant la date d&rsquo;arriv\u00e9e au plus tard.<\/p>\n<p><strong>Caution<\/strong>. Une caution de 3200 CHF est requise. Les 3200 CHF seront rembours\u00e9s 2 jours apr\u00e8s le check-out s&rsquo;il n&rsquo;y a pas de dommages ou des frais de nettoyage excessifs.<\/p>\n<p><strong>Suppl\u00e9ment:<\/strong><br \/>\nLes taxes touristiques locales par personne et par nuit de s\u00e9jour sont requises:<\/p>\n<ul>\n<li>CHF 2.50 par adulte,<\/li>\n<li>CHF 1,50 par enfant de moins de 12 ans<\/li>\n<\/ul>\n<p><strong>Annulations:<\/strong> Vous avez le droit d&rsquo;annuler votre r\u00e9servation. Les paiements seront rembours\u00e9s comme suit:<\/p>\n<ul>\n<li>70% si annul\u00e9 plus de 56 jours avant la date d&rsquo;arriv\u00e9e.<\/li>\n<li>50% si annul\u00e9 plus de 30 jours avant la date d&rsquo;arriv\u00e9e.<\/li>\n<li>Aucun remboursement pour annulation moins de 30 jours avant la date d&rsquo;arriv\u00e9e ou apr\u00e8s l&rsquo;arriv\u00e9e..<\/li>\n<\/ul>\n<p><strong>Check-in\/check-out:<\/strong> L&rsquo;heure du check-in est \u00e0 16h00. L&rsquo;heure de check-out est 10:00 a.m. Selon la disponibilit\u00e9, un check-in anticip\u00e9 et\/ou un check-out tardif sont disponible.<\/p>\n","protected":false},"excerpt":{"rendered":"<p>S&rsquo;il vous pla\u00eet, contactez-nous via le formulaire, ou directement aux coordonn\u00e9es ci-dessous, avec vos dates pr\u00e9f\u00e9r\u00e9es et nous vous contacterons personnellement pour discuter des tarifs et de la disponibilit\u00e9. Sont inclus dans nos tarifs hebdomadaires les services suivants: 1. Services Les lits sont pr\u00e9par\u00e9s avant votre arriv\u00e9e Linge et articles m\u00e9nagers Internet haut d\u00e9bit via [&hellip;]<\/p>\n","protected":false},"author":1,"featured_media":0,"parent":0,"menu_order":0,"comment_status":"closed","ping_status":"closed","template":"page-book.php","meta":{"_acf_changed":false,"footnotes":""},"class_list":["post-844","page","type-page","status-publish","hentry"],"acf":[],"yoast_head":"<!-- This site is optimized with the Yoast SEO plugin v24.1 - https:\/\/yoast.com\/wordpress\/plugins\/seo\/ -->\n<title>R\u00e9servation | Chalet Altitude 1600<\/title>\n<meta name=\"description\" content=\"S&#039;il vous pla\u00eet, contactez-nous via le formulaire, ou directement aux coordonn\u00e9es ci-dessous, avec vos dates pr\u00e9f\u00e9r\u00e9es et nous vous contacterons\" \/>\n<meta name=\"robots\" content=\"index, follow, max-snippet:-1, max-image-preview:large, max-video-preview:-1\" \/>\n<link rel=\"canonical\" href=\"https:\/\/www.chaletaltitude1600.com\/fr\/reservation\/\" \/>\n<meta property=\"og:locale\" content=\"fr_FR\" \/>\n<meta property=\"og:type\" content=\"article\" \/>\n<meta property=\"og:title\" content=\"R\u00e9servation | Chalet Altitude 1600\" \/>\n<meta property=\"og:description\" content=\"S&#039;il vous pla\u00eet, contactez-nous via le formulaire, ou directement aux coordonn\u00e9es ci-dessous, avec vos dates pr\u00e9f\u00e9r\u00e9es et nous vous contacterons\" \/>\n<meta property=\"og:url\" content=\"https:\/\/www.chaletaltitude1600.com\/fr\/reservation\/\" \/>\n<meta property=\"og:site_name\" content=\"Chalet Altitude 1600\" \/>\n<meta property=\"article:publisher\" content=\"https:\/\/www.facebook.com\/chaletaltitude1600\" \/>\n<meta property=\"article:modified_time\" content=\"2019-04-06T08:59:27+00:00\" \/>\n<meta property=\"og:image\" content=\"https:\/\/www.chaletaltitude1600.com\/wp-content\/uploads\/2017\/07\/10941145_795580000490011_4055922966584981273_n.png\" \/>\n\t<meta property=\"og:image:width\" content=\"200\" \/>\n\t<meta property=\"og:image:height\" content=\"200\" \/>\n\t<meta property=\"og:image:type\" content=\"image\/png\" \/>\n<meta name=\"twitter:card\" content=\"summary_large_image\" \/>\n<meta name=\"twitter:site\" content=\"@altitude1600\" \/>\n<meta name=\"twitter:label1\" content=\"Dur\u00e9e de lecture estim\u00e9e\" \/>\n\t<meta name=\"twitter:data1\" content=\"2 minutes\" \/>\n<script type=\"application\/ld+json\" class=\"yoast-schema-graph\">{\"@context\":\"https:\/\/schema.org\",\"@graph\":[{\"@type\":\"WebPage\",\"@id\":\"https:\/\/www.chaletaltitude1600.com\/fr\/reservation\/\",\"url\":\"https:\/\/www.chaletaltitude1600.com\/fr\/reservation\/\",\"name\":\"R\u00e9servation | Chalet Altitude 1600\",\"isPartOf\":{\"@id\":\"https:\/\/www.chaletaltitude1600.com\/fr\/#website\"},\"datePublished\":\"2017-04-21T09:55:36+00:00\",\"dateModified\":\"2019-04-06T08:59:27+00:00\",\"description\":\"S'il vous pla\u00eet, contactez-nous via le formulaire, ou directement aux coordonn\u00e9es ci-dessous, avec vos dates pr\u00e9f\u00e9r\u00e9es et nous vous contacterons\",\"breadcrumb\":{\"@id\":\"https:\/\/www.chaletaltitude1600.com\/fr\/reservation\/#breadcrumb\"},\"inLanguage\":\"fr-FR\",\"potentialAction\":[{\"@type\":\"ReadAction\",\"target\":[\"https:\/\/www.chaletaltitude1600.com\/fr\/reservation\/\"]}]},{\"@type\":\"BreadcrumbList\",\"@id\":\"https:\/\/www.chaletaltitude1600.com\/fr\/reservation\/#breadcrumb\",\"itemListElement\":[{\"@type\":\"ListItem\",\"position\":1,\"name\":\"Home\",\"item\":\"https:\/\/www.chaletaltitude1600.com\/fr\/\"},{\"@type\":\"ListItem\",\"position\":2,\"name\":\"R\u00e9servation\"}]},{\"@type\":\"WebSite\",\"@id\":\"https:\/\/www.chaletaltitude1600.com\/fr\/#website\",\"url\":\"https:\/\/www.chaletaltitude1600.com\/fr\/\",\"name\":\"Chalet Altitude 1600\",\"description\":\"Luxury Ski Chalet\",\"publisher\":{\"@id\":\"https:\/\/www.chaletaltitude1600.com\/fr\/#organization\"},\"potentialAction\":[{\"@type\":\"SearchAction\",\"target\":{\"@type\":\"EntryPoint\",\"urlTemplate\":\"https:\/\/www.chaletaltitude1600.com\/fr\/?s={search_term_string}\"},\"query-input\":{\"@type\":\"PropertyValueSpecification\",\"valueRequired\":true,\"valueName\":\"search_term_string\"}}],\"inLanguage\":\"fr-FR\"},{\"@type\":\"Organization\",\"@id\":\"https:\/\/www.chaletaltitude1600.com\/fr\/#organization\",\"name\":\"Chalet Altitude 1600\",\"url\":\"https:\/\/www.chaletaltitude1600.com\/fr\/\",\"logo\":{\"@type\":\"ImageObject\",\"inLanguage\":\"fr-FR\",\"@id\":\"https:\/\/www.chaletaltitude1600.com\/fr\/#\/schema\/logo\/image\/\",\"url\":\"https:\/\/www.chaletaltitude1600.com\/wp-content\/uploads\/2017\/07\/chalet-logo.png\",\"contentUrl\":\"https:\/\/www.chaletaltitude1600.com\/wp-content\/uploads\/2017\/07\/chalet-logo.png\",\"width\":70,\"height\":78,\"caption\":\"Chalet Altitude 1600\"},\"image\":{\"@id\":\"https:\/\/www.chaletaltitude1600.com\/fr\/#\/schema\/logo\/image\/\"},\"sameAs\":[\"https:\/\/www.facebook.com\/chaletaltitude1600\",\"https:\/\/x.com\/altitude1600\",\"http:\/\/altitude1600\",\"https:\/\/www.linkedin.com\/company-beta\/504047\",\"https:\/\/www.pinterest.co.uk\/altitude1600\/\",\"http:\/\/youtube.com\/c\/ChaletAltitude1600insiderguide\"]}]}<\/script>\n<!-- \/ Yoast SEO plugin. -->","yoast_head_json":{"title":"R\u00e9servation | Chalet Altitude 1600","description":"S'il vous pla\u00eet, contactez-nous via le formulaire, ou directement aux coordonn\u00e9es ci-dessous, avec vos dates pr\u00e9f\u00e9r\u00e9es et nous vous contacterons","robots":{"index":"index","follow":"follow","max-snippet":"max-snippet:-1","max-image-preview":"max-image-preview:large","max-video-preview":"max-video-preview:-1"},"canonical":"https:\/\/www.chaletaltitude1600.com\/fr\/reservation\/","og_locale":"fr_FR","og_type":"article","og_title":"R\u00e9servation | Chalet Altitude 1600","og_description":"S'il vous pla\u00eet, contactez-nous via le formulaire, ou directement aux coordonn\u00e9es ci-dessous, avec vos dates pr\u00e9f\u00e9r\u00e9es et nous vous contacterons","og_url":"https:\/\/www.chaletaltitude1600.com\/fr\/reservation\/","og_site_name":"Chalet Altitude 1600","article_publisher":"https:\/\/www.facebook.com\/chaletaltitude1600","article_modified_time":"2019-04-06T08:59:27+00:00","og_image":[{"width":200,"height":200,"url":"https:\/\/www.chaletaltitude1600.com\/wp-content\/uploads\/2017\/07\/10941145_795580000490011_4055922966584981273_n.png","type":"image\/png"}],"twitter_card":"summary_large_image","twitter_site":"@altitude1600","twitter_misc":{"Dur\u00e9e de lecture estim\u00e9e":"2 minutes"},"schema":{"@context":"https:\/\/schema.org","@graph":[{"@type":"WebPage","@id":"https:\/\/www.chaletaltitude1600.com\/fr\/reservation\/","url":"https:\/\/www.chaletaltitude1600.com\/fr\/reservation\/","name":"R\u00e9servation | Chalet Altitude 1600","isPartOf":{"@id":"https:\/\/www.chaletaltitude1600.com\/fr\/#website"},"datePublished":"2017-04-21T09:55:36+00:00","dateModified":"2019-04-06T08:59:27+00:00","description":"S'il vous pla\u00eet, contactez-nous via le formulaire, ou directement aux coordonn\u00e9es ci-dessous, avec vos dates pr\u00e9f\u00e9r\u00e9es et nous vous contacterons","breadcrumb":{"@id":"https:\/\/www.chaletaltitude1600.com\/fr\/reservation\/#breadcrumb"},"inLanguage":"fr-FR","potentialAction":[{"@type":"ReadAction","target":["https:\/\/www.chaletaltitude1600.com\/fr\/reservation\/"]}]},{"@type":"BreadcrumbList","@id":"https:\/\/www.chaletaltitude1600.com\/fr\/reservation\/#breadcrumb","itemListElement":[{"@type":"ListItem","position":1,"name":"Home","item":"https:\/\/www.chaletaltitude1600.com\/fr\/"},{"@type":"ListItem","position":2,"name":"R\u00e9servation"}]},{"@type":"WebSite","@id":"https:\/\/www.chaletaltitude1600.com\/fr\/#website","url":"https:\/\/www.chaletaltitude1600.com\/fr\/","name":"Chalet Altitude 1600","description":"Luxury Ski Chalet","publisher":{"@id":"https:\/\/www.chaletaltitude1600.com\/fr\/#organization"},"potentialAction":[{"@type":"SearchAction","target":{"@type":"EntryPoint","urlTemplate":"https:\/\/www.chaletaltitude1600.com\/fr\/?s={search_term_string}"},"query-input":{"@type":"PropertyValueSpecification","valueRequired":true,"valueName":"search_term_string"}}],"inLanguage":"fr-FR"},{"@type":"Organization","@id":"https:\/\/www.chaletaltitude1600.com\/fr\/#organization","name":"Chalet Altitude 1600","url":"https:\/\/www.chaletaltitude1600.com\/fr\/","logo":{"@type":"ImageObject","inLanguage":"fr-FR","@id":"https:\/\/www.chaletaltitude1600.com\/fr\/#\/schema\/logo\/image\/","url":"https:\/\/www.chaletaltitude1600.com\/wp-content\/uploads\/2017\/07\/chalet-logo.png","contentUrl":"https:\/\/www.chaletaltitude1600.com\/wp-content\/uploads\/2017\/07\/chalet-logo.png","width":70,"height":78,"caption":"Chalet Altitude 1600"},"image":{"@id":"https:\/\/www.chaletaltitude1600.com\/fr\/#\/schema\/logo\/image\/"},"sameAs":["https:\/\/www.facebook.com\/chaletaltitude1600","https:\/\/x.com\/altitude1600","http:\/\/altitude1600","https:\/\/www.linkedin.com\/company-beta\/504047","https:\/\/www.pinterest.co.uk\/altitude1600\/","http:\/\/youtube.com\/c\/ChaletAltitude1600insiderguide"]}]}},"_links":{"self":[{"href":"https:\/\/www.chaletaltitude1600.com\/fr\/wp-json\/wp\/v2\/pages\/844","targetHints":{"allow":["GET"]}}],"collection":[{"href":"https:\/\/www.chaletaltitude1600.com\/fr\/wp-json\/wp\/v2\/pages"}],"about":[{"href":"https:\/\/www.chaletaltitude1600.com\/fr\/wp-json\/wp\/v2\/types\/page"}],"author":[{"embeddable":true,"href":"https:\/\/www.chaletaltitude1600.com\/fr\/wp-json\/wp\/v2\/users\/1"}],"replies":[{"embeddable":true,"href":"https:\/\/www.chaletaltitude1600.com\/fr\/wp-json\/wp\/v2\/comments?post=844"}],"version-history":[{"count":0,"href":"https:\/\/www.chaletaltitude1600.com\/fr\/wp-json\/wp\/v2\/pages\/844\/revisions"}],"wp:attachment":[{"href":"https:\/\/www.chaletaltitude1600.com\/fr\/wp-json\/wp\/v2\/media?parent=844"}],"curies":[{"name":"wp","href":"https:\/\/api.w.org\/{rel}","templated":true}]}}