{"id":842,"date":"2017-04-21T10:33:58","date_gmt":"2017-04-21T09:33:58","guid":{"rendered":"https:\/\/www.chaletaltitude1600.com\/the-rooms\/"},"modified":"2017-10-20T21:47:21","modified_gmt":"2017-10-20T20:47:21","slug":"chambres","status":"publish","type":"page","link":"https:\/\/www.chaletaltitude1600.com\/fr\/le-chalet\/chambres\/","title":{"rendered":"Chambres"},"content":{"rendered":"","protected":false},"excerpt":{"rendered":"","protected":false},"author":1,"featured_media":164,"parent":852,"menu_order":0,"comment_status":"closed","ping_status":"closed","template":"page-chalet.php","meta":{"_acf_changed":false,"footnotes":""},"class_list":["post-842","page","type-page","status-publish","has-post-thumbnail","hentry"],"acf":[],"yoast_head":"<!-- This site is optimized with the Yoast SEO plugin v24.1 - https:\/\/yoast.com\/wordpress\/plugins\/seo\/ -->\n<title>7 Chambres | 7 Douches| Maison de Vacances | Nendaz | 4 Vall\u00e9es<\/title>\n<meta name=\"description\" content=\"7 chambres de luxe, dormez dans des lits de qualit\u00e9 h\u00f4telier, profitez d&#039;un film et d\u00e9tendez-vous dans nos grandes douches Contactez-nous d\u00e8s aujourd&#039;hui!\" \/>\n<meta name=\"robots\" content=\"index, follow, max-snippet:-1, max-image-preview:large, max-video-preview:-1\" \/>\n<link rel=\"canonical\" href=\"https:\/\/www.chaletaltitude1600.com\/fr\/le-chalet\/chambres\/\" \/>\n<meta property=\"og:locale\" content=\"fr_FR\" \/>\n<meta property=\"og:type\" content=\"article\" \/>\n<meta property=\"og:title\" content=\"7 Chambres | 7 Douches| Maison de Vacances | Nendaz | 4 Vall\u00e9es\" \/>\n<meta property=\"og:description\" content=\"7 chambres de luxe, dormez dans des lits de qualit\u00e9 h\u00f4telier, profitez d&#039;un film et d\u00e9tendez-vous dans nos grandes douches Contactez-nous d\u00e8s aujourd&#039;hui!\" \/>\n<meta property=\"og:url\" content=\"https:\/\/www.chaletaltitude1600.com\/fr\/le-chalet\/chambres\/\" \/>\n<meta property=\"og:site_name\" content=\"Chalet Altitude 1600\" \/>\n<meta property=\"article:publisher\" content=\"https:\/\/www.facebook.com\/chaletaltitude1600\" \/>\n<meta property=\"article:modified_time\" content=\"2017-10-20T20:47:21+00:00\" \/>\n<meta property=\"og:image\" content=\"https:\/\/www.chaletaltitude1600.com\/wp-content\/uploads\/2017\/04\/71fc61_b9f3b68ba4ff41839256e3b390a4b57d.png\" \/>\n\t<meta property=\"og:image:width\" content=\"1160\" \/>\n\t<meta property=\"og:image:height\" content=\"746\" \/>\n\t<meta property=\"og:image:type\" content=\"image\/png\" \/>\n<meta name=\"twitter:card\" content=\"summary_large_image\" \/>\n<meta name=\"twitter:site\" content=\"@altitude1600\" \/>\n<script type=\"application\/ld+json\" class=\"yoast-schema-graph\">{\"@context\":\"https:\/\/schema.org\",\"@graph\":[{\"@type\":\"WebPage\",\"@id\":\"https:\/\/www.chaletaltitude1600.com\/fr\/le-chalet\/chambres\/\",\"url\":\"https:\/\/www.chaletaltitude1600.com\/fr\/le-chalet\/chambres\/\",\"name\":\"7 Chambres | 7 Douches| Maison de Vacances | Nendaz | 4 Vall\u00e9es\",\"isPartOf\":{\"@id\":\"https:\/\/www.chaletaltitude1600.com\/fr\/#website\"},\"primaryImageOfPage\":{\"@id\":\"https:\/\/www.chaletaltitude1600.com\/fr\/le-chalet\/chambres\/#primaryimage\"},\"image\":{\"@id\":\"https:\/\/www.chaletaltitude1600.com\/fr\/le-chalet\/chambres\/#primaryimage\"},\"thumbnailUrl\":\"https:\/\/www.chaletaltitude1600.com\/wp-content\/uploads\/2017\/04\/71fc61_b9f3b68ba4ff41839256e3b390a4b57d.png\",\"datePublished\":\"2017-04-21T09:33:58+00:00\",\"dateModified\":\"2017-10-20T20:47:21+00:00\",\"description\":\"7 chambres de luxe, dormez dans des lits de qualit\u00e9 h\u00f4telier, profitez d'un film et d\u00e9tendez-vous dans nos grandes douches Contactez-nous d\u00e8s aujourd'hui!\",\"breadcrumb\":{\"@id\":\"https:\/\/www.chaletaltitude1600.com\/fr\/le-chalet\/chambres\/#breadcrumb\"},\"inLanguage\":\"fr-FR\",\"potentialAction\":[{\"@type\":\"ReadAction\",\"target\":[\"https:\/\/www.chaletaltitude1600.com\/fr\/le-chalet\/chambres\/\"]}]},{\"@type\":\"ImageObject\",\"inLanguage\":\"fr-FR\",\"@id\":\"https:\/\/www.chaletaltitude1600.com\/fr\/le-chalet\/chambres\/#primaryimage\",\"url\":\"https:\/\/www.chaletaltitude1600.com\/wp-content\/uploads\/2017\/04\/71fc61_b9f3b68ba4ff41839256e3b390a4b57d.png\",\"contentUrl\":\"https:\/\/www.chaletaltitude1600.com\/wp-content\/uploads\/2017\/04\/71fc61_b9f3b68ba4ff41839256e3b390a4b57d.png\",\"width\":1160,\"height\":746,\"caption\":\"Bedroom 3\"},{\"@type\":\"BreadcrumbList\",\"@id\":\"https:\/\/www.chaletaltitude1600.com\/fr\/le-chalet\/chambres\/#breadcrumb\",\"itemListElement\":[{\"@type\":\"ListItem\",\"position\":1,\"name\":\"Home\",\"item\":\"https:\/\/www.chaletaltitude1600.com\/fr\/\"},{\"@type\":\"ListItem\",\"position\":2,\"name\":\"Le Chalet\",\"item\":\"https:\/\/www.chaletaltitude1600.com\/fr\/le-chalet\/\"},{\"@type\":\"ListItem\",\"position\":3,\"name\":\"Chambres\"}]},{\"@type\":\"WebSite\",\"@id\":\"https:\/\/www.chaletaltitude1600.com\/fr\/#website\",\"url\":\"https:\/\/www.chaletaltitude1600.com\/fr\/\",\"name\":\"Chalet Altitude 1600\",\"description\":\"Luxury Ski Chalet\",\"publisher\":{\"@id\":\"https:\/\/www.chaletaltitude1600.com\/fr\/#organization\"},\"potentialAction\":[{\"@type\":\"SearchAction\",\"target\":{\"@type\":\"EntryPoint\",\"urlTemplate\":\"https:\/\/www.chaletaltitude1600.com\/fr\/?s={search_term_string}\"},\"query-input\":{\"@type\":\"PropertyValueSpecification\",\"valueRequired\":true,\"valueName\":\"search_term_string\"}}],\"inLanguage\":\"fr-FR\"},{\"@type\":\"Organization\",\"@id\":\"https:\/\/www.chaletaltitude1600.com\/fr\/#organization\",\"name\":\"Chalet Altitude 1600\",\"url\":\"https:\/\/www.chaletaltitude1600.com\/fr\/\",\"logo\":{\"@type\":\"ImageObject\",\"inLanguage\":\"fr-FR\",\"@id\":\"https:\/\/www.chaletaltitude1600.com\/fr\/#\/schema\/logo\/image\/\",\"url\":\"https:\/\/www.chaletaltitude1600.com\/wp-content\/uploads\/2017\/07\/chalet-logo.png\",\"contentUrl\":\"https:\/\/www.chaletaltitude1600.com\/wp-content\/uploads\/2017\/07\/chalet-logo.png\",\"width\":70,\"height\":78,\"caption\":\"Chalet Altitude 1600\"},\"image\":{\"@id\":\"https:\/\/www.chaletaltitude1600.com\/fr\/#\/schema\/logo\/image\/\"},\"sameAs\":[\"https:\/\/www.facebook.com\/chaletaltitude1600\",\"https:\/\/x.com\/altitude1600\",\"http:\/\/altitude1600\",\"https:\/\/www.linkedin.com\/company-beta\/504047\",\"https:\/\/www.pinterest.co.uk\/altitude1600\/\",\"http:\/\/youtube.com\/c\/ChaletAltitude1600insiderguide\"]}]}<\/script>\n<!-- \/ Yoast SEO plugin. -->","yoast_head_json":{"title":"7 Chambres | 7 Douches| Maison de Vacances | Nendaz | 4 Vall\u00e9es","description":"7 chambres de luxe, dormez dans des lits de qualit\u00e9 h\u00f4telier, profitez d'un film et d\u00e9tendez-vous dans nos grandes douches Contactez-nous d\u00e8s aujourd'hui!","robots":{"index":"index","follow":"follow","max-snippet":"max-snippet:-1","max-image-preview":"max-image-preview:large","max-video-preview":"max-video-preview:-1"},"canonical":"https:\/\/www.chaletaltitude1600.com\/fr\/le-chalet\/chambres\/","og_locale":"fr_FR","og_type":"article","og_title":"7 Chambres | 7 Douches| Maison de Vacances | Nendaz | 4 Vall\u00e9es","og_description":"7 chambres de luxe, dormez dans des lits de qualit\u00e9 h\u00f4telier, profitez d'un film et d\u00e9tendez-vous dans nos grandes douches Contactez-nous d\u00e8s aujourd'hui!","og_url":"https:\/\/www.chaletaltitude1600.com\/fr\/le-chalet\/chambres\/","og_site_name":"Chalet Altitude 1600","article_publisher":"https:\/\/www.facebook.com\/chaletaltitude1600","article_modified_time":"2017-10-20T20:47:21+00:00","og_image":[{"width":1160,"height":746,"url":"https:\/\/www.chaletaltitude1600.com\/wp-content\/uploads\/2017\/04\/71fc61_b9f3b68ba4ff41839256e3b390a4b57d.png","type":"image\/png"}],"twitter_card":"summary_large_image","twitter_site":"@altitude1600","schema":{"@context":"https:\/\/schema.org","@graph":[{"@type":"WebPage","@id":"https:\/\/www.chaletaltitude1600.com\/fr\/le-chalet\/chambres\/","url":"https:\/\/www.chaletaltitude1600.com\/fr\/le-chalet\/chambres\/","name":"7 Chambres | 7 Douches| Maison de Vacances | Nendaz | 4 Vall\u00e9es","isPartOf":{"@id":"https:\/\/www.chaletaltitude1600.com\/fr\/#website"},"primaryImageOfPage":{"@id":"https:\/\/www.chaletaltitude1600.com\/fr\/le-chalet\/chambres\/#primaryimage"},"image":{"@id":"https:\/\/www.chaletaltitude1600.com\/fr\/le-chalet\/chambres\/#primaryimage"},"thumbnailUrl":"https:\/\/www.chaletaltitude1600.com\/wp-content\/uploads\/2017\/04\/71fc61_b9f3b68ba4ff41839256e3b390a4b57d.png","datePublished":"2017-04-21T09:33:58+00:00","dateModified":"2017-10-20T20:47:21+00:00","description":"7 chambres de luxe, dormez dans des lits de qualit\u00e9 h\u00f4telier, profitez d'un film et d\u00e9tendez-vous dans nos grandes douches Contactez-nous d\u00e8s aujourd'hui!","breadcrumb":{"@id":"https:\/\/www.chaletaltitude1600.com\/fr\/le-chalet\/chambres\/#breadcrumb"},"inLanguage":"fr-FR","potentialAction":[{"@type":"ReadAction","target":["https:\/\/www.chaletaltitude1600.com\/fr\/le-chalet\/chambres\/"]}]},{"@type":"ImageObject","inLanguage":"fr-FR","@id":"https:\/\/www.chaletaltitude1600.com\/fr\/le-chalet\/chambres\/#primaryimage","url":"https:\/\/www.chaletaltitude1600.com\/wp-content\/uploads\/2017\/04\/71fc61_b9f3b68ba4ff41839256e3b390a4b57d.png","contentUrl":"https:\/\/www.chaletaltitude1600.com\/wp-content\/uploads\/2017\/04\/71fc61_b9f3b68ba4ff41839256e3b390a4b57d.png","width":1160,"height":746,"caption":"Bedroom 3"},{"@type":"BreadcrumbList","@id":"https:\/\/www.chaletaltitude1600.com\/fr\/le-chalet\/chambres\/#breadcrumb","itemListElement":[{"@type":"ListItem","position":1,"name":"Home","item":"https:\/\/www.chaletaltitude1600.com\/fr\/"},{"@type":"ListItem","position":2,"name":"Le Chalet","item":"https:\/\/www.chaletaltitude1600.com\/fr\/le-chalet\/"},{"@type":"ListItem","position":3,"name":"Chambres"}]},{"@type":"WebSite","@id":"https:\/\/www.chaletaltitude1600.com\/fr\/#website","url":"https:\/\/www.chaletaltitude1600.com\/fr\/","name":"Chalet Altitude 1600","description":"Luxury Ski Chalet","publisher":{"@id":"https:\/\/www.chaletaltitude1600.com\/fr\/#organization"},"potentialAction":[{"@type":"SearchAction","target":{"@type":"EntryPoint","urlTemplate":"https:\/\/www.chaletaltitude1600.com\/fr\/?s={search_term_string}"},"query-input":{"@type":"PropertyValueSpecification","valueRequired":true,"valueName":"search_term_string"}}],"inLanguage":"fr-FR"},{"@type":"Organization","@id":"https:\/\/www.chaletaltitude1600.com\/fr\/#organization","name":"Chalet Altitude 1600","url":"https:\/\/www.chaletaltitude1600.com\/fr\/","logo":{"@type":"ImageObject","inLanguage":"fr-FR","@id":"https:\/\/www.chaletaltitude1600.com\/fr\/#\/schema\/logo\/image\/","url":"https:\/\/www.chaletaltitude1600.com\/wp-content\/uploads\/2017\/07\/chalet-logo.png","contentUrl":"https:\/\/www.chaletaltitude1600.com\/wp-content\/uploads\/2017\/07\/chalet-logo.png","width":70,"height":78,"caption":"Chalet Altitude 1600"},"image":{"@id":"https:\/\/www.chaletaltitude1600.com\/fr\/#\/schema\/logo\/image\/"},"sameAs":["https:\/\/www.facebook.com\/chaletaltitude1600","https:\/\/x.com\/altitude1600","http:\/\/altitude1600","https:\/\/www.linkedin.com\/company-beta\/504047","https:\/\/www.pinterest.co.uk\/altitude1600\/","http:\/\/youtube.com\/c\/ChaletAltitude1600insiderguide"]}]}},"_links":{"self":[{"href":"https:\/\/www.chaletaltitude1600.com\/fr\/wp-json\/wp\/v2\/pages\/842","targetHints":{"allow":["GET"]}}],"collection":[{"href":"https:\/\/www.chaletaltitude1600.com\/fr\/wp-json\/wp\/v2\/pages"}],"about":[{"href":"https:\/\/www.chaletaltitude1600.com\/fr\/wp-json\/wp\/v2\/types\/page"}],"author":[{"embeddable":true,"href":"https:\/\/www.chaletaltitude1600.com\/fr\/wp-json\/wp\/v2\/users\/1"}],"replies":[{"embeddable":true,"href":"https:\/\/www.chaletaltitude1600.com\/fr\/wp-json\/wp\/v2\/comments?post=842"}],"version-history":[{"count":0,"href":"https:\/\/www.chaletaltitude1600.com\/fr\/wp-json\/wp\/v2\/pages\/842\/revisions"}],"up":[{"embeddable":true,"href":"https:\/\/www.chaletaltitude1600.com\/fr\/wp-json\/wp\/v2\/pages\/852"}],"wp:featuredmedia":[{"embeddable":true,"href":"https:\/\/www.chaletaltitude1600.com\/fr\/wp-json\/wp\/v2\/media\/164"}],"wp:attachment":[{"href":"https:\/\/www.chaletaltitude1600.com\/fr\/wp-json\/wp\/v2\/media?parent=842"}],"curies":[{"name":"wp","href":"https:\/\/api.w.org\/{rel}","templated":true}]}}