{"id":783,"date":"2017-04-21T10:51:23","date_gmt":"2017-04-21T09:51:23","guid":{"rendered":"https:\/\/www.chaletaltitude1600.com\/reisefuehrer-nendaz\/resort-activities\/"},"modified":"2017-09-11T19:20:30","modified_gmt":"2017-09-11T18:20:30","slug":"resort-und-aktivitaeten","status":"publish","type":"page","link":"https:\/\/www.chaletaltitude1600.com\/de\/reisefuehrer-nendaz\/resort-und-aktivitaeten\/","title":{"rendered":"Resort und Aktivit\u00e4ten"},"content":{"rendered":"<p>Auf einer H\u00f6he von 1365 Metern \u00fcber der Stadt Sion, ist Haute-Nendaz ein niedrig gelegenes Skigebiet in den vier T\u00e4lern der Schweiz. Es ist ein begehrtes Ziel f\u00fcr anspruchsvolle Skifahrer und Snowboarder.<\/p>\n<p>Nendaz ist ein ideales Reiseziel f\u00fcr einen Familien-Skiurlaub. In der Tat ist es eine von wenigen Resorts, die mit dem \u201eFamily Destination\u201c G\u00fctesiegel vom Schweizer Tourismusverband ausgezeichnet wurden. Es gibt mehrere hervorragende Skischulen im Dorf, die sich um alle Altersgruppen (ab 2 Jahren) und K\u00f6nnerstufen k\u00fcmmern und es gibt viele L\u00e4den, die Skiausr\u00fcstungen verleihen.<\/p>\n<p>Wenn sie Ihren Urlaub bei uns buchen, sind wir gerne bereit f\u00fcr Sie ebenfalls den Skikurs zu buchen und die Skiausr\u00fcstung f\u00fcr Sie reservieren zu lassen.<\/p>\n<p>Immer noch unbesch\u00e4digt vom Mainstream-Tourismus, f\u00fchlt sich das Dorf Haute Nendaz exklusiv an, ohne protzig zu wirken. Es gibt eine gute Auswahl an Restaurants und Bars, sowohl im Dorf als auch in der Umgebung. Genie\u00dfen Sie die Aussicht auf die atemberaubende Landschaft aus den Bergrestaurants. F\u00fcr diejenigen, die nach dem Abendessen noch nicht nach Hause gehen wollen gibt es zwei Clubs, von denen einer sich zu einem Saal f\u00fcr Live-Musik vergr\u00f6\u00dfern l\u00e4\u00dft.<\/p>\n<p>Wenn Sie sich einen Tag von der Piste erholen wollen, buchen wir Ihnen gern eine entspannende Session im magischen \u201eSpa des Bisses\u201c. Oder besuchen Sie die \u00f6rtliche Eislaufbahn oder den Kletterturm um sich anderweitig zu bet\u00e4tigen. W\u00e4hrend der Fr\u00fchlings- und Sommermonate k\u00f6nnen Sie Wandern, Mountainbiken, Golf spielen und das Beste von allem&#8230; den Sonnenaufgang \u00fcber Mont Fort geniessen, gefolgt von einem leckeren Fr\u00fchst\u00fcck im Restaurant Gentianes.<\/p>\n<p>In Nendaz gibt es auch alles N\u00f6tige zu kaufen, was Sie in Ihrem Urlaub brauchen k\u00f6nnten: Lebensmittel, Weine, Sportausr\u00fcstung und Arzneimittel. Sie finden sowohl Superm\u00e4rkte als auch kleinere Handwerkerks- und Dekorationsl\u00e4den. Unsere Vor-Ort-Management-Unternehmen sind gerne bereit Ihre Eink\u00e4ufe zu organisieren und Ihnen f\u00fcr noch mehr Komfort die Sachen ins Chalet zu liefern.<\/p>\n<p>F\u00fcr weitere Informationen \u00fcber das, was das Dorf zu bieten hat, besuchen Sie bitte die <a href=\"https:\/\/www.nendaz.ch\/tourismus\/willkommen-nendaz-1542.html\" target=\"&quot;_blank\">Haute-Nendaz Tourismus-Website<\/a>.<\/p>\n","protected":false},"excerpt":{"rendered":"<p>Auf einer H\u00f6he von 1365 Metern \u00fcber der Stadt Sion, ist Haute-Nendaz ein niedrig gelegenes Skigebiet in den vier T\u00e4lern der Schweiz. Es ist ein begehrtes Ziel f\u00fcr anspruchsvolle Skifahrer und Snowboarder. Nendaz ist ein ideales Reiseziel f\u00fcr einen Familien-Skiurlaub. In der Tat ist es eine von wenigen Resorts, die mit dem \u201eFamily Destination\u201c G\u00fctesiegel [&hellip;]<\/p>\n","protected":false},"author":1,"featured_media":0,"parent":559,"menu_order":0,"comment_status":"closed","ping_status":"closed","template":"page-child.php","meta":{"_acf_changed":false,"footnotes":""},"class_list":["post-783","page","type-page","status-publish","hentry"],"acf":[],"yoast_head":"<!-- This site is optimized with the Yoast SEO plugin v24.1 - https:\/\/yoast.com\/wordpress\/plugins\/seo\/ -->\n<title>Resort und Aktivit\u00e4ten | Chalet Altitude 1600<\/title>\n<meta name=\"description\" content=\"Auf einer H\u00f6he von 1365 Metern \u00fcber der Stadt Sion, ist Haute-Nendaz ein niedrig gelegenes Skigebiet in den vier T\u00e4lern der Schweiz. Es ist ein begehrtes\" \/>\n<meta name=\"robots\" content=\"index, follow, max-snippet:-1, max-image-preview:large, max-video-preview:-1\" \/>\n<link rel=\"canonical\" href=\"https:\/\/www.chaletaltitude1600.com\/de\/reisefuehrer-nendaz\/resort-und-aktivitaeten\/\" \/>\n<meta property=\"og:locale\" content=\"de_DE\" \/>\n<meta property=\"og:type\" content=\"article\" \/>\n<meta property=\"og:title\" content=\"Resort und Aktivit\u00e4ten | Chalet Altitude 1600\" \/>\n<meta property=\"og:description\" content=\"Auf einer H\u00f6he von 1365 Metern \u00fcber der Stadt Sion, ist Haute-Nendaz ein niedrig gelegenes Skigebiet in den vier T\u00e4lern der Schweiz. Es ist ein begehrtes\" \/>\n<meta property=\"og:url\" content=\"https:\/\/www.chaletaltitude1600.com\/de\/reisefuehrer-nendaz\/resort-und-aktivitaeten\/\" \/>\n<meta property=\"og:site_name\" content=\"Chalet Altitude 1600\" \/>\n<meta property=\"article:publisher\" content=\"https:\/\/www.facebook.com\/chaletaltitude1600\" \/>\n<meta property=\"article:modified_time\" content=\"2017-09-11T18:20:30+00:00\" \/>\n<meta property=\"og:image\" content=\"https:\/\/www.chaletaltitude1600.com\/wp-content\/uploads\/2017\/07\/10941145_795580000490011_4055922966584981273_n.png\" \/>\n\t<meta property=\"og:image:width\" content=\"200\" \/>\n\t<meta property=\"og:image:height\" content=\"200\" \/>\n\t<meta property=\"og:image:type\" content=\"image\/png\" \/>\n<meta name=\"twitter:card\" content=\"summary_large_image\" \/>\n<meta name=\"twitter:site\" content=\"@altitude1600\" \/>\n<meta name=\"twitter:label1\" content=\"Gesch\u00e4tzte Lesezeit\" \/>\n\t<meta name=\"twitter:data1\" content=\"2\u00a0Minuten\" \/>\n<script type=\"application\/ld+json\" class=\"yoast-schema-graph\">{\"@context\":\"https:\/\/schema.org\",\"@graph\":[{\"@type\":\"WebPage\",\"@id\":\"https:\/\/www.chaletaltitude1600.com\/de\/reisefuehrer-nendaz\/resort-und-aktivitaeten\/\",\"url\":\"https:\/\/www.chaletaltitude1600.com\/de\/reisefuehrer-nendaz\/resort-und-aktivitaeten\/\",\"name\":\"Resort und Aktivit\u00e4ten | Chalet Altitude 1600\",\"isPartOf\":{\"@id\":\"https:\/\/www.chaletaltitude1600.com\/de\/#website\"},\"datePublished\":\"2017-04-21T09:51:23+00:00\",\"dateModified\":\"2017-09-11T18:20:30+00:00\",\"description\":\"Auf einer H\u00f6he von 1365 Metern \u00fcber der Stadt Sion, ist Haute-Nendaz ein niedrig gelegenes Skigebiet in den vier T\u00e4lern der Schweiz. Es ist ein begehrtes\",\"breadcrumb\":{\"@id\":\"https:\/\/www.chaletaltitude1600.com\/de\/reisefuehrer-nendaz\/resort-und-aktivitaeten\/#breadcrumb\"},\"inLanguage\":\"de\",\"potentialAction\":[{\"@type\":\"ReadAction\",\"target\":[\"https:\/\/www.chaletaltitude1600.com\/de\/reisefuehrer-nendaz\/resort-und-aktivitaeten\/\"]}]},{\"@type\":\"BreadcrumbList\",\"@id\":\"https:\/\/www.chaletaltitude1600.com\/de\/reisefuehrer-nendaz\/resort-und-aktivitaeten\/#breadcrumb\",\"itemListElement\":[{\"@type\":\"ListItem\",\"position\":1,\"name\":\"Home\",\"item\":\"https:\/\/www.chaletaltitude1600.com\/de\/\"},{\"@type\":\"ListItem\",\"position\":2,\"name\":\"Reisef\u00fchrer Nendaz\",\"item\":\"https:\/\/www.chaletaltitude1600.com\/de\/reisefuehrer-nendaz\/\"},{\"@type\":\"ListItem\",\"position\":3,\"name\":\"Resort und Aktivit\u00e4ten\"}]},{\"@type\":\"WebSite\",\"@id\":\"https:\/\/www.chaletaltitude1600.com\/de\/#website\",\"url\":\"https:\/\/www.chaletaltitude1600.com\/de\/\",\"name\":\"Chalet Altitude 1600\",\"description\":\"Luxury Ski Chalet in Nendaz Switzerland\",\"publisher\":{\"@id\":\"https:\/\/www.chaletaltitude1600.com\/de\/#organization\"},\"potentialAction\":[{\"@type\":\"SearchAction\",\"target\":{\"@type\":\"EntryPoint\",\"urlTemplate\":\"https:\/\/www.chaletaltitude1600.com\/de\/?s={search_term_string}\"},\"query-input\":{\"@type\":\"PropertyValueSpecification\",\"valueRequired\":true,\"valueName\":\"search_term_string\"}}],\"inLanguage\":\"de\"},{\"@type\":\"Organization\",\"@id\":\"https:\/\/www.chaletaltitude1600.com\/de\/#organization\",\"name\":\"Chalet Altitude 1600\",\"url\":\"https:\/\/www.chaletaltitude1600.com\/de\/\",\"logo\":{\"@type\":\"ImageObject\",\"inLanguage\":\"de\",\"@id\":\"https:\/\/www.chaletaltitude1600.com\/de\/#\/schema\/logo\/image\/\",\"url\":\"https:\/\/www.chaletaltitude1600.com\/wp-content\/uploads\/2017\/07\/chalet-logo.png\",\"contentUrl\":\"https:\/\/www.chaletaltitude1600.com\/wp-content\/uploads\/2017\/07\/chalet-logo.png\",\"width\":70,\"height\":78,\"caption\":\"Chalet Altitude 1600\"},\"image\":{\"@id\":\"https:\/\/www.chaletaltitude1600.com\/de\/#\/schema\/logo\/image\/\"},\"sameAs\":[\"https:\/\/www.facebook.com\/chaletaltitude1600\",\"https:\/\/x.com\/altitude1600\",\"http:\/\/altitude1600\",\"https:\/\/www.linkedin.com\/company-beta\/504047\",\"https:\/\/www.pinterest.co.uk\/altitude1600\/\",\"http:\/\/youtube.com\/c\/ChaletAltitude1600insiderguide\"]}]}<\/script>\n<!-- \/ Yoast SEO plugin. -->","yoast_head_json":{"title":"Resort und Aktivit\u00e4ten | Chalet Altitude 1600","description":"Auf einer H\u00f6he von 1365 Metern \u00fcber der Stadt Sion, ist Haute-Nendaz ein niedrig gelegenes Skigebiet in den vier T\u00e4lern der Schweiz. Es ist ein begehrtes","robots":{"index":"index","follow":"follow","max-snippet":"max-snippet:-1","max-image-preview":"max-image-preview:large","max-video-preview":"max-video-preview:-1"},"canonical":"https:\/\/www.chaletaltitude1600.com\/de\/reisefuehrer-nendaz\/resort-und-aktivitaeten\/","og_locale":"de_DE","og_type":"article","og_title":"Resort und Aktivit\u00e4ten | Chalet Altitude 1600","og_description":"Auf einer H\u00f6he von 1365 Metern \u00fcber der Stadt Sion, ist Haute-Nendaz ein niedrig gelegenes Skigebiet in den vier T\u00e4lern der Schweiz. Es ist ein begehrtes","og_url":"https:\/\/www.chaletaltitude1600.com\/de\/reisefuehrer-nendaz\/resort-und-aktivitaeten\/","og_site_name":"Chalet Altitude 1600","article_publisher":"https:\/\/www.facebook.com\/chaletaltitude1600","article_modified_time":"2017-09-11T18:20:30+00:00","og_image":[{"width":200,"height":200,"url":"https:\/\/www.chaletaltitude1600.com\/wp-content\/uploads\/2017\/07\/10941145_795580000490011_4055922966584981273_n.png","type":"image\/png"}],"twitter_card":"summary_large_image","twitter_site":"@altitude1600","twitter_misc":{"Gesch\u00e4tzte Lesezeit":"2\u00a0Minuten"},"schema":{"@context":"https:\/\/schema.org","@graph":[{"@type":"WebPage","@id":"https:\/\/www.chaletaltitude1600.com\/de\/reisefuehrer-nendaz\/resort-und-aktivitaeten\/","url":"https:\/\/www.chaletaltitude1600.com\/de\/reisefuehrer-nendaz\/resort-und-aktivitaeten\/","name":"Resort und Aktivit\u00e4ten | Chalet Altitude 1600","isPartOf":{"@id":"https:\/\/www.chaletaltitude1600.com\/de\/#website"},"datePublished":"2017-04-21T09:51:23+00:00","dateModified":"2017-09-11T18:20:30+00:00","description":"Auf einer H\u00f6he von 1365 Metern \u00fcber der Stadt Sion, ist Haute-Nendaz ein niedrig gelegenes Skigebiet in den vier T\u00e4lern der Schweiz. Es ist ein begehrtes","breadcrumb":{"@id":"https:\/\/www.chaletaltitude1600.com\/de\/reisefuehrer-nendaz\/resort-und-aktivitaeten\/#breadcrumb"},"inLanguage":"de","potentialAction":[{"@type":"ReadAction","target":["https:\/\/www.chaletaltitude1600.com\/de\/reisefuehrer-nendaz\/resort-und-aktivitaeten\/"]}]},{"@type":"BreadcrumbList","@id":"https:\/\/www.chaletaltitude1600.com\/de\/reisefuehrer-nendaz\/resort-und-aktivitaeten\/#breadcrumb","itemListElement":[{"@type":"ListItem","position":1,"name":"Home","item":"https:\/\/www.chaletaltitude1600.com\/de\/"},{"@type":"ListItem","position":2,"name":"Reisef\u00fchrer Nendaz","item":"https:\/\/www.chaletaltitude1600.com\/de\/reisefuehrer-nendaz\/"},{"@type":"ListItem","position":3,"name":"Resort und Aktivit\u00e4ten"}]},{"@type":"WebSite","@id":"https:\/\/www.chaletaltitude1600.com\/de\/#website","url":"https:\/\/www.chaletaltitude1600.com\/de\/","name":"Chalet Altitude 1600","description":"Luxury Ski Chalet in Nendaz Switzerland","publisher":{"@id":"https:\/\/www.chaletaltitude1600.com\/de\/#organization"},"potentialAction":[{"@type":"SearchAction","target":{"@type":"EntryPoint","urlTemplate":"https:\/\/www.chaletaltitude1600.com\/de\/?s={search_term_string}"},"query-input":{"@type":"PropertyValueSpecification","valueRequired":true,"valueName":"search_term_string"}}],"inLanguage":"de"},{"@type":"Organization","@id":"https:\/\/www.chaletaltitude1600.com\/de\/#organization","name":"Chalet Altitude 1600","url":"https:\/\/www.chaletaltitude1600.com\/de\/","logo":{"@type":"ImageObject","inLanguage":"de","@id":"https:\/\/www.chaletaltitude1600.com\/de\/#\/schema\/logo\/image\/","url":"https:\/\/www.chaletaltitude1600.com\/wp-content\/uploads\/2017\/07\/chalet-logo.png","contentUrl":"https:\/\/www.chaletaltitude1600.com\/wp-content\/uploads\/2017\/07\/chalet-logo.png","width":70,"height":78,"caption":"Chalet Altitude 1600"},"image":{"@id":"https:\/\/www.chaletaltitude1600.com\/de\/#\/schema\/logo\/image\/"},"sameAs":["https:\/\/www.facebook.com\/chaletaltitude1600","https:\/\/x.com\/altitude1600","http:\/\/altitude1600","https:\/\/www.linkedin.com\/company-beta\/504047","https:\/\/www.pinterest.co.uk\/altitude1600\/","http:\/\/youtube.com\/c\/ChaletAltitude1600insiderguide"]}]}},"_links":{"self":[{"href":"https:\/\/www.chaletaltitude1600.com\/de\/wp-json\/wp\/v2\/pages\/783","targetHints":{"allow":["GET"]}}],"collection":[{"href":"https:\/\/www.chaletaltitude1600.com\/de\/wp-json\/wp\/v2\/pages"}],"about":[{"href":"https:\/\/www.chaletaltitude1600.com\/de\/wp-json\/wp\/v2\/types\/page"}],"author":[{"embeddable":true,"href":"https:\/\/www.chaletaltitude1600.com\/de\/wp-json\/wp\/v2\/users\/1"}],"replies":[{"embeddable":true,"href":"https:\/\/www.chaletaltitude1600.com\/de\/wp-json\/wp\/v2\/comments?post=783"}],"version-history":[{"count":0,"href":"https:\/\/www.chaletaltitude1600.com\/de\/wp-json\/wp\/v2\/pages\/783\/revisions"}],"up":[{"embeddable":true,"href":"https:\/\/www.chaletaltitude1600.com\/de\/wp-json\/wp\/v2\/pages\/559"}],"wp:attachment":[{"href":"https:\/\/www.chaletaltitude1600.com\/de\/wp-json\/wp\/v2\/media?parent=783"}],"curies":[{"name":"wp","href":"https:\/\/api.w.org\/{rel}","templated":true}]}}