{"id":567,"date":"2017-04-21T10:55:36","date_gmt":"2017-04-21T09:55:36","guid":{"rendered":"https:\/\/www.chaletaltitude1600.com\/book\/"},"modified":"2019-04-06T11:00:30","modified_gmt":"2019-04-06T09:00:30","slug":"buchen","status":"publish","type":"page","link":"https:\/\/www.chaletaltitude1600.com\/de\/buchen\/","title":{"rendered":"Buchen"},"content":{"rendered":"<p>Eingeschlossen in den Wochenpreisen sind folgende Leistungen:<\/p>\n<p><strong>1. Ausstattung<\/strong><\/p>\n<p>&#8211; Die Betten werden vor Ihrer Ankunft vorbereitet<br \/>\n&#8211; Bettw\u00e4sche und Haushaltswaren<br \/>\n&#8211; Highspeed-Internet \u00fcber Wi-Fi oder Ethernet<br \/>\n&#8211; Brennholz f\u00fcr den Kamin<br \/>\n&#8211; Hochstuhl und Kinderbett<br \/>\n&#8211; Nutzung aller im Chalet-Ausstattung des (im Freien Gasgrill, Hammam, Jacuzzi, Waschmaschinen, Trockner, K\u00fcche und seine Ger\u00e4te, Kabel-TV, Fu\u00dfw\u00e4rmer)<\/p>\n<p><strong>2. Reinigung<\/strong><\/p>\n<p>&#8211; Ende der Woche \/ oder Aufenthalt voll Chalet, Bettw\u00e4sche und Handt\u00fccher sauber<\/p>\n<p><strong>3. Parken &amp; Chalet-Zugang<\/strong><\/p>\n<p>&#8211; 5 Parkpl\u00e4tze am Chalet<br \/>\n&#8211; 5 Parkpl\u00e4tze auf dem Parkplatz &#8222;Les Cl\u00e8ves&#8220; (Schneesaison)<br \/>\n&#8211; An- und Abreise Transport in einem Polaris Ranger vom \/ zum Parkplatz &#8222;Les Cl\u00e8ves&#8220; zum \/ vom Chalet Altitude 1600 (Schnee-Saison)<br \/>\n&#8211; 3 Transportfahrten pro Woche Aufenthalt in einem Polaris Ranger vom Parkplatz &#8222;Les Cl\u00e8ves&#8220; zum Chalet (Schneesaison)<\/p>\n<p>Nicht enthalten optionalen Zusatzleistungen *:<br \/>\n&#8211; Zugriff Auf die &#8222;Grand Crus Weinkeller&#8220; (gegen Kaution &#8211; Verbrauch nicht enthalten)<br \/>\n&#8211; Der Verbrauch von Wein in denWeinkeller<br \/>\n&#8211; Unter der Woche Wechsel der Bettw\u00e4sche und Handt\u00fccher (auf Anfrage)<br \/>\n&#8211; Sicherheit \/ Kaution<br \/>\n&#8211; Alle anderen Aktivit\u00e4ten<\/p>\n<p>Zahlungsbedingungen . Eine 30% nicht r\u00fcckzahlbare Anzahlung zusammen mit einem unterschriebenen Mietvertrag ist aufgenommen zu werden, um die Reservierung zu best\u00e4tigen. Der Restbetrag (70%) ist auf 56 Tage vor Anreisedatum sp\u00e4testens.<\/p>\n<p>Kaution . A 3200 CHF Kaution ist nicht erforderlich. Die 3200 CHF wird 2 Tage nach der Kasse zur\u00fcckerstattet, wenn es keine Sch\u00e4den oder \u00fcberm\u00e4\u00dfige Reinigung Geb\u00fchren ist.<\/p>\n<p>Zus\u00e4tzlich:<br \/>\nDie \u00f6rtlichen Kurtaxe pro Person pro Nacht des Aufenthalts erforderlich ist:<br \/>\n&#8211; CHF 2.50 pro Erwachsener,<br \/>\n&#8211; CHF1.50 pro Kind j\u00fcnger als 12 Jahre alt<\/p>\n<p>Stornierungen . Sie haben das Recht, Ihre Reservierung zu stornieren. Die Zahlungen werden zur\u00fcckerstattet, wie folgt:<br \/>\n&#8211; 70% bei Stornierung mehr als 56 Tage vor dem Anreisedatum<br \/>\n&#8211; 50% bei Stornierung mehr als 30 Tage vor dem Anreisedatum<br \/>\n&#8211; Keine R\u00fcckerstattung bei Stornierung weniger als 30 Tage vor dem Anreisedatum oder nach der Ankunft.<\/p>\n<p>Einchecken Auschecken Der Einchecken Zeit ist 16.00 Uhr. Der Auschecken Zeit ist 10.00 Uhr. Je nach Verf\u00fcgbarkeit, fr\u00fchen Einchecken und sp\u00e4ten Check-out ist m\u00f6glich.<\/p>\n","protected":false},"excerpt":{"rendered":"<p>Eingeschlossen in den Wochenpreisen sind folgende Leistungen: 1. Ausstattung &#8211; Die Betten werden vor Ihrer Ankunft vorbereitet &#8211; Bettw\u00e4sche und Haushaltswaren &#8211; Highspeed-Internet \u00fcber Wi-Fi oder Ethernet &#8211; Brennholz f\u00fcr den Kamin &#8211; Hochstuhl und Kinderbett &#8211; Nutzung aller im Chalet-Ausstattung des (im Freien Gasgrill, Hammam, Jacuzzi, Waschmaschinen, Trockner, K\u00fcche und seine Ger\u00e4te, Kabel-TV, Fu\u00dfw\u00e4rmer) [&hellip;]<\/p>\n","protected":false},"author":1,"featured_media":0,"parent":0,"menu_order":0,"comment_status":"closed","ping_status":"closed","template":"page-book.php","meta":{"_acf_changed":false,"footnotes":""},"class_list":["post-567","page","type-page","status-publish","hentry"],"acf":[],"yoast_head":"<!-- This site is optimized with the Yoast SEO plugin v24.1 - https:\/\/yoast.com\/wordpress\/plugins\/seo\/ -->\n<title>Buchen | Chalet Altitude 1600<\/title>\n<meta name=\"description\" content=\"Eingeschlossen in den Wochenpreisen sind folgende Leistungen: 1. Ausstattung - Die Betten werden vor Ihrer Ankunft vorbereitet - Bettw\u00e4sche und\" \/>\n<meta name=\"robots\" content=\"index, follow, max-snippet:-1, max-image-preview:large, max-video-preview:-1\" \/>\n<link rel=\"canonical\" href=\"https:\/\/www.chaletaltitude1600.com\/de\/buchen\/\" \/>\n<meta property=\"og:locale\" content=\"de_DE\" \/>\n<meta property=\"og:type\" content=\"article\" \/>\n<meta property=\"og:title\" content=\"Buchen | Chalet Altitude 1600\" \/>\n<meta property=\"og:description\" content=\"Eingeschlossen in den Wochenpreisen sind folgende Leistungen: 1. Ausstattung - Die Betten werden vor Ihrer Ankunft vorbereitet - Bettw\u00e4sche und\" \/>\n<meta property=\"og:url\" content=\"https:\/\/www.chaletaltitude1600.com\/de\/buchen\/\" \/>\n<meta property=\"og:site_name\" content=\"Chalet Altitude 1600\" \/>\n<meta property=\"article:publisher\" content=\"https:\/\/www.facebook.com\/chaletaltitude1600\" \/>\n<meta property=\"article:modified_time\" content=\"2019-04-06T09:00:30+00:00\" \/>\n<meta property=\"og:image\" content=\"https:\/\/www.chaletaltitude1600.com\/wp-content\/uploads\/2017\/07\/10941145_795580000490011_4055922966584981273_n.png\" \/>\n\t<meta property=\"og:image:width\" content=\"200\" \/>\n\t<meta property=\"og:image:height\" content=\"200\" \/>\n\t<meta property=\"og:image:type\" content=\"image\/png\" \/>\n<meta name=\"twitter:card\" content=\"summary_large_image\" \/>\n<meta name=\"twitter:site\" content=\"@altitude1600\" \/>\n<meta name=\"twitter:label1\" content=\"Gesch\u00e4tzte Lesezeit\" \/>\n\t<meta name=\"twitter:data1\" content=\"2\u00a0Minuten\" \/>\n<script type=\"application\/ld+json\" class=\"yoast-schema-graph\">{\"@context\":\"https:\/\/schema.org\",\"@graph\":[{\"@type\":\"WebPage\",\"@id\":\"https:\/\/www.chaletaltitude1600.com\/de\/buchen\/\",\"url\":\"https:\/\/www.chaletaltitude1600.com\/de\/buchen\/\",\"name\":\"Buchen | Chalet Altitude 1600\",\"isPartOf\":{\"@id\":\"https:\/\/www.chaletaltitude1600.com\/de\/#website\"},\"datePublished\":\"2017-04-21T09:55:36+00:00\",\"dateModified\":\"2019-04-06T09:00:30+00:00\",\"description\":\"Eingeschlossen in den Wochenpreisen sind folgende Leistungen: 1. Ausstattung - Die Betten werden vor Ihrer Ankunft vorbereitet - Bettw\u00e4sche und\",\"breadcrumb\":{\"@id\":\"https:\/\/www.chaletaltitude1600.com\/de\/buchen\/#breadcrumb\"},\"inLanguage\":\"de\",\"potentialAction\":[{\"@type\":\"ReadAction\",\"target\":[\"https:\/\/www.chaletaltitude1600.com\/de\/buchen\/\"]}]},{\"@type\":\"BreadcrumbList\",\"@id\":\"https:\/\/www.chaletaltitude1600.com\/de\/buchen\/#breadcrumb\",\"itemListElement\":[{\"@type\":\"ListItem\",\"position\":1,\"name\":\"Home\",\"item\":\"https:\/\/www.chaletaltitude1600.com\/de\/\"},{\"@type\":\"ListItem\",\"position\":2,\"name\":\"Buchen\"}]},{\"@type\":\"WebSite\",\"@id\":\"https:\/\/www.chaletaltitude1600.com\/de\/#website\",\"url\":\"https:\/\/www.chaletaltitude1600.com\/de\/\",\"name\":\"Chalet Altitude 1600\",\"description\":\"Luxury Ski Chalet in Nendaz Switzerland\",\"publisher\":{\"@id\":\"https:\/\/www.chaletaltitude1600.com\/de\/#organization\"},\"potentialAction\":[{\"@type\":\"SearchAction\",\"target\":{\"@type\":\"EntryPoint\",\"urlTemplate\":\"https:\/\/www.chaletaltitude1600.com\/de\/?s={search_term_string}\"},\"query-input\":{\"@type\":\"PropertyValueSpecification\",\"valueRequired\":true,\"valueName\":\"search_term_string\"}}],\"inLanguage\":\"de\"},{\"@type\":\"Organization\",\"@id\":\"https:\/\/www.chaletaltitude1600.com\/de\/#organization\",\"name\":\"Chalet Altitude 1600\",\"url\":\"https:\/\/www.chaletaltitude1600.com\/de\/\",\"logo\":{\"@type\":\"ImageObject\",\"inLanguage\":\"de\",\"@id\":\"https:\/\/www.chaletaltitude1600.com\/de\/#\/schema\/logo\/image\/\",\"url\":\"https:\/\/www.chaletaltitude1600.com\/wp-content\/uploads\/2017\/07\/chalet-logo.png\",\"contentUrl\":\"https:\/\/www.chaletaltitude1600.com\/wp-content\/uploads\/2017\/07\/chalet-logo.png\",\"width\":70,\"height\":78,\"caption\":\"Chalet Altitude 1600\"},\"image\":{\"@id\":\"https:\/\/www.chaletaltitude1600.com\/de\/#\/schema\/logo\/image\/\"},\"sameAs\":[\"https:\/\/www.facebook.com\/chaletaltitude1600\",\"https:\/\/x.com\/altitude1600\",\"http:\/\/altitude1600\",\"https:\/\/www.linkedin.com\/company-beta\/504047\",\"https:\/\/www.pinterest.co.uk\/altitude1600\/\",\"http:\/\/youtube.com\/c\/ChaletAltitude1600insiderguide\"]}]}<\/script>\n<!-- \/ Yoast SEO plugin. -->","yoast_head_json":{"title":"Buchen | Chalet Altitude 1600","description":"Eingeschlossen in den Wochenpreisen sind folgende Leistungen: 1. Ausstattung - Die Betten werden vor Ihrer Ankunft vorbereitet - Bettw\u00e4sche und","robots":{"index":"index","follow":"follow","max-snippet":"max-snippet:-1","max-image-preview":"max-image-preview:large","max-video-preview":"max-video-preview:-1"},"canonical":"https:\/\/www.chaletaltitude1600.com\/de\/buchen\/","og_locale":"de_DE","og_type":"article","og_title":"Buchen | Chalet Altitude 1600","og_description":"Eingeschlossen in den Wochenpreisen sind folgende Leistungen: 1. Ausstattung - Die Betten werden vor Ihrer Ankunft vorbereitet - Bettw\u00e4sche und","og_url":"https:\/\/www.chaletaltitude1600.com\/de\/buchen\/","og_site_name":"Chalet Altitude 1600","article_publisher":"https:\/\/www.facebook.com\/chaletaltitude1600","article_modified_time":"2019-04-06T09:00:30+00:00","og_image":[{"width":200,"height":200,"url":"https:\/\/www.chaletaltitude1600.com\/wp-content\/uploads\/2017\/07\/10941145_795580000490011_4055922966584981273_n.png","type":"image\/png"}],"twitter_card":"summary_large_image","twitter_site":"@altitude1600","twitter_misc":{"Gesch\u00e4tzte Lesezeit":"2\u00a0Minuten"},"schema":{"@context":"https:\/\/schema.org","@graph":[{"@type":"WebPage","@id":"https:\/\/www.chaletaltitude1600.com\/de\/buchen\/","url":"https:\/\/www.chaletaltitude1600.com\/de\/buchen\/","name":"Buchen | Chalet Altitude 1600","isPartOf":{"@id":"https:\/\/www.chaletaltitude1600.com\/de\/#website"},"datePublished":"2017-04-21T09:55:36+00:00","dateModified":"2019-04-06T09:00:30+00:00","description":"Eingeschlossen in den Wochenpreisen sind folgende Leistungen: 1. Ausstattung - Die Betten werden vor Ihrer Ankunft vorbereitet - Bettw\u00e4sche und","breadcrumb":{"@id":"https:\/\/www.chaletaltitude1600.com\/de\/buchen\/#breadcrumb"},"inLanguage":"de","potentialAction":[{"@type":"ReadAction","target":["https:\/\/www.chaletaltitude1600.com\/de\/buchen\/"]}]},{"@type":"BreadcrumbList","@id":"https:\/\/www.chaletaltitude1600.com\/de\/buchen\/#breadcrumb","itemListElement":[{"@type":"ListItem","position":1,"name":"Home","item":"https:\/\/www.chaletaltitude1600.com\/de\/"},{"@type":"ListItem","position":2,"name":"Buchen"}]},{"@type":"WebSite","@id":"https:\/\/www.chaletaltitude1600.com\/de\/#website","url":"https:\/\/www.chaletaltitude1600.com\/de\/","name":"Chalet Altitude 1600","description":"Luxury Ski Chalet in Nendaz Switzerland","publisher":{"@id":"https:\/\/www.chaletaltitude1600.com\/de\/#organization"},"potentialAction":[{"@type":"SearchAction","target":{"@type":"EntryPoint","urlTemplate":"https:\/\/www.chaletaltitude1600.com\/de\/?s={search_term_string}"},"query-input":{"@type":"PropertyValueSpecification","valueRequired":true,"valueName":"search_term_string"}}],"inLanguage":"de"},{"@type":"Organization","@id":"https:\/\/www.chaletaltitude1600.com\/de\/#organization","name":"Chalet Altitude 1600","url":"https:\/\/www.chaletaltitude1600.com\/de\/","logo":{"@type":"ImageObject","inLanguage":"de","@id":"https:\/\/www.chaletaltitude1600.com\/de\/#\/schema\/logo\/image\/","url":"https:\/\/www.chaletaltitude1600.com\/wp-content\/uploads\/2017\/07\/chalet-logo.png","contentUrl":"https:\/\/www.chaletaltitude1600.com\/wp-content\/uploads\/2017\/07\/chalet-logo.png","width":70,"height":78,"caption":"Chalet Altitude 1600"},"image":{"@id":"https:\/\/www.chaletaltitude1600.com\/de\/#\/schema\/logo\/image\/"},"sameAs":["https:\/\/www.facebook.com\/chaletaltitude1600","https:\/\/x.com\/altitude1600","http:\/\/altitude1600","https:\/\/www.linkedin.com\/company-beta\/504047","https:\/\/www.pinterest.co.uk\/altitude1600\/","http:\/\/youtube.com\/c\/ChaletAltitude1600insiderguide"]}]}},"_links":{"self":[{"href":"https:\/\/www.chaletaltitude1600.com\/de\/wp-json\/wp\/v2\/pages\/567","targetHints":{"allow":["GET"]}}],"collection":[{"href":"https:\/\/www.chaletaltitude1600.com\/de\/wp-json\/wp\/v2\/pages"}],"about":[{"href":"https:\/\/www.chaletaltitude1600.com\/de\/wp-json\/wp\/v2\/types\/page"}],"author":[{"embeddable":true,"href":"https:\/\/www.chaletaltitude1600.com\/de\/wp-json\/wp\/v2\/users\/1"}],"replies":[{"embeddable":true,"href":"https:\/\/www.chaletaltitude1600.com\/de\/wp-json\/wp\/v2\/comments?post=567"}],"version-history":[{"count":0,"href":"https:\/\/www.chaletaltitude1600.com\/de\/wp-json\/wp\/v2\/pages\/567\/revisions"}],"wp:attachment":[{"href":"https:\/\/www.chaletaltitude1600.com\/de\/wp-json\/wp\/v2\/media?parent=567"}],"curies":[{"name":"wp","href":"https:\/\/api.w.org\/{rel}","templated":true}]}}