{"id":566,"date":"2017-04-21T10:35:02","date_gmt":"2017-04-21T09:35:02","guid":{"rendered":"https:\/\/www.chaletaltitude1600.com\/corporate\/"},"modified":"2017-09-11T19:35:25","modified_gmt":"2017-09-11T18:35:25","slug":"unternehmen","status":"publish","type":"page","link":"https:\/\/www.chaletaltitude1600.com\/de\/unternehmen\/","title":{"rendered":"Unternehmen"},"content":{"rendered":"<p>Unsere atemberaubende Lage in den Schweizer Alpen ist die perfekte Belohnung f\u00fcr Teams oder Firmenkunden. Und Sie k\u00f6nnen sich in dem Wissen entspannen, dass wir alle R\u00e4umlichkeiten eingerichtet und bereits alles f\u00fcr Sie vorbereitet haben. Einfach ankommen und die Motivation einschalten.<\/p>\n","protected":false},"excerpt":{"rendered":"<p>Unsere atemberaubende Lage in den Schweizer Alpen ist die perfekte Belohnung f\u00fcr Teams oder Firmenkunden. Und Sie k\u00f6nnen sich in dem Wissen entspannen, dass wir alle R\u00e4umlichkeiten eingerichtet und bereits alles f\u00fcr Sie vorbereitet haben. Einfach ankommen und die Motivation einschalten.<\/p>\n","protected":false},"author":1,"featured_media":328,"parent":0,"menu_order":0,"comment_status":"closed","ping_status":"closed","template":"page-chalet.php","meta":{"_acf_changed":false,"footnotes":""},"class_list":["post-566","page","type-page","status-publish","has-post-thumbnail","hentry"],"acf":[],"yoast_head":"<!-- This site is optimized with the Yoast SEO plugin v24.1 - https:\/\/yoast.com\/wordpress\/plugins\/seo\/ -->\n<title>Unternehmen | Chalet Altitude 1600<\/title>\n<meta name=\"description\" content=\"Unsere atemberaubende Lage in den Schweizer Alpen ist die perfekte Belohnung f\u00fcr Teams oder Firmenkunden. Und Sie k\u00f6nnen sich in dem Wissen entspannen,\" \/>\n<meta name=\"robots\" content=\"index, follow, max-snippet:-1, max-image-preview:large, max-video-preview:-1\" \/>\n<link rel=\"canonical\" href=\"https:\/\/www.chaletaltitude1600.com\/de\/unternehmen\/\" \/>\n<meta property=\"og:locale\" content=\"de_DE\" \/>\n<meta property=\"og:type\" content=\"article\" \/>\n<meta property=\"og:title\" content=\"Unternehmen | Chalet Altitude 1600\" \/>\n<meta property=\"og:description\" content=\"Unsere atemberaubende Lage in den Schweizer Alpen ist die perfekte Belohnung f\u00fcr Teams oder Firmenkunden. Und Sie k\u00f6nnen sich in dem Wissen entspannen,\" \/>\n<meta property=\"og:url\" content=\"https:\/\/www.chaletaltitude1600.com\/de\/unternehmen\/\" \/>\n<meta property=\"og:site_name\" content=\"Chalet Altitude 1600\" \/>\n<meta property=\"article:publisher\" content=\"https:\/\/www.facebook.com\/chaletaltitude1600\" \/>\n<meta property=\"article:modified_time\" content=\"2017-09-11T18:35:25+00:00\" \/>\n<meta property=\"og:image\" content=\"https:\/\/www.chaletaltitude1600.com\/wp-content\/uploads\/2017\/04\/pexels-photo-38892.jpeg\" \/>\n\t<meta property=\"og:image:width\" content=\"4000\" \/>\n\t<meta property=\"og:image:height\" content=\"2660\" \/>\n\t<meta property=\"og:image:type\" content=\"image\/jpeg\" \/>\n<meta name=\"twitter:card\" content=\"summary_large_image\" \/>\n<meta name=\"twitter:site\" content=\"@altitude1600\" \/>\n<script type=\"application\/ld+json\" class=\"yoast-schema-graph\">{\"@context\":\"https:\/\/schema.org\",\"@graph\":[{\"@type\":\"WebPage\",\"@id\":\"https:\/\/www.chaletaltitude1600.com\/de\/unternehmen\/\",\"url\":\"https:\/\/www.chaletaltitude1600.com\/de\/unternehmen\/\",\"name\":\"Unternehmen | Chalet Altitude 1600\",\"isPartOf\":{\"@id\":\"https:\/\/www.chaletaltitude1600.com\/de\/#website\"},\"primaryImageOfPage\":{\"@id\":\"https:\/\/www.chaletaltitude1600.com\/de\/unternehmen\/#primaryimage\"},\"image\":{\"@id\":\"https:\/\/www.chaletaltitude1600.com\/de\/unternehmen\/#primaryimage\"},\"thumbnailUrl\":\"https:\/\/www.chaletaltitude1600.com\/wp-content\/uploads\/2017\/04\/pexels-photo-38892.jpeg\",\"datePublished\":\"2017-04-21T09:35:02+00:00\",\"dateModified\":\"2017-09-11T18:35:25+00:00\",\"description\":\"Unsere atemberaubende Lage in den Schweizer Alpen ist die perfekte Belohnung f\u00fcr Teams oder Firmenkunden. Und Sie k\u00f6nnen sich in dem Wissen entspannen,\",\"breadcrumb\":{\"@id\":\"https:\/\/www.chaletaltitude1600.com\/de\/unternehmen\/#breadcrumb\"},\"inLanguage\":\"de\",\"potentialAction\":[{\"@type\":\"ReadAction\",\"target\":[\"https:\/\/www.chaletaltitude1600.com\/de\/unternehmen\/\"]}]},{\"@type\":\"ImageObject\",\"inLanguage\":\"de\",\"@id\":\"https:\/\/www.chaletaltitude1600.com\/de\/unternehmen\/#primaryimage\",\"url\":\"https:\/\/www.chaletaltitude1600.com\/wp-content\/uploads\/2017\/04\/pexels-photo-38892.jpeg\",\"contentUrl\":\"https:\/\/www.chaletaltitude1600.com\/wp-content\/uploads\/2017\/04\/pexels-photo-38892.jpeg\",\"width\":4000,\"height\":2660,\"caption\":\"Photograph 047 by Lauren Mancke found on minimography.com\"},{\"@type\":\"BreadcrumbList\",\"@id\":\"https:\/\/www.chaletaltitude1600.com\/de\/unternehmen\/#breadcrumb\",\"itemListElement\":[{\"@type\":\"ListItem\",\"position\":1,\"name\":\"Home\",\"item\":\"https:\/\/www.chaletaltitude1600.com\/de\/\"},{\"@type\":\"ListItem\",\"position\":2,\"name\":\"Unternehmen\"}]},{\"@type\":\"WebSite\",\"@id\":\"https:\/\/www.chaletaltitude1600.com\/de\/#website\",\"url\":\"https:\/\/www.chaletaltitude1600.com\/de\/\",\"name\":\"Chalet Altitude 1600\",\"description\":\"Luxury Ski Chalet in Nendaz Switzerland\",\"publisher\":{\"@id\":\"https:\/\/www.chaletaltitude1600.com\/de\/#organization\"},\"potentialAction\":[{\"@type\":\"SearchAction\",\"target\":{\"@type\":\"EntryPoint\",\"urlTemplate\":\"https:\/\/www.chaletaltitude1600.com\/de\/?s={search_term_string}\"},\"query-input\":{\"@type\":\"PropertyValueSpecification\",\"valueRequired\":true,\"valueName\":\"search_term_string\"}}],\"inLanguage\":\"de\"},{\"@type\":\"Organization\",\"@id\":\"https:\/\/www.chaletaltitude1600.com\/de\/#organization\",\"name\":\"Chalet Altitude 1600\",\"url\":\"https:\/\/www.chaletaltitude1600.com\/de\/\",\"logo\":{\"@type\":\"ImageObject\",\"inLanguage\":\"de\",\"@id\":\"https:\/\/www.chaletaltitude1600.com\/de\/#\/schema\/logo\/image\/\",\"url\":\"https:\/\/www.chaletaltitude1600.com\/wp-content\/uploads\/2017\/07\/chalet-logo.png\",\"contentUrl\":\"https:\/\/www.chaletaltitude1600.com\/wp-content\/uploads\/2017\/07\/chalet-logo.png\",\"width\":70,\"height\":78,\"caption\":\"Chalet Altitude 1600\"},\"image\":{\"@id\":\"https:\/\/www.chaletaltitude1600.com\/de\/#\/schema\/logo\/image\/\"},\"sameAs\":[\"https:\/\/www.facebook.com\/chaletaltitude1600\",\"https:\/\/x.com\/altitude1600\",\"http:\/\/altitude1600\",\"https:\/\/www.linkedin.com\/company-beta\/504047\",\"https:\/\/www.pinterest.co.uk\/altitude1600\/\",\"http:\/\/youtube.com\/c\/ChaletAltitude1600insiderguide\"]}]}<\/script>\n<!-- \/ Yoast SEO plugin. -->","yoast_head_json":{"title":"Unternehmen | Chalet Altitude 1600","description":"Unsere atemberaubende Lage in den Schweizer Alpen ist die perfekte Belohnung f\u00fcr Teams oder Firmenkunden. Und Sie k\u00f6nnen sich in dem Wissen entspannen,","robots":{"index":"index","follow":"follow","max-snippet":"max-snippet:-1","max-image-preview":"max-image-preview:large","max-video-preview":"max-video-preview:-1"},"canonical":"https:\/\/www.chaletaltitude1600.com\/de\/unternehmen\/","og_locale":"de_DE","og_type":"article","og_title":"Unternehmen | Chalet Altitude 1600","og_description":"Unsere atemberaubende Lage in den Schweizer Alpen ist die perfekte Belohnung f\u00fcr Teams oder Firmenkunden. Und Sie k\u00f6nnen sich in dem Wissen entspannen,","og_url":"https:\/\/www.chaletaltitude1600.com\/de\/unternehmen\/","og_site_name":"Chalet Altitude 1600","article_publisher":"https:\/\/www.facebook.com\/chaletaltitude1600","article_modified_time":"2017-09-11T18:35:25+00:00","og_image":[{"width":4000,"height":2660,"url":"https:\/\/www.chaletaltitude1600.com\/wp-content\/uploads\/2017\/04\/pexels-photo-38892.jpeg","type":"image\/jpeg"}],"twitter_card":"summary_large_image","twitter_site":"@altitude1600","schema":{"@context":"https:\/\/schema.org","@graph":[{"@type":"WebPage","@id":"https:\/\/www.chaletaltitude1600.com\/de\/unternehmen\/","url":"https:\/\/www.chaletaltitude1600.com\/de\/unternehmen\/","name":"Unternehmen | Chalet Altitude 1600","isPartOf":{"@id":"https:\/\/www.chaletaltitude1600.com\/de\/#website"},"primaryImageOfPage":{"@id":"https:\/\/www.chaletaltitude1600.com\/de\/unternehmen\/#primaryimage"},"image":{"@id":"https:\/\/www.chaletaltitude1600.com\/de\/unternehmen\/#primaryimage"},"thumbnailUrl":"https:\/\/www.chaletaltitude1600.com\/wp-content\/uploads\/2017\/04\/pexels-photo-38892.jpeg","datePublished":"2017-04-21T09:35:02+00:00","dateModified":"2017-09-11T18:35:25+00:00","description":"Unsere atemberaubende Lage in den Schweizer Alpen ist die perfekte Belohnung f\u00fcr Teams oder Firmenkunden. Und Sie k\u00f6nnen sich in dem Wissen entspannen,","breadcrumb":{"@id":"https:\/\/www.chaletaltitude1600.com\/de\/unternehmen\/#breadcrumb"},"inLanguage":"de","potentialAction":[{"@type":"ReadAction","target":["https:\/\/www.chaletaltitude1600.com\/de\/unternehmen\/"]}]},{"@type":"ImageObject","inLanguage":"de","@id":"https:\/\/www.chaletaltitude1600.com\/de\/unternehmen\/#primaryimage","url":"https:\/\/www.chaletaltitude1600.com\/wp-content\/uploads\/2017\/04\/pexels-photo-38892.jpeg","contentUrl":"https:\/\/www.chaletaltitude1600.com\/wp-content\/uploads\/2017\/04\/pexels-photo-38892.jpeg","width":4000,"height":2660,"caption":"Photograph 047 by Lauren Mancke found on minimography.com"},{"@type":"BreadcrumbList","@id":"https:\/\/www.chaletaltitude1600.com\/de\/unternehmen\/#breadcrumb","itemListElement":[{"@type":"ListItem","position":1,"name":"Home","item":"https:\/\/www.chaletaltitude1600.com\/de\/"},{"@type":"ListItem","position":2,"name":"Unternehmen"}]},{"@type":"WebSite","@id":"https:\/\/www.chaletaltitude1600.com\/de\/#website","url":"https:\/\/www.chaletaltitude1600.com\/de\/","name":"Chalet Altitude 1600","description":"Luxury Ski Chalet in Nendaz Switzerland","publisher":{"@id":"https:\/\/www.chaletaltitude1600.com\/de\/#organization"},"potentialAction":[{"@type":"SearchAction","target":{"@type":"EntryPoint","urlTemplate":"https:\/\/www.chaletaltitude1600.com\/de\/?s={search_term_string}"},"query-input":{"@type":"PropertyValueSpecification","valueRequired":true,"valueName":"search_term_string"}}],"inLanguage":"de"},{"@type":"Organization","@id":"https:\/\/www.chaletaltitude1600.com\/de\/#organization","name":"Chalet Altitude 1600","url":"https:\/\/www.chaletaltitude1600.com\/de\/","logo":{"@type":"ImageObject","inLanguage":"de","@id":"https:\/\/www.chaletaltitude1600.com\/de\/#\/schema\/logo\/image\/","url":"https:\/\/www.chaletaltitude1600.com\/wp-content\/uploads\/2017\/07\/chalet-logo.png","contentUrl":"https:\/\/www.chaletaltitude1600.com\/wp-content\/uploads\/2017\/07\/chalet-logo.png","width":70,"height":78,"caption":"Chalet Altitude 1600"},"image":{"@id":"https:\/\/www.chaletaltitude1600.com\/de\/#\/schema\/logo\/image\/"},"sameAs":["https:\/\/www.facebook.com\/chaletaltitude1600","https:\/\/x.com\/altitude1600","http:\/\/altitude1600","https:\/\/www.linkedin.com\/company-beta\/504047","https:\/\/www.pinterest.co.uk\/altitude1600\/","http:\/\/youtube.com\/c\/ChaletAltitude1600insiderguide"]}]}},"_links":{"self":[{"href":"https:\/\/www.chaletaltitude1600.com\/de\/wp-json\/wp\/v2\/pages\/566","targetHints":{"allow":["GET"]}}],"collection":[{"href":"https:\/\/www.chaletaltitude1600.com\/de\/wp-json\/wp\/v2\/pages"}],"about":[{"href":"https:\/\/www.chaletaltitude1600.com\/de\/wp-json\/wp\/v2\/types\/page"}],"author":[{"embeddable":true,"href":"https:\/\/www.chaletaltitude1600.com\/de\/wp-json\/wp\/v2\/users\/1"}],"replies":[{"embeddable":true,"href":"https:\/\/www.chaletaltitude1600.com\/de\/wp-json\/wp\/v2\/comments?post=566"}],"version-history":[{"count":0,"href":"https:\/\/www.chaletaltitude1600.com\/de\/wp-json\/wp\/v2\/pages\/566\/revisions"}],"wp:featuredmedia":[{"embeddable":true,"href":"https:\/\/www.chaletaltitude1600.com\/de\/wp-json\/wp\/v2\/media\/328"}],"wp:attachment":[{"href":"https:\/\/www.chaletaltitude1600.com\/de\/wp-json\/wp\/v2\/media?parent=566"}],"curies":[{"name":"wp","href":"https:\/\/api.w.org\/{rel}","templated":true}]}}