{"id":564,"date":"2017-04-21T10:34:22","date_gmt":"2017-04-21T09:34:22","guid":{"rendered":"https:\/\/www.chaletaltitude1600.com\/the-chalet\/services\/"},"modified":"2018-03-09T10:21:42","modified_gmt":"2018-03-09T10:21:42","slug":"dienstleistungen","status":"publish","type":"page","link":"https:\/\/www.chaletaltitude1600.com\/de\/the-chalet\/dienstleistungen\/","title":{"rendered":"Angebot und Dienstleistungen"},"content":{"rendered":"<p>Unser makellos gestaltetes und m\u00f6blierters Chalet ist voller Details und luxuri\u00f6sen Besonderheiten und wir k\u00f6nnen Sie entweder von morgens bis abends verw\u00f6hnen oder Sie total in Ruhe lassen, wir richten uns ganz nach Ihren W\u00fcnschen.<\/p>\n","protected":false},"excerpt":{"rendered":"<p>Unser makellos gestaltetes und m\u00f6blierters Chalet ist voller Details und luxuri\u00f6sen Besonderheiten und wir k\u00f6nnen Sie entweder von morgens bis abends verw\u00f6hnen oder Sie total in Ruhe lassen, wir richten uns ganz nach Ihren W\u00fcnschen.<\/p>\n","protected":false},"author":1,"featured_media":325,"parent":563,"menu_order":0,"comment_status":"closed","ping_status":"closed","template":"page-chalet.php","meta":{"_acf_changed":false,"footnotes":""},"class_list":["post-564","page","type-page","status-publish","has-post-thumbnail","hentry"],"acf":[],"yoast_head":"<!-- This site is optimized with the Yoast SEO plugin v24.1 - https:\/\/yoast.com\/wordpress\/plugins\/seo\/ -->\n<title>Angebot und Dienstleistungen | Chalet Altitude 1600<\/title>\n<meta name=\"description\" content=\"Unser makellos gestaltetes und m\u00f6blierters Chalet ist voller Details und luxuri\u00f6sen Besonderheiten und wir k\u00f6nnen Sie entweder von morgens bis abends\" \/>\n<meta name=\"robots\" content=\"index, follow, max-snippet:-1, max-image-preview:large, max-video-preview:-1\" \/>\n<link rel=\"canonical\" href=\"https:\/\/www.chaletaltitude1600.com\/de\/the-chalet\/dienstleistungen\/\" \/>\n<meta property=\"og:locale\" content=\"de_DE\" \/>\n<meta property=\"og:type\" content=\"article\" \/>\n<meta property=\"og:title\" content=\"Angebot und Dienstleistungen | Chalet Altitude 1600\" \/>\n<meta property=\"og:description\" content=\"Unser makellos gestaltetes und m\u00f6blierters Chalet ist voller Details und luxuri\u00f6sen Besonderheiten und wir k\u00f6nnen Sie entweder von morgens bis abends\" \/>\n<meta property=\"og:url\" content=\"https:\/\/www.chaletaltitude1600.com\/de\/the-chalet\/dienstleistungen\/\" \/>\n<meta property=\"og:site_name\" content=\"Chalet Altitude 1600\" \/>\n<meta property=\"article:publisher\" content=\"https:\/\/www.facebook.com\/chaletaltitude1600\" \/>\n<meta property=\"article:modified_time\" content=\"2018-03-09T10:21:42+00:00\" \/>\n<meta property=\"og:image\" content=\"https:\/\/www.chaletaltitude1600.com\/wp-content\/uploads\/2017\/04\/services.jpg\" \/>\n\t<meta property=\"og:image:width\" content=\"800\" \/>\n\t<meta property=\"og:image:height\" content=\"800\" \/>\n\t<meta property=\"og:image:type\" content=\"image\/jpeg\" \/>\n<meta name=\"twitter:card\" content=\"summary_large_image\" \/>\n<meta name=\"twitter:site\" content=\"@altitude1600\" \/>\n<script type=\"application\/ld+json\" class=\"yoast-schema-graph\">{\"@context\":\"https:\/\/schema.org\",\"@graph\":[{\"@type\":\"WebPage\",\"@id\":\"https:\/\/www.chaletaltitude1600.com\/de\/the-chalet\/dienstleistungen\/\",\"url\":\"https:\/\/www.chaletaltitude1600.com\/de\/the-chalet\/dienstleistungen\/\",\"name\":\"Angebot und Dienstleistungen | Chalet Altitude 1600\",\"isPartOf\":{\"@id\":\"https:\/\/www.chaletaltitude1600.com\/de\/#website\"},\"primaryImageOfPage\":{\"@id\":\"https:\/\/www.chaletaltitude1600.com\/de\/the-chalet\/dienstleistungen\/#primaryimage\"},\"image\":{\"@id\":\"https:\/\/www.chaletaltitude1600.com\/de\/the-chalet\/dienstleistungen\/#primaryimage\"},\"thumbnailUrl\":\"https:\/\/www.chaletaltitude1600.com\/wp-content\/uploads\/2017\/04\/services.jpg\",\"datePublished\":\"2017-04-21T09:34:22+00:00\",\"dateModified\":\"2018-03-09T10:21:42+00:00\",\"description\":\"Unser makellos gestaltetes und m\u00f6blierters Chalet ist voller Details und luxuri\u00f6sen Besonderheiten und wir k\u00f6nnen Sie entweder von morgens bis abends\",\"breadcrumb\":{\"@id\":\"https:\/\/www.chaletaltitude1600.com\/de\/the-chalet\/dienstleistungen\/#breadcrumb\"},\"inLanguage\":\"de\",\"potentialAction\":[{\"@type\":\"ReadAction\",\"target\":[\"https:\/\/www.chaletaltitude1600.com\/de\/the-chalet\/dienstleistungen\/\"]}]},{\"@type\":\"ImageObject\",\"inLanguage\":\"de\",\"@id\":\"https:\/\/www.chaletaltitude1600.com\/de\/the-chalet\/dienstleistungen\/#primaryimage\",\"url\":\"https:\/\/www.chaletaltitude1600.com\/wp-content\/uploads\/2017\/04\/services.jpg\",\"contentUrl\":\"https:\/\/www.chaletaltitude1600.com\/wp-content\/uploads\/2017\/04\/services.jpg\",\"width\":800,\"height\":800},{\"@type\":\"BreadcrumbList\",\"@id\":\"https:\/\/www.chaletaltitude1600.com\/de\/the-chalet\/dienstleistungen\/#breadcrumb\",\"itemListElement\":[{\"@type\":\"ListItem\",\"position\":1,\"name\":\"Home\",\"item\":\"https:\/\/www.chaletaltitude1600.com\/de\/\"},{\"@type\":\"ListItem\",\"position\":2,\"name\":\"Das Chalet\",\"item\":\"https:\/\/www.chaletaltitude1600.com\/de\/the-chalet\/\"},{\"@type\":\"ListItem\",\"position\":3,\"name\":\"Angebot und Dienstleistungen\"}]},{\"@type\":\"WebSite\",\"@id\":\"https:\/\/www.chaletaltitude1600.com\/de\/#website\",\"url\":\"https:\/\/www.chaletaltitude1600.com\/de\/\",\"name\":\"Chalet Altitude 1600\",\"description\":\"Luxury Ski Chalet in Nendaz Switzerland\",\"publisher\":{\"@id\":\"https:\/\/www.chaletaltitude1600.com\/de\/#organization\"},\"potentialAction\":[{\"@type\":\"SearchAction\",\"target\":{\"@type\":\"EntryPoint\",\"urlTemplate\":\"https:\/\/www.chaletaltitude1600.com\/de\/?s={search_term_string}\"},\"query-input\":{\"@type\":\"PropertyValueSpecification\",\"valueRequired\":true,\"valueName\":\"search_term_string\"}}],\"inLanguage\":\"de\"},{\"@type\":\"Organization\",\"@id\":\"https:\/\/www.chaletaltitude1600.com\/de\/#organization\",\"name\":\"Chalet Altitude 1600\",\"url\":\"https:\/\/www.chaletaltitude1600.com\/de\/\",\"logo\":{\"@type\":\"ImageObject\",\"inLanguage\":\"de\",\"@id\":\"https:\/\/www.chaletaltitude1600.com\/de\/#\/schema\/logo\/image\/\",\"url\":\"https:\/\/www.chaletaltitude1600.com\/wp-content\/uploads\/2017\/07\/chalet-logo.png\",\"contentUrl\":\"https:\/\/www.chaletaltitude1600.com\/wp-content\/uploads\/2017\/07\/chalet-logo.png\",\"width\":70,\"height\":78,\"caption\":\"Chalet Altitude 1600\"},\"image\":{\"@id\":\"https:\/\/www.chaletaltitude1600.com\/de\/#\/schema\/logo\/image\/\"},\"sameAs\":[\"https:\/\/www.facebook.com\/chaletaltitude1600\",\"https:\/\/x.com\/altitude1600\",\"http:\/\/altitude1600\",\"https:\/\/www.linkedin.com\/company-beta\/504047\",\"https:\/\/www.pinterest.co.uk\/altitude1600\/\",\"http:\/\/youtube.com\/c\/ChaletAltitude1600insiderguide\"]}]}<\/script>\n<!-- \/ Yoast SEO plugin. -->","yoast_head_json":{"title":"Angebot und Dienstleistungen | Chalet Altitude 1600","description":"Unser makellos gestaltetes und m\u00f6blierters Chalet ist voller Details und luxuri\u00f6sen Besonderheiten und wir k\u00f6nnen Sie entweder von morgens bis abends","robots":{"index":"index","follow":"follow","max-snippet":"max-snippet:-1","max-image-preview":"max-image-preview:large","max-video-preview":"max-video-preview:-1"},"canonical":"https:\/\/www.chaletaltitude1600.com\/de\/the-chalet\/dienstleistungen\/","og_locale":"de_DE","og_type":"article","og_title":"Angebot und Dienstleistungen | Chalet Altitude 1600","og_description":"Unser makellos gestaltetes und m\u00f6blierters Chalet ist voller Details und luxuri\u00f6sen Besonderheiten und wir k\u00f6nnen Sie entweder von morgens bis abends","og_url":"https:\/\/www.chaletaltitude1600.com\/de\/the-chalet\/dienstleistungen\/","og_site_name":"Chalet Altitude 1600","article_publisher":"https:\/\/www.facebook.com\/chaletaltitude1600","article_modified_time":"2018-03-09T10:21:42+00:00","og_image":[{"width":800,"height":800,"url":"https:\/\/www.chaletaltitude1600.com\/wp-content\/uploads\/2017\/04\/services.jpg","type":"image\/jpeg"}],"twitter_card":"summary_large_image","twitter_site":"@altitude1600","schema":{"@context":"https:\/\/schema.org","@graph":[{"@type":"WebPage","@id":"https:\/\/www.chaletaltitude1600.com\/de\/the-chalet\/dienstleistungen\/","url":"https:\/\/www.chaletaltitude1600.com\/de\/the-chalet\/dienstleistungen\/","name":"Angebot und Dienstleistungen | Chalet Altitude 1600","isPartOf":{"@id":"https:\/\/www.chaletaltitude1600.com\/de\/#website"},"primaryImageOfPage":{"@id":"https:\/\/www.chaletaltitude1600.com\/de\/the-chalet\/dienstleistungen\/#primaryimage"},"image":{"@id":"https:\/\/www.chaletaltitude1600.com\/de\/the-chalet\/dienstleistungen\/#primaryimage"},"thumbnailUrl":"https:\/\/www.chaletaltitude1600.com\/wp-content\/uploads\/2017\/04\/services.jpg","datePublished":"2017-04-21T09:34:22+00:00","dateModified":"2018-03-09T10:21:42+00:00","description":"Unser makellos gestaltetes und m\u00f6blierters Chalet ist voller Details und luxuri\u00f6sen Besonderheiten und wir k\u00f6nnen Sie entweder von morgens bis abends","breadcrumb":{"@id":"https:\/\/www.chaletaltitude1600.com\/de\/the-chalet\/dienstleistungen\/#breadcrumb"},"inLanguage":"de","potentialAction":[{"@type":"ReadAction","target":["https:\/\/www.chaletaltitude1600.com\/de\/the-chalet\/dienstleistungen\/"]}]},{"@type":"ImageObject","inLanguage":"de","@id":"https:\/\/www.chaletaltitude1600.com\/de\/the-chalet\/dienstleistungen\/#primaryimage","url":"https:\/\/www.chaletaltitude1600.com\/wp-content\/uploads\/2017\/04\/services.jpg","contentUrl":"https:\/\/www.chaletaltitude1600.com\/wp-content\/uploads\/2017\/04\/services.jpg","width":800,"height":800},{"@type":"BreadcrumbList","@id":"https:\/\/www.chaletaltitude1600.com\/de\/the-chalet\/dienstleistungen\/#breadcrumb","itemListElement":[{"@type":"ListItem","position":1,"name":"Home","item":"https:\/\/www.chaletaltitude1600.com\/de\/"},{"@type":"ListItem","position":2,"name":"Das Chalet","item":"https:\/\/www.chaletaltitude1600.com\/de\/the-chalet\/"},{"@type":"ListItem","position":3,"name":"Angebot und Dienstleistungen"}]},{"@type":"WebSite","@id":"https:\/\/www.chaletaltitude1600.com\/de\/#website","url":"https:\/\/www.chaletaltitude1600.com\/de\/","name":"Chalet Altitude 1600","description":"Luxury Ski Chalet in Nendaz Switzerland","publisher":{"@id":"https:\/\/www.chaletaltitude1600.com\/de\/#organization"},"potentialAction":[{"@type":"SearchAction","target":{"@type":"EntryPoint","urlTemplate":"https:\/\/www.chaletaltitude1600.com\/de\/?s={search_term_string}"},"query-input":{"@type":"PropertyValueSpecification","valueRequired":true,"valueName":"search_term_string"}}],"inLanguage":"de"},{"@type":"Organization","@id":"https:\/\/www.chaletaltitude1600.com\/de\/#organization","name":"Chalet Altitude 1600","url":"https:\/\/www.chaletaltitude1600.com\/de\/","logo":{"@type":"ImageObject","inLanguage":"de","@id":"https:\/\/www.chaletaltitude1600.com\/de\/#\/schema\/logo\/image\/","url":"https:\/\/www.chaletaltitude1600.com\/wp-content\/uploads\/2017\/07\/chalet-logo.png","contentUrl":"https:\/\/www.chaletaltitude1600.com\/wp-content\/uploads\/2017\/07\/chalet-logo.png","width":70,"height":78,"caption":"Chalet Altitude 1600"},"image":{"@id":"https:\/\/www.chaletaltitude1600.com\/de\/#\/schema\/logo\/image\/"},"sameAs":["https:\/\/www.facebook.com\/chaletaltitude1600","https:\/\/x.com\/altitude1600","http:\/\/altitude1600","https:\/\/www.linkedin.com\/company-beta\/504047","https:\/\/www.pinterest.co.uk\/altitude1600\/","http:\/\/youtube.com\/c\/ChaletAltitude1600insiderguide"]}]}},"_links":{"self":[{"href":"https:\/\/www.chaletaltitude1600.com\/de\/wp-json\/wp\/v2\/pages\/564","targetHints":{"allow":["GET"]}}],"collection":[{"href":"https:\/\/www.chaletaltitude1600.com\/de\/wp-json\/wp\/v2\/pages"}],"about":[{"href":"https:\/\/www.chaletaltitude1600.com\/de\/wp-json\/wp\/v2\/types\/page"}],"author":[{"embeddable":true,"href":"https:\/\/www.chaletaltitude1600.com\/de\/wp-json\/wp\/v2\/users\/1"}],"replies":[{"embeddable":true,"href":"https:\/\/www.chaletaltitude1600.com\/de\/wp-json\/wp\/v2\/comments?post=564"}],"version-history":[{"count":0,"href":"https:\/\/www.chaletaltitude1600.com\/de\/wp-json\/wp\/v2\/pages\/564\/revisions"}],"up":[{"embeddable":true,"href":"https:\/\/www.chaletaltitude1600.com\/de\/wp-json\/wp\/v2\/pages\/563"}],"wp:featuredmedia":[{"embeddable":true,"href":"https:\/\/www.chaletaltitude1600.com\/de\/wp-json\/wp\/v2\/media\/325"}],"wp:attachment":[{"href":"https:\/\/www.chaletaltitude1600.com\/de\/wp-json\/wp\/v2\/media?parent=564"}],"curies":[{"name":"wp","href":"https:\/\/api.w.org\/{rel}","templated":true}]}}