{"id":562,"date":"2017-04-21T10:48:31","date_gmt":"2017-04-21T09:48:31","guid":{"rendered":"https:\/\/www.chaletaltitude1600.com\/nendaz-guide\/summer\/"},"modified":"2017-07-07T15:06:16","modified_gmt":"2017-07-07T14:06:16","slug":"sommer","status":"publish","type":"page","link":"https:\/\/www.chaletaltitude1600.com\/de\/reisefuehrer-nendaz\/sommer\/","title":{"rendered":"Sommer"},"content":{"rendered":"<p><strong>Hier in Les 4 Vall\u00e9es, hoch \u00fcber dem Rhonetal, geh\u00f6rt die Landschaft zu den spektakul\u00e4rsten der Welt, und mit dem Schnee ist es nicht anders.<\/strong><\/p>\n<p>Wenn die Sonne w\u00e4hrend der Fr\u00fchlings- und Sommermonate zu scheinen beginnt, erstrahlt das Tal in leuchtenden Farben und nach den langen verschneiten Monaten bl\u00fcht die gesamte Landschaft.<\/p>\n<p>Ab Ende April ist der Schnee geschmolzen, und das Tal \u00f6ffnet sich f\u00fcr eine Vielzahl von Aktivit\u00e4ten f\u00fcr Outdoor-Enthusiasten und Abenteurer: Spazierengehen, Wandern, Radfahren, Klettern, Gleitschirmfliegen und Reiten, um nur einige zu nennen.<\/p>\n<p>Die vier T\u00e4ler passen sich ganz Ihren Urlaubsw\u00fcnschen an. Die Weiden der unteren T\u00e4ler eignen sich hervorragend f\u00fcr sanftes Wandern und Trekking durch die Landschaft der Schweizer Alpen, mit vielen Wanderwegen, die Sie erkunden k\u00f6nnen. Eine idealer Einstieg f\u00fcr den Familienwanderurlaub.<\/p>\n<p>Fahren Sie bis zu den h\u00f6heren Wiesen und Wanderwegen f\u00fcr die Routen f\u00fcr Fortgeschrittene und freuen Sie sich auf malerisches Klettern. Oder genie\u00dfen Sie einfach den atemberaubenden Sonnenaufgang vom Mont Fort aus.<\/p>\n<p>Das Klima w\u00e4hrend der Fr\u00fchjahrs- und Sommermonate variiert von gem\u00e4\u00dfigten 18-19 Grad zu den h\u00f6heren 30 Grad im Juli und August. An den Tagen, an denen es zu hei\u00df f\u00fcr anstrengende Aktivit\u00e4ten ist, gibt es immer noch das Spa-Zentrum in Haute Nendaz!<\/p>\n<p>Besuchen Sie unseren Reisef\u00fchrer f\u00fcr den Fr\u00fchling und Sommer in den Vier T\u00e4lern in der Schweiz, um mehr \u00fcber die Aktivit\u00e4ten zu erfahren, die Sie in einem Sommeralpenurlaub genie\u00dfen k\u00f6nnen.<\/p>\n","protected":false},"excerpt":{"rendered":"<p>Hier in Les 4 Vall\u00e9es, hoch \u00fcber dem Rhonetal, geh\u00f6rt die Landschaft zu den spektakul\u00e4rsten der Welt, und mit dem Schnee ist es nicht anders. Wenn die Sonne w\u00e4hrend der Fr\u00fchlings- und Sommermonate zu scheinen beginnt, erstrahlt das Tal in leuchtenden Farben und nach den langen verschneiten Monaten bl\u00fcht die gesamte Landschaft. Ab Ende April [&hellip;]<\/p>\n","protected":false},"author":1,"featured_media":0,"parent":559,"menu_order":0,"comment_status":"closed","ping_status":"closed","template":"page-child.php","meta":{"_acf_changed":false,"footnotes":""},"class_list":["post-562","page","type-page","status-publish","hentry"],"acf":[],"yoast_head":"<!-- This site is optimized with the Yoast SEO plugin v24.1 - https:\/\/yoast.com\/wordpress\/plugins\/seo\/ -->\n<title>Sommer | Chalet Altitude 1600<\/title>\n<meta name=\"description\" content=\"Hier in Les 4 Vall\u00e9es, hoch \u00fcber dem Rhonetal, geh\u00f6rt die Landschaft zu den spektakul\u00e4rsten der Welt, und mit dem Schnee ist es nicht anders. Wenn die\" \/>\n<meta name=\"robots\" content=\"index, follow, max-snippet:-1, max-image-preview:large, max-video-preview:-1\" \/>\n<link rel=\"canonical\" href=\"https:\/\/www.chaletaltitude1600.com\/de\/reisefuehrer-nendaz\/sommer\/\" \/>\n<meta property=\"og:locale\" content=\"de_DE\" \/>\n<meta property=\"og:type\" content=\"article\" \/>\n<meta property=\"og:title\" content=\"Sommer | Chalet Altitude 1600\" \/>\n<meta property=\"og:description\" content=\"Hier in Les 4 Vall\u00e9es, hoch \u00fcber dem Rhonetal, geh\u00f6rt die Landschaft zu den spektakul\u00e4rsten der Welt, und mit dem Schnee ist es nicht anders. Wenn die\" \/>\n<meta property=\"og:url\" content=\"https:\/\/www.chaletaltitude1600.com\/de\/reisefuehrer-nendaz\/sommer\/\" \/>\n<meta property=\"og:site_name\" content=\"Chalet Altitude 1600\" \/>\n<meta property=\"article:publisher\" content=\"https:\/\/www.facebook.com\/chaletaltitude1600\" \/>\n<meta property=\"article:modified_time\" content=\"2017-07-07T14:06:16+00:00\" \/>\n<meta property=\"og:image\" content=\"https:\/\/www.chaletaltitude1600.com\/wp-content\/uploads\/2017\/07\/10941145_795580000490011_4055922966584981273_n.png\" \/>\n\t<meta property=\"og:image:width\" content=\"200\" \/>\n\t<meta property=\"og:image:height\" content=\"200\" \/>\n\t<meta property=\"og:image:type\" content=\"image\/png\" \/>\n<meta name=\"twitter:card\" content=\"summary_large_image\" \/>\n<meta name=\"twitter:site\" content=\"@altitude1600\" \/>\n<meta name=\"twitter:label1\" content=\"Gesch\u00e4tzte Lesezeit\" \/>\n\t<meta name=\"twitter:data1\" content=\"1\u00a0Minute\" \/>\n<script type=\"application\/ld+json\" class=\"yoast-schema-graph\">{\"@context\":\"https:\/\/schema.org\",\"@graph\":[{\"@type\":\"WebPage\",\"@id\":\"https:\/\/www.chaletaltitude1600.com\/de\/reisefuehrer-nendaz\/sommer\/\",\"url\":\"https:\/\/www.chaletaltitude1600.com\/de\/reisefuehrer-nendaz\/sommer\/\",\"name\":\"Sommer | Chalet Altitude 1600\",\"isPartOf\":{\"@id\":\"https:\/\/www.chaletaltitude1600.com\/de\/#website\"},\"datePublished\":\"2017-04-21T09:48:31+00:00\",\"dateModified\":\"2017-07-07T14:06:16+00:00\",\"description\":\"Hier in Les 4 Vall\u00e9es, hoch \u00fcber dem Rhonetal, geh\u00f6rt die Landschaft zu den spektakul\u00e4rsten der Welt, und mit dem Schnee ist es nicht anders. Wenn die\",\"breadcrumb\":{\"@id\":\"https:\/\/www.chaletaltitude1600.com\/de\/reisefuehrer-nendaz\/sommer\/#breadcrumb\"},\"inLanguage\":\"de\",\"potentialAction\":[{\"@type\":\"ReadAction\",\"target\":[\"https:\/\/www.chaletaltitude1600.com\/de\/reisefuehrer-nendaz\/sommer\/\"]}]},{\"@type\":\"BreadcrumbList\",\"@id\":\"https:\/\/www.chaletaltitude1600.com\/de\/reisefuehrer-nendaz\/sommer\/#breadcrumb\",\"itemListElement\":[{\"@type\":\"ListItem\",\"position\":1,\"name\":\"Home\",\"item\":\"https:\/\/www.chaletaltitude1600.com\/de\/\"},{\"@type\":\"ListItem\",\"position\":2,\"name\":\"Reisef\u00fchrer Nendaz\",\"item\":\"https:\/\/www.chaletaltitude1600.com\/de\/reisefuehrer-nendaz\/\"},{\"@type\":\"ListItem\",\"position\":3,\"name\":\"Sommer\"}]},{\"@type\":\"WebSite\",\"@id\":\"https:\/\/www.chaletaltitude1600.com\/de\/#website\",\"url\":\"https:\/\/www.chaletaltitude1600.com\/de\/\",\"name\":\"Chalet Altitude 1600\",\"description\":\"Luxury Ski Chalet in Nendaz Switzerland\",\"publisher\":{\"@id\":\"https:\/\/www.chaletaltitude1600.com\/de\/#organization\"},\"potentialAction\":[{\"@type\":\"SearchAction\",\"target\":{\"@type\":\"EntryPoint\",\"urlTemplate\":\"https:\/\/www.chaletaltitude1600.com\/de\/?s={search_term_string}\"},\"query-input\":{\"@type\":\"PropertyValueSpecification\",\"valueRequired\":true,\"valueName\":\"search_term_string\"}}],\"inLanguage\":\"de\"},{\"@type\":\"Organization\",\"@id\":\"https:\/\/www.chaletaltitude1600.com\/de\/#organization\",\"name\":\"Chalet Altitude 1600\",\"url\":\"https:\/\/www.chaletaltitude1600.com\/de\/\",\"logo\":{\"@type\":\"ImageObject\",\"inLanguage\":\"de\",\"@id\":\"https:\/\/www.chaletaltitude1600.com\/de\/#\/schema\/logo\/image\/\",\"url\":\"https:\/\/www.chaletaltitude1600.com\/wp-content\/uploads\/2017\/07\/chalet-logo.png\",\"contentUrl\":\"https:\/\/www.chaletaltitude1600.com\/wp-content\/uploads\/2017\/07\/chalet-logo.png\",\"width\":70,\"height\":78,\"caption\":\"Chalet Altitude 1600\"},\"image\":{\"@id\":\"https:\/\/www.chaletaltitude1600.com\/de\/#\/schema\/logo\/image\/\"},\"sameAs\":[\"https:\/\/www.facebook.com\/chaletaltitude1600\",\"https:\/\/x.com\/altitude1600\",\"http:\/\/altitude1600\",\"https:\/\/www.linkedin.com\/company-beta\/504047\",\"https:\/\/www.pinterest.co.uk\/altitude1600\/\",\"http:\/\/youtube.com\/c\/ChaletAltitude1600insiderguide\"]}]}<\/script>\n<!-- \/ Yoast SEO plugin. -->","yoast_head_json":{"title":"Sommer | Chalet Altitude 1600","description":"Hier in Les 4 Vall\u00e9es, hoch \u00fcber dem Rhonetal, geh\u00f6rt die Landschaft zu den spektakul\u00e4rsten der Welt, und mit dem Schnee ist es nicht anders. Wenn die","robots":{"index":"index","follow":"follow","max-snippet":"max-snippet:-1","max-image-preview":"max-image-preview:large","max-video-preview":"max-video-preview:-1"},"canonical":"https:\/\/www.chaletaltitude1600.com\/de\/reisefuehrer-nendaz\/sommer\/","og_locale":"de_DE","og_type":"article","og_title":"Sommer | Chalet Altitude 1600","og_description":"Hier in Les 4 Vall\u00e9es, hoch \u00fcber dem Rhonetal, geh\u00f6rt die Landschaft zu den spektakul\u00e4rsten der Welt, und mit dem Schnee ist es nicht anders. Wenn die","og_url":"https:\/\/www.chaletaltitude1600.com\/de\/reisefuehrer-nendaz\/sommer\/","og_site_name":"Chalet Altitude 1600","article_publisher":"https:\/\/www.facebook.com\/chaletaltitude1600","article_modified_time":"2017-07-07T14:06:16+00:00","og_image":[{"width":200,"height":200,"url":"https:\/\/www.chaletaltitude1600.com\/wp-content\/uploads\/2017\/07\/10941145_795580000490011_4055922966584981273_n.png","type":"image\/png"}],"twitter_card":"summary_large_image","twitter_site":"@altitude1600","twitter_misc":{"Gesch\u00e4tzte Lesezeit":"1\u00a0Minute"},"schema":{"@context":"https:\/\/schema.org","@graph":[{"@type":"WebPage","@id":"https:\/\/www.chaletaltitude1600.com\/de\/reisefuehrer-nendaz\/sommer\/","url":"https:\/\/www.chaletaltitude1600.com\/de\/reisefuehrer-nendaz\/sommer\/","name":"Sommer | Chalet Altitude 1600","isPartOf":{"@id":"https:\/\/www.chaletaltitude1600.com\/de\/#website"},"datePublished":"2017-04-21T09:48:31+00:00","dateModified":"2017-07-07T14:06:16+00:00","description":"Hier in Les 4 Vall\u00e9es, hoch \u00fcber dem Rhonetal, geh\u00f6rt die Landschaft zu den spektakul\u00e4rsten der Welt, und mit dem Schnee ist es nicht anders. Wenn die","breadcrumb":{"@id":"https:\/\/www.chaletaltitude1600.com\/de\/reisefuehrer-nendaz\/sommer\/#breadcrumb"},"inLanguage":"de","potentialAction":[{"@type":"ReadAction","target":["https:\/\/www.chaletaltitude1600.com\/de\/reisefuehrer-nendaz\/sommer\/"]}]},{"@type":"BreadcrumbList","@id":"https:\/\/www.chaletaltitude1600.com\/de\/reisefuehrer-nendaz\/sommer\/#breadcrumb","itemListElement":[{"@type":"ListItem","position":1,"name":"Home","item":"https:\/\/www.chaletaltitude1600.com\/de\/"},{"@type":"ListItem","position":2,"name":"Reisef\u00fchrer Nendaz","item":"https:\/\/www.chaletaltitude1600.com\/de\/reisefuehrer-nendaz\/"},{"@type":"ListItem","position":3,"name":"Sommer"}]},{"@type":"WebSite","@id":"https:\/\/www.chaletaltitude1600.com\/de\/#website","url":"https:\/\/www.chaletaltitude1600.com\/de\/","name":"Chalet Altitude 1600","description":"Luxury Ski Chalet in Nendaz Switzerland","publisher":{"@id":"https:\/\/www.chaletaltitude1600.com\/de\/#organization"},"potentialAction":[{"@type":"SearchAction","target":{"@type":"EntryPoint","urlTemplate":"https:\/\/www.chaletaltitude1600.com\/de\/?s={search_term_string}"},"query-input":{"@type":"PropertyValueSpecification","valueRequired":true,"valueName":"search_term_string"}}],"inLanguage":"de"},{"@type":"Organization","@id":"https:\/\/www.chaletaltitude1600.com\/de\/#organization","name":"Chalet Altitude 1600","url":"https:\/\/www.chaletaltitude1600.com\/de\/","logo":{"@type":"ImageObject","inLanguage":"de","@id":"https:\/\/www.chaletaltitude1600.com\/de\/#\/schema\/logo\/image\/","url":"https:\/\/www.chaletaltitude1600.com\/wp-content\/uploads\/2017\/07\/chalet-logo.png","contentUrl":"https:\/\/www.chaletaltitude1600.com\/wp-content\/uploads\/2017\/07\/chalet-logo.png","width":70,"height":78,"caption":"Chalet Altitude 1600"},"image":{"@id":"https:\/\/www.chaletaltitude1600.com\/de\/#\/schema\/logo\/image\/"},"sameAs":["https:\/\/www.facebook.com\/chaletaltitude1600","https:\/\/x.com\/altitude1600","http:\/\/altitude1600","https:\/\/www.linkedin.com\/company-beta\/504047","https:\/\/www.pinterest.co.uk\/altitude1600\/","http:\/\/youtube.com\/c\/ChaletAltitude1600insiderguide"]}]}},"_links":{"self":[{"href":"https:\/\/www.chaletaltitude1600.com\/de\/wp-json\/wp\/v2\/pages\/562","targetHints":{"allow":["GET"]}}],"collection":[{"href":"https:\/\/www.chaletaltitude1600.com\/de\/wp-json\/wp\/v2\/pages"}],"about":[{"href":"https:\/\/www.chaletaltitude1600.com\/de\/wp-json\/wp\/v2\/types\/page"}],"author":[{"embeddable":true,"href":"https:\/\/www.chaletaltitude1600.com\/de\/wp-json\/wp\/v2\/users\/1"}],"replies":[{"embeddable":true,"href":"https:\/\/www.chaletaltitude1600.com\/de\/wp-json\/wp\/v2\/comments?post=562"}],"version-history":[{"count":0,"href":"https:\/\/www.chaletaltitude1600.com\/de\/wp-json\/wp\/v2\/pages\/562\/revisions"}],"up":[{"embeddable":true,"href":"https:\/\/www.chaletaltitude1600.com\/de\/wp-json\/wp\/v2\/pages\/559"}],"wp:attachment":[{"href":"https:\/\/www.chaletaltitude1600.com\/de\/wp-json\/wp\/v2\/media?parent=562"}],"curies":[{"name":"wp","href":"https:\/\/api.w.org\/{rel}","templated":true}]}}