{"id":560,"date":"2017-04-21T10:37:07","date_gmt":"2017-04-21T09:37:07","guid":{"rendered":"https:\/\/www.chaletaltitude1600.com\/nendaz-guide\/nendaz-ski-guide\/"},"modified":"2017-07-07T15:03:57","modified_gmt":"2017-07-07T14:03:57","slug":"ski","status":"publish","type":"page","link":"https:\/\/www.chaletaltitude1600.com\/de\/reisefuehrer-nendaz\/ski\/","title":{"rendered":"Ski"},"content":{"rendered":"<div id=\"ez-toc-container\" class=\"ez-toc-v2_0_71 counter-hierarchy ez-toc-counter ez-toc-light-blue ez-toc-container-direction\">\n<div class=\"ez-toc-title-container\"><p class=\"ez-toc-title\" style=\"cursor:inherit\">Table of Contents<\/p>\n<\/div><nav><ul class='ez-toc-list ez-toc-list-level-1 ' ><li class='ez-toc-page-1 ez-toc-heading-level-4'><a class=\"ez-toc-link ez-toc-heading-1\" href=\"https:\/\/www.chaletaltitude1600.com\/de\/reisefuehrer-nendaz\/ski\/#4_Vallees\" title=\"4 Vall\u00e9es\">4 Vall\u00e9es<\/a><\/li><li class='ez-toc-page-1 ez-toc-heading-level-4'><a class=\"ez-toc-link ez-toc-heading-2\" href=\"https:\/\/www.chaletaltitude1600.com\/de\/reisefuehrer-nendaz\/ski\/#Sektor_Printse\" title=\"Sektor Printse\">Sektor Printse<\/a><\/li><li class='ez-toc-page-1 ez-toc-heading-level-4'><a class=\"ez-toc-link ez-toc-heading-3\" href=\"https:\/\/www.chaletaltitude1600.com\/de\/reisefuehrer-nendaz\/ski\/#Familien-Skiurlaub\" title=\"Familien-Skiurlaub\">Familien-Skiurlaub<\/a><\/li><li class='ez-toc-page-1 ez-toc-heading-level-4'><a class=\"ez-toc-link ez-toc-heading-4\" href=\"https:\/\/www.chaletaltitude1600.com\/de\/reisefuehrer-nendaz\/ski\/#4_Vallees_Schnee_Aktivitaeten\" title=\"4 Vall\u00e9es Schnee Aktivit\u00e4ten\">4 Vall\u00e9es Schnee Aktivit\u00e4ten<\/a><\/li><\/ul><\/nav><\/div>\n<h4><span class=\"ez-toc-section\" id=\"4_Vallees\"><\/span>4 Vall\u00e9es<span class=\"ez-toc-section-end\"><\/span><\/h4>\n<p>Les 4 Vall\u00e9es ist das gr\u00f6sste Skigebiet der Schweiz mit \u00fcber 400 km Pisten, Weltklasse-Tiefschneepisten und Backcountry-Gel\u00e4nde f\u00fcr Fortgeschrittene. Fahren Sie bis zum Mont Fort bei elektrisierenden 3330 Metern H\u00f6he.<\/p>\n<ul>\n<li>412 km Pisten<\/li>\n<li>92 Bergbahnen<\/li>\n<li>47 km schneesichere Pisten<\/li>\n<\/ul>\n<h4><span class=\"ez-toc-section\" id=\"Sektor_Printse\"><\/span>Sektor Printse<span class=\"ez-toc-section-end\"><\/span><\/h4>\n<p>Mit einem einzigen Pass k\u00f6nnen Sie von Haute-Nendaz, nach Siviez, Veysonnaz und Thyon Ski fahren. Dies ist bekannt als Sector Printse, wo Sie \u00fcber 220 km Pisten f\u00fcr Anf\u00e4nger bis Fortgeschrittene und Snowboarder genie\u00dfen k\u00f6nnen.<\/p>\n<ul>\n<li>220 km Pisten<\/li>\n<li>50 Bergbahnen<\/li>\n<li>35 km schneesichere Pisten<\/li>\n<\/ul>\n<h4><span class=\"ez-toc-section\" id=\"Familien-Skiurlaub\"><\/span>Familien-Skiurlaub<span class=\"ez-toc-section-end\"><\/span><\/h4>\n<p>Nendaz ist ideal f\u00fcr Familien-Skiurlaub mit Pisten f\u00fcr alle K\u00f6nnerstufen und drei guten Skischulen im Dorf. Es gibt zwei ausgezeichnete Skiparks in der Umgebung, die Skikurse f\u00fcr Kinder anbieten.<\/p>\n<p>Die Anf\u00e4ngerparks in Tracouet und Siviez haben unter anderem Baby-Slaloms, Anf\u00e4ngerlifte, Snowtubing-Zone und Reifenkarussells und weitere Aktivit\u00e4ten. Eltern k\u00f6nnen die Kleinen im Auge behalten, w\u00e4hrend sie in einer sicheren Umgebung Unterricht nehmen.<\/p>\n<h4><span class=\"ez-toc-section\" id=\"4_Vallees_Schnee_Aktivitaeten\"><\/span>4 Vall\u00e9es Schnee Aktivit\u00e4ten<span class=\"ez-toc-section-end\"><\/span><\/h4>\n<p>Abgesehen von Skifahren und Snowboarden k\u00f6nnen die G\u00e4ste Schneetouren, Langlauf, gef\u00fchrte Wanderungen, Moonlight Skifahren, Rodeln, Snowtubing, Eislaufen, Gleitschirmfliegen und vieles mehr genie\u00dfen!<\/p>\n<p>Gehen Sie zu unserem Blog, um mehr dar\u00fcber zu erfahren, warum Nendaz das beste Skiurlaubsziel ist und bitten Sie uns, Ihren Unterricht zu buchen oder Ihre Ausr\u00fcstung f\u00fcr Sie zu mieten.<\/p>\n","protected":false},"excerpt":{"rendered":"<p>4 Vall\u00e9es Les 4 Vall\u00e9es ist das gr\u00f6sste Skigebiet der Schweiz mit \u00fcber 400 km Pisten, Weltklasse-Tiefschneepisten und Backcountry-Gel\u00e4nde f\u00fcr Fortgeschrittene. Fahren Sie bis zum Mont Fort bei elektrisierenden 3330 Metern H\u00f6he. 412 km Pisten 92 Bergbahnen 47 km schneesichere Pisten Sektor Printse Mit einem einzigen Pass k\u00f6nnen Sie von Haute-Nendaz, nach Siviez, Veysonnaz und [&hellip;]<\/p>\n","protected":false},"author":1,"featured_media":0,"parent":559,"menu_order":0,"comment_status":"closed","ping_status":"closed","template":"page-child.php","meta":{"_acf_changed":false,"footnotes":""},"class_list":["post-560","page","type-page","status-publish","hentry"],"acf":[],"yoast_head":"<!-- This site is optimized with the Yoast SEO plugin v24.1 - https:\/\/yoast.com\/wordpress\/plugins\/seo\/ -->\n<title>Ski | Chalet Altitude 1600<\/title>\n<meta name=\"description\" content=\"4 Vall\u00e9es Les 4 Vall\u00e9es ist das gr\u00f6sste Skigebiet der Schweiz mit \u00fcber 400 km Pisten, Weltklasse-Tiefschneepisten und Backcountry-Gel\u00e4nde f\u00fcr\" \/>\n<meta name=\"robots\" content=\"index, follow, max-snippet:-1, max-image-preview:large, max-video-preview:-1\" \/>\n<link rel=\"canonical\" href=\"https:\/\/www.chaletaltitude1600.com\/de\/reisefuehrer-nendaz\/ski\/\" \/>\n<meta property=\"og:locale\" content=\"de_DE\" \/>\n<meta property=\"og:type\" content=\"article\" \/>\n<meta property=\"og:title\" content=\"Ski | Chalet Altitude 1600\" \/>\n<meta property=\"og:description\" content=\"4 Vall\u00e9es Les 4 Vall\u00e9es ist das gr\u00f6sste Skigebiet der Schweiz mit \u00fcber 400 km Pisten, Weltklasse-Tiefschneepisten und Backcountry-Gel\u00e4nde f\u00fcr\" \/>\n<meta property=\"og:url\" content=\"https:\/\/www.chaletaltitude1600.com\/de\/reisefuehrer-nendaz\/ski\/\" \/>\n<meta property=\"og:site_name\" content=\"Chalet Altitude 1600\" \/>\n<meta property=\"article:publisher\" content=\"https:\/\/www.facebook.com\/chaletaltitude1600\" \/>\n<meta property=\"article:modified_time\" content=\"2017-07-07T14:03:57+00:00\" \/>\n<meta property=\"og:image\" content=\"https:\/\/www.chaletaltitude1600.com\/wp-content\/uploads\/2017\/07\/10941145_795580000490011_4055922966584981273_n.png\" \/>\n\t<meta property=\"og:image:width\" content=\"200\" \/>\n\t<meta property=\"og:image:height\" content=\"200\" \/>\n\t<meta property=\"og:image:type\" content=\"image\/png\" \/>\n<meta name=\"twitter:card\" content=\"summary_large_image\" \/>\n<meta name=\"twitter:site\" content=\"@altitude1600\" \/>\n<meta name=\"twitter:label1\" content=\"Gesch\u00e4tzte Lesezeit\" \/>\n\t<meta name=\"twitter:data1\" content=\"1\u00a0Minute\" \/>\n<script type=\"application\/ld+json\" class=\"yoast-schema-graph\">{\"@context\":\"https:\/\/schema.org\",\"@graph\":[{\"@type\":\"WebPage\",\"@id\":\"https:\/\/www.chaletaltitude1600.com\/de\/reisefuehrer-nendaz\/ski\/\",\"url\":\"https:\/\/www.chaletaltitude1600.com\/de\/reisefuehrer-nendaz\/ski\/\",\"name\":\"Ski | Chalet Altitude 1600\",\"isPartOf\":{\"@id\":\"https:\/\/www.chaletaltitude1600.com\/de\/#website\"},\"datePublished\":\"2017-04-21T09:37:07+00:00\",\"dateModified\":\"2017-07-07T14:03:57+00:00\",\"description\":\"4 Vall\u00e9es Les 4 Vall\u00e9es ist das gr\u00f6sste Skigebiet der Schweiz mit \u00fcber 400 km Pisten, Weltklasse-Tiefschneepisten und Backcountry-Gel\u00e4nde f\u00fcr\",\"breadcrumb\":{\"@id\":\"https:\/\/www.chaletaltitude1600.com\/de\/reisefuehrer-nendaz\/ski\/#breadcrumb\"},\"inLanguage\":\"de\",\"potentialAction\":[{\"@type\":\"ReadAction\",\"target\":[\"https:\/\/www.chaletaltitude1600.com\/de\/reisefuehrer-nendaz\/ski\/\"]}]},{\"@type\":\"BreadcrumbList\",\"@id\":\"https:\/\/www.chaletaltitude1600.com\/de\/reisefuehrer-nendaz\/ski\/#breadcrumb\",\"itemListElement\":[{\"@type\":\"ListItem\",\"position\":1,\"name\":\"Home\",\"item\":\"https:\/\/www.chaletaltitude1600.com\/de\/\"},{\"@type\":\"ListItem\",\"position\":2,\"name\":\"Reisef\u00fchrer Nendaz\",\"item\":\"https:\/\/www.chaletaltitude1600.com\/de\/reisefuehrer-nendaz\/\"},{\"@type\":\"ListItem\",\"position\":3,\"name\":\"Ski\"}]},{\"@type\":\"WebSite\",\"@id\":\"https:\/\/www.chaletaltitude1600.com\/de\/#website\",\"url\":\"https:\/\/www.chaletaltitude1600.com\/de\/\",\"name\":\"Chalet Altitude 1600\",\"description\":\"Luxury Ski Chalet in Nendaz Switzerland\",\"publisher\":{\"@id\":\"https:\/\/www.chaletaltitude1600.com\/de\/#organization\"},\"potentialAction\":[{\"@type\":\"SearchAction\",\"target\":{\"@type\":\"EntryPoint\",\"urlTemplate\":\"https:\/\/www.chaletaltitude1600.com\/de\/?s={search_term_string}\"},\"query-input\":{\"@type\":\"PropertyValueSpecification\",\"valueRequired\":true,\"valueName\":\"search_term_string\"}}],\"inLanguage\":\"de\"},{\"@type\":\"Organization\",\"@id\":\"https:\/\/www.chaletaltitude1600.com\/de\/#organization\",\"name\":\"Chalet Altitude 1600\",\"url\":\"https:\/\/www.chaletaltitude1600.com\/de\/\",\"logo\":{\"@type\":\"ImageObject\",\"inLanguage\":\"de\",\"@id\":\"https:\/\/www.chaletaltitude1600.com\/de\/#\/schema\/logo\/image\/\",\"url\":\"https:\/\/www.chaletaltitude1600.com\/wp-content\/uploads\/2017\/07\/chalet-logo.png\",\"contentUrl\":\"https:\/\/www.chaletaltitude1600.com\/wp-content\/uploads\/2017\/07\/chalet-logo.png\",\"width\":70,\"height\":78,\"caption\":\"Chalet Altitude 1600\"},\"image\":{\"@id\":\"https:\/\/www.chaletaltitude1600.com\/de\/#\/schema\/logo\/image\/\"},\"sameAs\":[\"https:\/\/www.facebook.com\/chaletaltitude1600\",\"https:\/\/x.com\/altitude1600\",\"http:\/\/altitude1600\",\"https:\/\/www.linkedin.com\/company-beta\/504047\",\"https:\/\/www.pinterest.co.uk\/altitude1600\/\",\"http:\/\/youtube.com\/c\/ChaletAltitude1600insiderguide\"]}]}<\/script>\n<!-- \/ Yoast SEO plugin. -->","yoast_head_json":{"title":"Ski | Chalet Altitude 1600","description":"4 Vall\u00e9es Les 4 Vall\u00e9es ist das gr\u00f6sste Skigebiet der Schweiz mit \u00fcber 400 km Pisten, Weltklasse-Tiefschneepisten und Backcountry-Gel\u00e4nde f\u00fcr","robots":{"index":"index","follow":"follow","max-snippet":"max-snippet:-1","max-image-preview":"max-image-preview:large","max-video-preview":"max-video-preview:-1"},"canonical":"https:\/\/www.chaletaltitude1600.com\/de\/reisefuehrer-nendaz\/ski\/","og_locale":"de_DE","og_type":"article","og_title":"Ski | Chalet Altitude 1600","og_description":"4 Vall\u00e9es Les 4 Vall\u00e9es ist das gr\u00f6sste Skigebiet der Schweiz mit \u00fcber 400 km Pisten, Weltklasse-Tiefschneepisten und Backcountry-Gel\u00e4nde f\u00fcr","og_url":"https:\/\/www.chaletaltitude1600.com\/de\/reisefuehrer-nendaz\/ski\/","og_site_name":"Chalet Altitude 1600","article_publisher":"https:\/\/www.facebook.com\/chaletaltitude1600","article_modified_time":"2017-07-07T14:03:57+00:00","og_image":[{"width":200,"height":200,"url":"https:\/\/www.chaletaltitude1600.com\/wp-content\/uploads\/2017\/07\/10941145_795580000490011_4055922966584981273_n.png","type":"image\/png"}],"twitter_card":"summary_large_image","twitter_site":"@altitude1600","twitter_misc":{"Gesch\u00e4tzte Lesezeit":"1\u00a0Minute"},"schema":{"@context":"https:\/\/schema.org","@graph":[{"@type":"WebPage","@id":"https:\/\/www.chaletaltitude1600.com\/de\/reisefuehrer-nendaz\/ski\/","url":"https:\/\/www.chaletaltitude1600.com\/de\/reisefuehrer-nendaz\/ski\/","name":"Ski | Chalet Altitude 1600","isPartOf":{"@id":"https:\/\/www.chaletaltitude1600.com\/de\/#website"},"datePublished":"2017-04-21T09:37:07+00:00","dateModified":"2017-07-07T14:03:57+00:00","description":"4 Vall\u00e9es Les 4 Vall\u00e9es ist das gr\u00f6sste Skigebiet der Schweiz mit \u00fcber 400 km Pisten, Weltklasse-Tiefschneepisten und Backcountry-Gel\u00e4nde f\u00fcr","breadcrumb":{"@id":"https:\/\/www.chaletaltitude1600.com\/de\/reisefuehrer-nendaz\/ski\/#breadcrumb"},"inLanguage":"de","potentialAction":[{"@type":"ReadAction","target":["https:\/\/www.chaletaltitude1600.com\/de\/reisefuehrer-nendaz\/ski\/"]}]},{"@type":"BreadcrumbList","@id":"https:\/\/www.chaletaltitude1600.com\/de\/reisefuehrer-nendaz\/ski\/#breadcrumb","itemListElement":[{"@type":"ListItem","position":1,"name":"Home","item":"https:\/\/www.chaletaltitude1600.com\/de\/"},{"@type":"ListItem","position":2,"name":"Reisef\u00fchrer Nendaz","item":"https:\/\/www.chaletaltitude1600.com\/de\/reisefuehrer-nendaz\/"},{"@type":"ListItem","position":3,"name":"Ski"}]},{"@type":"WebSite","@id":"https:\/\/www.chaletaltitude1600.com\/de\/#website","url":"https:\/\/www.chaletaltitude1600.com\/de\/","name":"Chalet Altitude 1600","description":"Luxury Ski Chalet in Nendaz Switzerland","publisher":{"@id":"https:\/\/www.chaletaltitude1600.com\/de\/#organization"},"potentialAction":[{"@type":"SearchAction","target":{"@type":"EntryPoint","urlTemplate":"https:\/\/www.chaletaltitude1600.com\/de\/?s={search_term_string}"},"query-input":{"@type":"PropertyValueSpecification","valueRequired":true,"valueName":"search_term_string"}}],"inLanguage":"de"},{"@type":"Organization","@id":"https:\/\/www.chaletaltitude1600.com\/de\/#organization","name":"Chalet Altitude 1600","url":"https:\/\/www.chaletaltitude1600.com\/de\/","logo":{"@type":"ImageObject","inLanguage":"de","@id":"https:\/\/www.chaletaltitude1600.com\/de\/#\/schema\/logo\/image\/","url":"https:\/\/www.chaletaltitude1600.com\/wp-content\/uploads\/2017\/07\/chalet-logo.png","contentUrl":"https:\/\/www.chaletaltitude1600.com\/wp-content\/uploads\/2017\/07\/chalet-logo.png","width":70,"height":78,"caption":"Chalet Altitude 1600"},"image":{"@id":"https:\/\/www.chaletaltitude1600.com\/de\/#\/schema\/logo\/image\/"},"sameAs":["https:\/\/www.facebook.com\/chaletaltitude1600","https:\/\/x.com\/altitude1600","http:\/\/altitude1600","https:\/\/www.linkedin.com\/company-beta\/504047","https:\/\/www.pinterest.co.uk\/altitude1600\/","http:\/\/youtube.com\/c\/ChaletAltitude1600insiderguide"]}]}},"_links":{"self":[{"href":"https:\/\/www.chaletaltitude1600.com\/de\/wp-json\/wp\/v2\/pages\/560","targetHints":{"allow":["GET"]}}],"collection":[{"href":"https:\/\/www.chaletaltitude1600.com\/de\/wp-json\/wp\/v2\/pages"}],"about":[{"href":"https:\/\/www.chaletaltitude1600.com\/de\/wp-json\/wp\/v2\/types\/page"}],"author":[{"embeddable":true,"href":"https:\/\/www.chaletaltitude1600.com\/de\/wp-json\/wp\/v2\/users\/1"}],"replies":[{"embeddable":true,"href":"https:\/\/www.chaletaltitude1600.com\/de\/wp-json\/wp\/v2\/comments?post=560"}],"version-history":[{"count":0,"href":"https:\/\/www.chaletaltitude1600.com\/de\/wp-json\/wp\/v2\/pages\/560\/revisions"}],"up":[{"embeddable":true,"href":"https:\/\/www.chaletaltitude1600.com\/de\/wp-json\/wp\/v2\/pages\/559"}],"wp:attachment":[{"href":"https:\/\/www.chaletaltitude1600.com\/de\/wp-json\/wp\/v2\/media?parent=560"}],"curies":[{"name":"wp","href":"https:\/\/api.w.org\/{rel}","templated":true}]}}